{"id":25787,"date":"2025-03-01T23:24:44","date_gmt":"2025-03-01T22:24:44","guid":{"rendered":"http:\/\/housesaleitaly.com\/?page_id=25787"},"modified":"2026-02-13T12:06:20","modified_gmt":"2026-02-13T11:06:20","slug":"case-in-vendita-a-bordighera","status":"publish","type":"page","link":"https:\/\/housesaleitaly.com\/it\/case-in-vendita-a-bordighera\/","title":{"rendered":"Case in vendita a Bordighera"},"content":{"rendered":"\t\t<div data-elementor-type=\"wp-page\" data-elementor-id=\"25787\" class=\"elementor elementor-25787 elementor-25477\">\n\t\t\t\t<div class=\"elementor-element elementor-element-40c0362d e-flex e-con-boxed wpr-particle-no wpr-jarallax-no wpr-parallax-no wpr-sticky-section-no wpr-equal-height-no e-con e-parent\" data-id=\"40c0362d\" data-element_type=\"container\" data-e-type=\"container\">\n\t\t\t\t\t<div class=\"e-con-inner\">\n\t\t\t\t<div class=\"elementor-element elementor-element-8a44a72 elementor-widget elementor-widget-houzez_elementor_space\" data-id=\"8a44a72\" data-element_type=\"widget\" data-e-type=\"widget\" data-widget_type=\"houzez_elementor_space.default\">\n\t\t\t\t<div class=\"elementor-widget-container\">\n\t\t\t\t\t        <div class=\"houzez-spacer\">\n            <div class=\"houzez-spacer-inner\"><\/div>\n        <\/div>\n        \t\t\t\t<\/div>\n\t\t\t\t<\/div>\n\t\t\t\t<div class=\"elementor-element elementor-element-1eb2bbd elementor-widget elementor-widget-houzez_elementor_space\" data-id=\"1eb2bbd\" data-element_type=\"widget\" data-e-type=\"widget\" data-widget_type=\"houzez_elementor_space.default\">\n\t\t\t\t<div class=\"elementor-widget-container\">\n\t\t\t\t\t        <div class=\"houzez-spacer\">\n            <div class=\"houzez-spacer-inner\"><\/div>\n        <\/div>\n        \t\t\t\t<\/div>\n\t\t\t\t<\/div>\n\t\t\t\t<div class=\"elementor-element elementor-element-7595612 elementor-arrows-position-inside elementor-pagination-position-outside elementor-widget elementor-widget-image-carousel\" data-id=\"7595612\" data-element_type=\"widget\" data-e-type=\"widget\" data-settings=\"{&quot;slides_to_show&quot;:&quot;1&quot;,&quot;navigation&quot;:&quot;both&quot;,&quot;autoplay&quot;:&quot;yes&quot;,&quot;pause_on_hover&quot;:&quot;yes&quot;,&quot;pause_on_interaction&quot;:&quot;yes&quot;,&quot;autoplay_speed&quot;:5000,&quot;infinite&quot;:&quot;yes&quot;,&quot;effect&quot;:&quot;slide&quot;,&quot;speed&quot;:500}\" data-widget_type=\"image-carousel.default\">\n\t\t\t\t<div class=\"elementor-widget-container\">\n\t\t\t\t\t\t\t<div class=\"elementor-image-carousel-wrapper swiper\" role=\"region\" aria-roledescription=\"carousel\" aria-label=\"Carosello d&#039;immagini\" dir=\"ltr\">\n\t\t\t<div class=\"elementor-image-carousel swiper-wrapper\" aria-live=\"off\">\n\t\t\t\t\t\t\t\t<div class=\"swiper-slide\" role=\"group\" aria-roledescription=\"slide\" aria-label=\"1 di 9\"><figure class=\"swiper-slide-inner\"><img decoding=\"async\" class=\"swiper-slide-image\" src=\"https:\/\/housesaleitaly.com\/wp-content\/uploads\/2026\/02\/IMG20250303134135-scaled.jpg\" alt=\"oplus_3145728\" \/><\/figure><\/div><div class=\"swiper-slide\" role=\"group\" aria-roledescription=\"slide\" aria-label=\"2 di 9\"><figure class=\"swiper-slide-inner\"><img decoding=\"async\" class=\"swiper-slide-image\" src=\"https:\/\/housesaleitaly.com\/wp-content\/uploads\/2026\/02\/IMG20250303140826-scaled.jpg\" alt=\"oplus_3145728\" \/><\/figure><\/div><div class=\"swiper-slide\" role=\"group\" aria-roledescription=\"slide\" aria-label=\"3 di 9\"><figure class=\"swiper-slide-inner\"><img decoding=\"async\" class=\"swiper-slide-image\" src=\"https:\/\/housesaleitaly.com\/wp-content\/uploads\/2026\/02\/IMG20250303140704-scaled.jpg\" alt=\"oplus_3145728\" \/><\/figure><\/div><div class=\"swiper-slide\" role=\"group\" aria-roledescription=\"slide\" aria-label=\"4 di 9\"><figure class=\"swiper-slide-inner\"><img decoding=\"async\" class=\"swiper-slide-image\" src=\"https:\/\/housesaleitaly.com\/wp-content\/uploads\/2026\/02\/IMG20250303135642-scaled.jpg\" alt=\"oplus_3145728\" \/><\/figure><\/div><div class=\"swiper-slide\" role=\"group\" aria-roledescription=\"slide\" aria-label=\"5 di 9\"><figure class=\"swiper-slide-inner\"><img decoding=\"async\" class=\"swiper-slide-image\" src=\"https:\/\/housesaleitaly.com\/wp-content\/uploads\/2026\/02\/IMG20250303135221-scaled.jpg\" alt=\"oplus_3145728\" \/><\/figure><\/div><div class=\"swiper-slide\" role=\"group\" aria-roledescription=\"slide\" aria-label=\"6 di 9\"><figure class=\"swiper-slide-inner\"><img decoding=\"async\" class=\"swiper-slide-image\" src=\"https:\/\/housesaleitaly.com\/wp-content\/uploads\/2026\/02\/IMG20250303134454-scaled.jpg\" alt=\"oplus_3145728\" \/><\/figure><\/div><div class=\"swiper-slide\" role=\"group\" aria-roledescription=\"slide\" aria-label=\"7 di 9\"><figure class=\"swiper-slide-inner\"><img decoding=\"async\" class=\"swiper-slide-image\" src=\"https:\/\/housesaleitaly.com\/wp-content\/uploads\/2026\/02\/IMG20250303134216-scaled.jpg\" alt=\"oplus_3145728\" \/><\/figure><\/div><div class=\"swiper-slide\" role=\"group\" aria-roledescription=\"slide\" aria-label=\"8 di 9\"><figure class=\"swiper-slide-inner\"><img decoding=\"async\" class=\"swiper-slide-image\" src=\"https:\/\/housesaleitaly.com\/wp-content\/uploads\/2026\/02\/IMG20250303133617-scaled.jpg\" alt=\"oplus_3145728\" \/><\/figure><\/div><div class=\"swiper-slide\" role=\"group\" aria-roledescription=\"slide\" aria-label=\"9 di 9\"><figure class=\"swiper-slide-inner\"><img decoding=\"async\" class=\"swiper-slide-image\" src=\"https:\/\/housesaleitaly.com\/wp-content\/uploads\/2026\/02\/IMG20250303131853-scaled.jpg\" alt=\"oplus_3145728\" \/><\/figure><\/div>\t\t\t<\/div>\n\t\t\t\t\t\t\t\t\t\t\t\t<div class=\"elementor-swiper-button elementor-swiper-button-prev\" role=\"button\" tabindex=\"0\">\n\t\t\t\t\t\t<svg aria-hidden=\"true\" class=\"e-font-icon-svg e-eicon-chevron-left\" viewBox=\"0 0 1000 1000\" xmlns=\"http:\/\/www.w3.org\/2000\/svg\"><path d=\"M646 125C629 125 613 133 604 142L308 442C296 454 292 471 292 487 292 504 296 521 308 533L604 854C617 867 629 875 646 875 663 875 679 871 692 858 704 846 713 829 713 812 713 796 708 779 692 767L438 487 692 225C700 217 708 204 708 187 708 171 704 154 692 142 675 129 663 125 646 125Z\"><\/path><\/svg>\t\t\t\t\t<\/div>\n\t\t\t\t\t<div class=\"elementor-swiper-button elementor-swiper-button-next\" role=\"button\" tabindex=\"0\">\n\t\t\t\t\t\t<svg aria-hidden=\"true\" class=\"e-font-icon-svg e-eicon-chevron-right\" viewBox=\"0 0 1000 1000\" xmlns=\"http:\/\/www.w3.org\/2000\/svg\"><path d=\"M696 533C708 521 713 504 713 487 713 471 708 454 696 446L400 146C388 133 375 125 354 125 338 125 325 129 313 142 300 154 292 171 292 187 292 204 296 221 308 233L563 492 304 771C292 783 288 800 288 817 288 833 296 850 308 863 321 871 338 875 354 875 371 875 388 867 400 854L696 533Z\"><\/path><\/svg>\t\t\t\t\t<\/div>\n\t\t\t\t\n\t\t\t\t\t\t\t\t\t<div class=\"swiper-pagination\"><\/div>\n\t\t\t\t\t\t\t\t\t<\/div>\n\t\t\t\t\t\t<\/div>\n\t\t\t\t<\/div>\n\t\t\t\t<div class=\"elementor-element elementor-element-392dca74 elementor-widget elementor-widget-text-editor\" data-id=\"392dca74\" data-element_type=\"widget\" data-e-type=\"widget\" data-widget_type=\"text-editor.default\">\n\t\t\t\t<div class=\"elementor-widget-container\">\n\t\t\t\t\t\t\t\t\t<p>Siete interessati alle case in vendita a Bordighera? Siamo lieti di presentarvi questa zona e le sue principali caratteristiche che la rendono unica.<\/p><p>Siamo specializzati nella vendita di <a href=\"https:\/\/housesaleitaly.com\/it\/le-nostre-proprieta\/\" target=\"_blank\" rel=\"noreferrer noopener\">immobili<\/a> di alta qualit\u00e0 a Bordighera, un&#8217;incantevole cittadina situata sulla costa ligure vicino al confine francese. Questa zona \u00e8 probabilmente la pi\u00f9 prestigiosa della provincia di Imperia e una delle migliori della Liguria. Ci\u00f2 \u00e8 dovuto principalmente alla sua vicinanza alla famosa Costa Azzurra francese. Infatti \u00e8 possibile raggiungerla in soli 15 minuti di auto. Bordighera \u00e8 una base comoda per esplorare sia la costa italiana che quella francese. Citt\u00e0 come Sanremo, Imperia, Mentone, Monaco e Nizza sono facilmente raggiungibili.<\/p><p>Uno dei motivi per cui consigliamo di investire nelle case in vendita a Bordighera \u00e8 il buono stato di manutenzione delle propriet\u00e0. Queste sono per la maggior parte ben tenute. La zona \u00e8 tranquilla e sicura e l&#8217;aeroporto internazionale di Nizza in Francia dista solo 45 minuti. Questo rende molto comodo raggiungere Bordighera poich\u00e9 ogni settimana ci sono molti voli internazionali per Nizza.<\/p><h5 class=\"wp-block-heading\">Bordighera \u00e8 speciale per diversi motivi:<\/h5><p>1. Clima mediterraneo: Bordighera gode di un clima mite e soleggiato durante tutto l&#8217;anno, con estati calde e inverni miti, che la rendono una destinazione popolare per i turisti che cercano un ambiente rilassante in riva al mare.<\/p><p>2. Bordighera, situata lungo il Mar Ligure, vanta bellissime spiagge, acque limpide e viste panoramiche sulla costa. Il suo Lungomare Argentina, il pi\u00f9 lungo della riviera, offre splendide passeggiate lungo la costa. L&#8217;ottima posizione della citt\u00e0 influenza i prezzi delle case in vendita a Bordighera.<\/p><p>3. Vegetazione rigogliosa: la citt\u00e0 \u00e8 conosciuta per la sua ricca vegetazione, in particolare palme, ulivi e piante non autoctone. Infatti, spesso Bordighera viene chiamata la \u201cCitt\u00e0 delle Palme\u201d. I vicini <a href=\"https:\/\/giardinihanbury.com\" target=\"_blank\" rel=\"noreferrer noopener\">Giardini Botanici Hanbury<\/a> presentano una vasta collezione di piante mediterranee e straniere.<\/p><p>4. Patrimonio storico e artistico: Bordighera ha una ricca storia culturale e artistica. \u00c8 stata la meta preferita di molti artisti, tra cui Claude Monet, che ha dipinto diversi paesaggi della citt\u00e0. \u00c8 inoltre possibile visitare Villa Garnier, l&#8217;antica residenza dell&#8217;architetto francese Charles Garnier, che ha contribuito alla crescita della citt\u00e0 nel XIX secolo. Questo fattore aumenta l&#8217;interesse degli investitori per le case in vendita a Bordighera.<\/p><p>5. Fascino del centro storico: il centro storico, Bordighera Alta, \u00e8 un affascinante borgo medievale arroccato su una collina. Le sue strade strette e tortuose, gli edifici antichi e le piazze pittoresche offrono uno sguardo al passato della citt\u00e0.<\/p><p>6. Eventi culturali: Bordighera ospita una serie di eventi culturali, tra cui concerti musicali, mostre d&#8217;arte e festival. La Sagra della Madonna della Neve, ad esempio, \u00e8 una festa religiosa locale che si celebra ogni anno con processioni e tradizioni locali.<\/p><h5 class=\"wp-block-heading\">Questi fattori si combinano per rendere Bordighera una destinazione unica e attraente per i visitatori che vogliono sperimentare la bellezza e la cultura della Riviera italiana.<\/h5><div>\u00a0<\/div><p>Il settore delle le case in vendita a Bordighera \u00e8 molto vivace grazie al gran numero di turisti che ogni anno visitano questo meraviglioso angolo d&#8217;Italia. Inoltre, sono molte le persone che si trasferiscono qui da tutto il mondo per godere del suo buon microclima. Tra questi troviamo molti pensionati e appassionati di vari sport. Infatti, in questa zona \u00e8 possibile praticare sia sport di montagna che di mare. Da Bordighera \u00e8 possibile raggiungere le stazioni sciistiche pi\u00f9 vicine in sole 2 ore.<\/p><p>Il mercato offre una serie di opzioni immobiliari, tra cui ville di lusso, appartamenti indipendenti e case a schiera. Le propriet\u00e0 sono spesso dotate di servizi come giardini privati, piscine e vicinanza al mare, per soddisfare sia i residenti stagionali che quelli annuali.<\/p><p>A febbraio 2025, il prezzo medio richiesto per le propriet\u00e0 residenziali era di 4.115 euro al metro quadro, con un aumento dell&#8217;1,91% rispetto all&#8217;anno precedente. I prezzi hanno oscillato negli ultimi due anni, raggiungendo un picco di 4.204 euro al metro quadro nel maggio 2024 e scendendo a 3.792 euro nel novembre 2023.<\/p><h5 class=\"wp-block-heading\">I prezzi variano anche in base alla zona di Bordighera. Nel febbraio 2025, le zone di Arziglia e Madonna della Ruota hanno visto prezzi di richiesta intorno ai 5.242 euro al metro quadro. D&#8217;altro canto, la zona di Borghetto San Nicol\u00f2 presentava opzioni pi\u00f9 convenienti, con circa 1.617 euro al metro quadro.<\/h5><p>Nonostante le tendenze economiche generali, il mercato immobiliare di Bordighera rimane solido. La domanda di immobili \u00e8 sostenuta dall&#8217;attrattiva della regione come destinazione turistica e dalla stabilit\u00e0 del mercato degli affitti. Ci\u00f2 la rende una scelta di investimento potenzialmente valida.<\/p><p>In sintesi, il settore delle case in vendita a Bordighera \u00e8 caratterizzato da un&#8217;ampia gamma di tipologie di immobili e di prezzi, influenzati dalla posizione e dai servizi. Il mercato continua a suscitare interesse, sostenuto da una domanda consistente e dal potenziale di investimento.<\/p>\t\t\t\t\t\t\t\t<\/div>\n\t\t\t\t<\/div>\n\t\t\t\t\t<\/div>\n\t\t\t\t<\/div>\n\t\t<div class=\"elementor-element elementor-element-8a78fd9 e-flex e-con-boxed wpr-particle-no wpr-jarallax-no wpr-parallax-no wpr-sticky-section-no wpr-equal-height-no e-con e-parent\" data-id=\"8a78fd9\" data-element_type=\"container\" data-e-type=\"container\">\n\t\t\t\t\t<div class=\"e-con-inner\">\n\t\t\t\t\t<\/div>\n\t\t\t\t<\/div>\n\t\t\t\t<\/div>\n\t\t","protected":false},"excerpt":{"rendered":"<p>Siete interessati alle case in vendita a Bordighera? Siamo lieti di presentarvi questa zona e le sue principali caratteristiche che la rendono unica. Siamo specializzati nella vendita di immobili di alta qualit\u00e0 a Bordighera, un&#8217;incantevole cittadina situata sulla costa ligure vicino al confine francese. Questa zona \u00e8 probabilmente la pi\u00f9 prestigiosa della provincia di Imperia e una delle migliori della Liguria. Ci\u00f2 \u00e8 dovuto principalmente alla sua vicinanza alla famosa Costa Azzurra francese. Infatti \u00e8 possibile raggiungerla in soli 15 minuti di auto. Bordighera \u00e8 una base comoda per esplorare sia la costa italiana che quella francese. Citt\u00e0 come Sanremo, Imperia, Mentone, Monaco e Nizza sono facilmente raggiungibili. Uno dei motivi per cui consigliamo di investire nelle case in vendita a Bordighera \u00e8 il buono stato di manutenzione delle propriet\u00e0. Queste sono per la maggior parte ben tenute. La zona \u00e8 tranquilla e sicura e l&#8217;aeroporto internazionale di Nizza in Francia dista solo 45 minuti. Questo rende molto comodo raggiungere Bordighera poich\u00e9 ogni settimana ci sono molti voli internazionali per Nizza. Bordighera \u00e8 speciale per diversi motivi: 1. Clima mediterraneo: Bordighera gode di un clima mite e soleggiato durante tutto l&#8217;anno, con estati calde e inverni miti, che la rendono una destinazione popolare per i turisti che cercano un ambiente rilassante in riva al mare. 2. Bordighera, situata lungo il Mar Ligure, vanta bellissime spiagge, acque limpide e viste panoramiche sulla costa. Il suo Lungomare Argentina, il pi\u00f9 lungo della riviera, offre splendide passeggiate lungo la costa. L&#8217;ottima posizione della citt\u00e0 influenza i prezzi delle case in vendita a Bordighera. 3. Vegetazione rigogliosa: la citt\u00e0 \u00e8 conosciuta per la sua ricca vegetazione, in particolare palme, ulivi e piante non autoctone. Infatti, spesso Bordighera viene chiamata la \u201cCitt\u00e0 delle Palme\u201d. I vicini Giardini Botanici Hanbury presentano una vasta collezione di piante mediterranee e straniere. 4. Patrimonio storico e artistico: Bordighera ha una ricca storia culturale e artistica. \u00c8 stata la meta preferita di molti artisti, tra cui Claude Monet, che ha dipinto diversi paesaggi della citt\u00e0. \u00c8 inoltre possibile visitare Villa Garnier, l&#8217;antica residenza dell&#8217;architetto francese Charles Garnier, che ha contribuito alla crescita della citt\u00e0 nel XIX secolo. Questo fattore aumenta l&#8217;interesse degli investitori per le case in vendita a Bordighera. 5. Fascino del centro storico: il centro storico, Bordighera Alta, \u00e8 un affascinante borgo medievale arroccato su una collina. Le sue strade strette e tortuose, gli edifici antichi e le piazze pittoresche offrono uno sguardo al passato della citt\u00e0. 6. Eventi culturali: Bordighera ospita una serie di eventi culturali, tra cui concerti musicali, mostre d&#8217;arte e festival. La Sagra della Madonna della Neve, ad esempio, \u00e8 una festa religiosa locale che si celebra ogni anno con processioni e tradizioni locali. Questi fattori si combinano per rendere Bordighera una destinazione unica e attraente per i visitatori che vogliono sperimentare la bellezza e la cultura della Riviera italiana. \u00a0 Il settore delle le case in vendita a Bordighera \u00e8 molto vivace grazie al gran numero di turisti che ogni anno visitano questo meraviglioso angolo d&#8217;Italia. Inoltre, sono molte le persone che si trasferiscono qui da tutto il mondo per godere del suo buon microclima. Tra questi troviamo molti pensionati e appassionati di vari sport. Infatti, in questa zona \u00e8 possibile praticare sia sport di montagna che di mare. Da Bordighera \u00e8 possibile raggiungere le stazioni sciistiche pi\u00f9 vicine in sole 2 ore. Il mercato offre una serie di opzioni immobiliari, tra cui ville di lusso, appartamenti indipendenti e case a schiera. Le propriet\u00e0 sono spesso dotate di servizi come giardini privati, piscine e vicinanza al mare, per soddisfare sia i residenti stagionali che quelli annuali. A febbraio 2025, il prezzo medio richiesto per le propriet\u00e0 residenziali era di 4.115 euro al metro quadro, con un aumento dell&#8217;1,91% rispetto all&#8217;anno precedente. I prezzi hanno oscillato negli ultimi due anni, raggiungendo un picco di 4.204 euro al metro quadro nel maggio 2024 e scendendo a 3.792 euro nel novembre 2023. I prezzi variano anche in base alla zona di Bordighera. Nel febbraio 2025, le zone di Arziglia e Madonna della Ruota hanno visto prezzi di richiesta intorno ai 5.242 euro al metro quadro. D&#8217;altro canto, la zona di Borghetto San Nicol\u00f2 presentava opzioni pi\u00f9 convenienti, con circa 1.617 euro al metro quadro. Nonostante le tendenze economiche generali, il mercato immobiliare di Bordighera rimane solido. La domanda di immobili \u00e8 sostenuta dall&#8217;attrattiva della regione come destinazione turistica e dalla stabilit\u00e0 del mercato degli affitti. Ci\u00f2 la rende una scelta di investimento potenzialmente valida. In sintesi, il settore delle case in vendita a Bordighera \u00e8 caratterizzato da un&#8217;ampia gamma di tipologie di immobili e di prezzi, influenzati dalla posizione e dai servizi. Il mercato continua a suscitare interesse, sostenuto da una domanda consistente e dal potenziale di investimento.<\/p>\n","protected":false},"author":1,"featured_media":0,"parent":0,"menu_order":0,"comment_status":"closed","ping_status":"closed","template":"template\/template-homepage.php","meta":{"footnotes":""},"class_list":["post-25787","page","type-page","status-publish","hentry"],"_links":{"self":[{"href":"https:\/\/housesaleitaly.com\/it\/wp-json\/wp\/v2\/pages\/25787","targetHints":{"allow":["GET"]}}],"collection":[{"href":"https:\/\/housesaleitaly.com\/it\/wp-json\/wp\/v2\/pages"}],"about":[{"href":"https:\/\/housesaleitaly.com\/it\/wp-json\/wp\/v2\/types\/page"}],"author":[{"embeddable":true,"href":"https:\/\/housesaleitaly.com\/it\/wp-json\/wp\/v2\/users\/1"}],"replies":[{"embeddable":true,"href":"https:\/\/housesaleitaly.com\/it\/wp-json\/wp\/v2\/comments?post=25787"}],"version-history":[{"count":9,"href":"https:\/\/housesaleitaly.com\/it\/wp-json\/wp\/v2\/pages\/25787\/revisions"}],"predecessor-version":[{"id":27779,"href":"https:\/\/housesaleitaly.com\/it\/wp-json\/wp\/v2\/pages\/25787\/revisions\/27779"}],"wp:attachment":[{"href":"https:\/\/housesaleitaly.com\/it\/wp-json\/wp\/v2\/media?parent=25787"}],"curies":[{"name":"wp","href":"https:\/\/api.w.org\/{rel}","templated":true}]}}