{"id":19758,"date":"2016-03-10T18:52:12","date_gmt":"2016-03-10T17:52:12","guid":{"rendered":"http:\/\/housesaleitaly.com\/informativa-sulla-privacy\/"},"modified":"2026-02-12T16:05:44","modified_gmt":"2026-02-12T15:05:44","slug":"informativa-sulla-privacy","status":"publish","type":"page","link":"https:\/\/housesaleitaly.com\/it\/informativa-sulla-privacy\/","title":{"rendered":"Informativa sulla privacy"},"content":{"rendered":"\t\t<div data-elementor-type=\"wp-page\" data-elementor-id=\"19758\" class=\"elementor elementor-19758 elementor-748\">\n\t\t\t\t<div class=\"elementor-element elementor-element-5396505b e-con-full e-flex wpr-particle-no wpr-jarallax-no wpr-parallax-no wpr-sticky-section-no wpr-equal-height-no e-con e-parent\" data-id=\"5396505b\" data-element_type=\"container\" data-e-type=\"container\">\n\t\t\t\t<div class=\"elementor-element elementor-element-df1c166 elementor-widget elementor-widget-heading\" data-id=\"df1c166\" data-element_type=\"widget\" data-e-type=\"widget\" data-widget_type=\"heading.default\">\n\t\t\t\t<div class=\"elementor-widget-container\">\n\t\t\t\t\t<h2 class=\"elementor-heading-title elementor-size-default\">INFORMATIVA SULLA PRIVACY<\/h2>\t\t\t\t<\/div>\n\t\t\t\t<\/div>\n\t\t\t\t<div class=\"elementor-element elementor-element-1fceb30e elementor-widget elementor-widget-text-editor\" data-id=\"1fceb30e\" data-element_type=\"widget\" data-e-type=\"widget\" data-widget_type=\"text-editor.default\">\n\t\t\t\t<div class=\"elementor-widget-container\">\n\t\t\t\t\t\t\t\t\t<p>In conformit\u00e0 con il Decreto Legislativo n.<br \/>196\/2003 e dell&#8217;articolo 13 del Regolamento UE 2016\/679 ti forniamo le seguenti informazioni:<\/p><p><strong>INFORMAZIONI DI BASE SULLA PROTEZIONE DEI DATI<\/strong><\/p><p><strong>Responsabile: &#8230;&#8230;&#8230;.<\/strong><\/p><p><strong>Scopo: <\/strong>soddisfare le richieste inviate tramite il sito web, gestire l&#8217;invio di informazioni.<br \/>Gestire i servizi stipulati attraverso il nostro negozio online.<\/p><p><strong>Legittimazione: <\/strong>Consenso della parte interessata.<br \/>Instaurazione del rapporto precontrattuale\/contrattuale.<\/p><p><strong>Destinatari: <\/strong>Questi dati non saranno trasferiti a terzi a meno che non vi sia un obbligo legale in tal senso o se necessario per elaborare la tua richiesta.<\/p><p><strong>Diritti: <\/strong>Puoi esercitare i tuoi diritti di accesso, rettifica, soppressione, opposizione, limitazione del trattamento, portabilit\u00e0 dei dati.<\/p><p><strong>CHI TRATTER\u00c0 I MIEI DATI?<\/strong><\/p><p>Il responsabile del trattamento dei tuoi dati \u00e8<\/p><p>Nome dell&#8217;azienda: &#8230;&#8230;&#8230;.<\/p><p>Partita IVA: &#8230;&#8230;&#8230;.<\/p><p>Nome commerciale: &#8230;&#8230;&#8230;.<\/p><p>Indirizzo: &#8230;&#8230;&#8230;.<\/p><p>PEC (posta elettronica certificata): &#8230;&#8230;&#8230;.<\/p><p>Altre informazioni di contatto:<\/p><p>E-mail: &#8230;&#8230;&#8230;.<\/p><p>Numero di telefono: &#8230;&#8230;&#8230;.<\/p><p><strong>QUAL \u00c8 LA FINALIT\u00c0 E LA BASE GIURIDICA DEL TRATTAMENTO DEI DATI?<\/strong><\/p><p>REAL ESTATE tratta le informazioni inviate dagli interessati per gestire le loro richieste di informazioni e i servizi che li legano a questa azienda, nonch\u00e9 per inviare loro offerte di prodotti e servizi.<\/p><p>La base giuridica per il trattamento dei tuoi dati \u00e8 il tuo consenso, che puoi fornire accettando l&#8217;informativa sulla privacy di REAL ESTATE nella nostra pagina web.<\/p><p>Ricorda che, quando ti chiediamo di inserire i tuoi dati personali per darti accesso a qualche funzionalit\u00e0 o servizio nei nostri moduli, contrassegneremo alcuni campi come obbligatori, in quanto si tratta di dati di cui abbiamo bisogno per poterti fornire il servizio o darti accesso alla funzionalit\u00e0 in questione.<br \/>Tieni presente che se decidi di non fornire questi dati, potresti non essere in grado di completare la tua registrazione come utente o di usufruire dei servizi.<\/p><p>Nel caso di richieste che ci pervengono attraverso mezzi diversi dai nostri moduli di contatto web, la base giuridica del trattamento dei tuoi dati, in questo caso, \u00e8 l&#8217;instaurazione del rapporto precontrattuale-contrattuale.<br \/>In altre parole, gestiremo i tuoi dati per soddisfare le tue richieste di informazioni e\/o servizi.<\/p><p>I dati forniti dagli utenti saranno utilizzati per studi statistici e analisi del profilo al fine di fornire un servizio migliore attraverso il nostro sito web, per il quale sar\u00e0 utilizzata l&#8217;applicazione Google Analytics.<\/p><p>Per ulteriori informazioni, consulta la nostra Politica sui cookie.<\/p><p><strong> DOVE VENGONO CONSERVATE LE MIE INFORMAZIONI?<\/strong><\/p><p>&#8230;&#8230;&#8230;.<\/p><p><strong>A CHI SARANNO TRASFERITI I MIEI DATI?<\/strong><\/p><p>Per adempiere alle finalit\u00e0 indicate nella presente Informativa sulla privacy, \u00e8 necessario che noi diamo accesso ai tuoi dati personali alle seguenti entit\u00e0 che ci forniscono supporto nei servizi che ti offriamo:<\/p><ul><li>Entit\u00e0 finanziarie; per effettuare il pagamento dei servizi contrattati.<\/li><li>Fornitori di servizi tecnologici; Hosting e manutenzione web.<\/li><\/ul><p>Oltre a quelli indicati, non saranno trasferiti dati a meno che non vi sia un obbligo legale in tal senso, o se necessario per soddisfare requisiti direttamente associati alla tua richiesta.<\/p><p><strong>PER QUANTO TEMPO CONSERVERAI I MIEI DATI?<\/strong><\/p><p>I dati personali forniti saranno conservati per tutta la durata del rapporto con l&#8217;azienda e fino a quando l&#8217;interessato non ne richieder\u00e0 la cancellazione.<\/p><p><strong>QUALI SONO I MIEI DIRITTI QUANDO INVIO I MIEI DATI? <\/strong><strong>E DOVE DEVO ANDARE PER ESERCITARE I MIEI DIRITTI?<\/strong><\/p><p>Chiunque ha il diritto di ottenere conferma del fatto che REAL ESTATE stia trattando o meno i dati personali che lo riguardano.<br \/>Gli interessati hanno il diritto di accedere ai propri dati personali e di richiedere la modifica di eventuali dati inesatti o la loro rimozione quando, tra le altre ragioni, tali dati non sono pi\u00f9 necessari per lo scopo per cui sono stati raccolti.<br \/>In determinate circostanze, gli interessati possono richiedere una limitazione del trattamento dei loro dati, nel qual caso li conserveremo solo per l&#8217;esercizio o la difesa di rivendicazioni legali.<\/p><p>In determinate circostanze e per motivi legati alla tua particolare situazione, puoi opporti al trattamento dei tuoi dati e REAL ESTATE cesser\u00e0 di trattarli, a meno che non vi siano motivi legali impellenti, o per l&#8217;esercizio o la difesa di potenziali rivendicazioni legali.<br \/>Per esercitare i tuoi diritti, devi inviare una comunicazione e una copia della tua carta d&#8217;identit\u00e0 a:<\/p><p>&#8230;&#8230;&#8230;.<\/p><p>L&#8217;utente pu\u00f2 revocare il proprio consenso in qualsiasi momento scrivendo al seguente indirizzo: &#8230;&#8230;&#8230;.<\/p><p>Inoltre, ti informiamo che hai il diritto di presentare un reclamo all&#8217;autorit\u00e0 di controllo italiana <a href=\"https:\/\/www.garanteprivacy.it\/home\" target=\"_blank\" rel=\"noopener\"><b>Garante per la Protezione dei Dati Personali<\/b><\/a>.<\/p>\t\t\t\t\t\t\t\t<\/div>\n\t\t\t\t<\/div>\n\t\t\t\t<\/div>\n\t\t\t\t<\/div>\n\t\t","protected":false},"excerpt":{"rendered":"<p>INFORMATIVA SULLA PRIVACY In conformit\u00e0 con il Decreto Legislativo n.196\/2003 e dell&#8217;articolo 13 del Regolamento UE 2016\/679 ti forniamo le seguenti informazioni: INFORMAZIONI DI BASE SULLA PROTEZIONE DEI DATI Responsabile: &#8230;&#8230;&#8230;. Scopo: soddisfare le richieste inviate tramite il sito web, gestire l&#8217;invio di informazioni.Gestire i servizi stipulati attraverso il nostro negozio online. Legittimazione: Consenso della parte interessata.Instaurazione del rapporto precontrattuale\/contrattuale. Destinatari: Questi dati non saranno trasferiti a terzi a meno che non vi sia un obbligo legale in tal senso o se necessario per elaborare la tua richiesta. Diritti: Puoi esercitare i tuoi diritti di accesso, rettifica, soppressione, opposizione, limitazione del trattamento, portabilit\u00e0 dei dati. CHI TRATTER\u00c0 I MIEI DATI? Il responsabile del trattamento dei tuoi dati \u00e8 Nome dell&#8217;azienda: &#8230;&#8230;&#8230;. Partita IVA: &#8230;&#8230;&#8230;. Nome commerciale: &#8230;&#8230;&#8230;. Indirizzo: &#8230;&#8230;&#8230;. PEC (posta elettronica certificata): &#8230;&#8230;&#8230;. Altre informazioni di contatto: E-mail: &#8230;&#8230;&#8230;. Numero di telefono: &#8230;&#8230;&#8230;. QUAL \u00c8 LA FINALIT\u00c0 E LA BASE GIURIDICA DEL TRATTAMENTO DEI DATI? REAL ESTATE tratta le informazioni inviate dagli interessati per gestire le loro richieste di informazioni e i servizi che li legano a questa azienda, nonch\u00e9 per inviare loro offerte di prodotti e servizi. La base giuridica per il trattamento dei tuoi dati \u00e8 il tuo consenso, che puoi fornire accettando l&#8217;informativa sulla privacy di REAL ESTATE nella nostra pagina web. Ricorda che, quando ti chiediamo di inserire i tuoi dati personali per darti accesso a qualche funzionalit\u00e0 o servizio nei nostri moduli, contrassegneremo alcuni campi come obbligatori, in quanto si tratta di dati di cui abbiamo bisogno per poterti fornire il servizio o darti accesso alla funzionalit\u00e0 in questione.Tieni presente che se decidi di non fornire questi dati, potresti non essere in grado di completare la tua registrazione come utente o di usufruire dei servizi. Nel caso di richieste che ci pervengono attraverso mezzi diversi dai nostri moduli di contatto web, la base giuridica del trattamento dei tuoi dati, in questo caso, \u00e8 l&#8217;instaurazione del rapporto precontrattuale-contrattuale.In altre parole, gestiremo i tuoi dati per soddisfare le tue richieste di informazioni e\/o servizi. I dati forniti dagli utenti saranno utilizzati per studi statistici e analisi del profilo al fine di fornire un servizio migliore attraverso il nostro sito web, per il quale sar\u00e0 utilizzata l&#8217;applicazione Google Analytics. Per ulteriori informazioni, consulta la nostra Politica sui cookie. DOVE VENGONO CONSERVATE LE MIE INFORMAZIONI? &#8230;&#8230;&#8230;. A CHI SARANNO TRASFERITI I MIEI DATI? Per adempiere alle finalit\u00e0 indicate nella presente Informativa sulla privacy, \u00e8 necessario che noi diamo accesso ai tuoi dati personali alle seguenti entit\u00e0 che ci forniscono supporto nei servizi che ti offriamo: Entit\u00e0 finanziarie; per effettuare il pagamento dei servizi contrattati. Fornitori di servizi tecnologici; Hosting e manutenzione web. Oltre a quelli indicati, non saranno trasferiti dati a meno che non vi sia un obbligo legale in tal senso, o se necessario per soddisfare requisiti direttamente associati alla tua richiesta. PER QUANTO TEMPO CONSERVERAI I MIEI DATI? I dati personali forniti saranno conservati per tutta la durata del rapporto con l&#8217;azienda e fino a quando l&#8217;interessato non ne richieder\u00e0 la cancellazione. QUALI SONO I MIEI DIRITTI QUANDO INVIO I MIEI DATI? E DOVE DEVO ANDARE PER ESERCITARE I MIEI DIRITTI? Chiunque ha il diritto di ottenere conferma del fatto che REAL ESTATE stia trattando o meno i dati personali che lo riguardano.Gli interessati hanno il diritto di accedere ai propri dati personali e di richiedere la modifica di eventuali dati inesatti o la loro rimozione quando, tra le altre ragioni, tali dati non sono pi\u00f9 necessari per lo scopo per cui sono stati raccolti.In determinate circostanze, gli interessati possono richiedere una limitazione del trattamento dei loro dati, nel qual caso li conserveremo solo per l&#8217;esercizio o la difesa di rivendicazioni legali. In determinate circostanze e per motivi legati alla tua particolare situazione, puoi opporti al trattamento dei tuoi dati e REAL ESTATE cesser\u00e0 di trattarli, a meno che non vi siano motivi legali impellenti, o per l&#8217;esercizio o la difesa di potenziali rivendicazioni legali.Per esercitare i tuoi diritti, devi inviare una comunicazione e una copia della tua carta d&#8217;identit\u00e0 a: &#8230;&#8230;&#8230;. L&#8217;utente pu\u00f2 revocare il proprio consenso in qualsiasi momento scrivendo al seguente indirizzo: &#8230;&#8230;&#8230;. Inoltre, ti informiamo che hai il diritto di presentare un reclamo all&#8217;autorit\u00e0 di controllo italiana Garante per la Protezione dei Dati Personali.<\/p>\n","protected":false},"author":1,"featured_media":0,"parent":0,"menu_order":0,"comment_status":"closed","ping_status":"closed","template":"elementor_header_footer","meta":{"footnotes":""},"class_list":["post-19758","page","type-page","status-publish","hentry"],"_links":{"self":[{"href":"https:\/\/housesaleitaly.com\/it\/wp-json\/wp\/v2\/pages\/19758","targetHints":{"allow":["GET"]}}],"collection":[{"href":"https:\/\/housesaleitaly.com\/it\/wp-json\/wp\/v2\/pages"}],"about":[{"href":"https:\/\/housesaleitaly.com\/it\/wp-json\/wp\/v2\/types\/page"}],"author":[{"embeddable":true,"href":"https:\/\/housesaleitaly.com\/it\/wp-json\/wp\/v2\/users\/1"}],"replies":[{"embeddable":true,"href":"https:\/\/housesaleitaly.com\/it\/wp-json\/wp\/v2\/comments?post=19758"}],"version-history":[{"count":3,"href":"https:\/\/housesaleitaly.com\/it\/wp-json\/wp\/v2\/pages\/19758\/revisions"}],"predecessor-version":[{"id":27665,"href":"https:\/\/housesaleitaly.com\/it\/wp-json\/wp\/v2\/pages\/19758\/revisions\/27665"}],"wp:attachment":[{"href":"https:\/\/housesaleitaly.com\/it\/wp-json\/wp\/v2\/media?parent=19758"}],"curies":[{"name":"wp","href":"https:\/\/api.w.org\/{rel}","templated":true}]}}