{"id":19750,"date":"2024-07-30T17:34:04","date_gmt":"2024-07-30T15:34:04","guid":{"rendered":"http:\/\/housesaleitaly.com\/termini-e-condizioni\/"},"modified":"2026-02-12T16:03:35","modified_gmt":"2026-02-12T15:03:35","slug":"termini-e-condizioni","status":"publish","type":"page","link":"https:\/\/housesaleitaly.com\/it\/termini-e-condizioni\/","title":{"rendered":"Termini e condizioni"},"content":{"rendered":"\t\t<div data-elementor-type=\"wp-page\" data-elementor-id=\"19750\" class=\"elementor elementor-19750 elementor-19089\">\n\t\t\t\t<div class=\"elementor-element elementor-element-50a1b99 e-con-full e-flex wpr-particle-no wpr-jarallax-no wpr-parallax-no wpr-sticky-section-no wpr-equal-height-no e-con e-parent\" data-id=\"50a1b99\" data-element_type=\"container\" data-e-type=\"container\">\n\t\t\t\t<div class=\"elementor-element elementor-element-6cdb380a elementor-widget elementor-widget-heading\" data-id=\"6cdb380a\" data-element_type=\"widget\" data-e-type=\"widget\" data-widget_type=\"heading.default\">\n\t\t\t\t<div class=\"elementor-widget-container\">\n\t\t\t\t\t<h2 class=\"elementor-heading-title elementor-size-default\">TERMINI E CONDIZIONI<\/h2>\t\t\t\t<\/div>\n\t\t\t\t<\/div>\n\t\t\t\t<div class=\"elementor-element elementor-element-694a3ba elementor-widget elementor-widget-text-editor\" data-id=\"694a3ba\" data-element_type=\"widget\" data-e-type=\"widget\" data-widget_type=\"text-editor.default\">\n\t\t\t\t<div class=\"elementor-widget-container\">\n\t\t\t\t\t\t\t\t\t<h3><strong>1. DATI IDENTIFICATIVI DELL&#8217;AZIENDA<\/strong><\/h3><p>Ai sensi del Decreto Legislativo italiano n.<br \/>196\/2003 e dell&#8217;articolo 13 del Regolamento UE 2016\/679 l&#8217;utente \u00e8 informato che la propriet\u00e0 di questo sito web appartiene a<\/p><ul><li>NOME DELL&#8217;IMPRESA: &#8230;&#8230;&#8230;.<\/li><li>PARTITA IVA: &#8230;&#8230;&#8230;.<\/li><li>NUMERO REA: &#8230;&#8230;&#8230;.<\/li><li>INDIRIZZO: &#8230;&#8230;&#8230;.<\/li><li>E-MAIL: &#8230;&#8230;&#8230;.<\/li><li>PEC (POSTA CERTIFICATA): &#8230;&#8230;&#8230;.<\/li><li>TELEFONO: &#8230;&#8230;&#8230;.<\/li><\/ul><hr \/><p><strong>Il sito web www.housesaleitaly.com \u00e8 ospitato da: &#8230;&#8230;&#8230;.<\/strong><\/p><h3><strong>2. OGGETTO<\/strong><\/h3><p>Lo scopo del presente Accordo \u00e8 quello di regolare i <strong>Termini e le Condizioni<\/strong> applicabili al servizio di prenotazione attraverso il sito web www.housesaleitaly.com (indicato anche come &#8220;Piattaforma&#8221;), che appartiene a REAL ESTATE, un&#8217;agenzia dedicata alla vendita di case in Italia.<\/p><h3><strong>3. USO AUTORIZZATO DEL SITO E DEI CONTENUTI<\/strong><\/h3><p>L&#8217;utente \u00e8 autorizzato ad accedere ai contenuti di questo sito web a condizione che si impegni rigorosamente a un uso corretto in conformit\u00e0 con questi termini, in particolare i diritti di propriet\u00e0 intellettuale e industriale concessi dalla legge che sono ripresi in dettaglio nella sezione corrispondente di questo articolato e per i quali \u00e8 espressamente vietato l&#8217;uso degli stessi in forma fraudolenta, per scopi illeciti o commerciali, senza espressa autorizzazione scritta da parte del proprietario.<br \/>REAL ESTATE si riserva il diritto di impedire agli utenti che violano queste condizioni di accedere al suo sito web e ai suoi contenuti in qualsiasi momento e senza preavviso.<br \/>REAL ESTATE si riserva il diritto di eliminare o sospendere in tutto o in parte le informazioni presenti su www.housesaleitaly.com, di modificare la struttura e il contenuto di questo sito web senza preavviso e di limitare o non consentire l&#8217;accesso a tali informazioni.<br \/>REAL ESTATE si riserva il diritto di modificare, in conformit\u00e0 alle leggi vigenti, i presenti termini e condizioni, l&#8217;informativa sulla privacy e l&#8217;informativa sui cookie unilateralmente e senza preavviso, con l&#8217;unico obbligo di informare l&#8217;utente delle modifiche apportate attraverso il nostro sito web http:\/\/housesaleitaly.com.<\/p><h3><strong>4. PROPRIET\u00c0 INTELLETTUALE, REGOLE E DIVIETI<\/strong><\/h3><p>REAL ESTATE si riserva tutti i diritti di propriet\u00e0 intellettuale e industriale derivanti da questo sito web, richiedendo l&#8217;espressa autorizzazione scritta di REAL ESTATE per qualsiasi esercizio e utilizzo degli stessi.<br \/>Questa riserva di diritti riguarda sia i contenuti che possono essere inclusi e distribuiti attraverso questo sito web in qualsiasi formato, sia il codice, il design e la struttura di navigazione del sito web.<br \/>Se non diversamente specificato, REAL ESTATE e\/o i suoi licenziatari detengono i diritti di propriet\u00e0 intellettuale per tutto il materiale presente su REAL ESTATE.<br \/>Tutti i diritti di propriet\u00e0 intellettuale sono riservati.<br \/>\u00c8 possibile visualizzare e\/o stampare le pagine del sito https:\/\/housesaleitaly.com per uso personale, nel rispetto delle restrizioni stabilite nei presenti termini e condizioni. <strong>Non devi:<\/strong><\/p><ul><li>ripubblicare materiale da https:\/\/housesaleitaly.com;<\/li><li>vendere, affittare o concedere in sublicenza il materiale di https:\/\/housesaleitaly.com;<\/li><li>riprodurre, duplicare o copiare materiale da https:\/\/housesaleitaly.com;<\/li><li>ridistribuire il contenuto di https:\/\/housesaleitaly.com (a meno che il contenuto non sia stato specificamente creato per la ridistribuzione);<\/li><li>diffondere contenuti criminali, violenti, pornografici, razzisti, xenofobi, offensivi, che incitano al terrorismo o, in generale, contrari alla legge o all&#8217;ordine pubblico;<\/li><li>introdurre virus informatici nella rete o compiere azioni che possano alterare, rovinare, interrompere o generare errori o danni nei documenti elettronici, nei dati o nei sistemi fisici e logici di REAL ESTATE o di terzi, nonch\u00e9 ostacolare l&#8217;accesso di altri Utenti al sito web e ai suoi servizi;<\/li><li>cercare di accedere ad aree riservate dei sistemi informatici di REAL ESTATE o di terzi e, se del caso, estrarre informazioni;<\/li><li>impersonare l&#8217;identit\u00e0 di un altro Utente, delle pubbliche amministrazioni o di terzi;<\/li><li>raccogliere dati per scopi pubblicitari e inviare pubblicit\u00e0 di qualsiasi tipo e comunicazioni per la vendita o altri scopi commerciali senza previa richiesta o consenso.<\/li><\/ul><h3><strong>5. IFRAMES<\/strong><\/h3><p>Senza previa approvazione ed espressa autorizzazione scritta, non puoi creare cornici intorno alle nostre pagine web o utilizzare altre tecniche che alterino in qualsiasi modo la presentazione visiva o l&#8217;aspetto del nostro sito web.<\/p><h3><strong>6. VALIDIT\u00c0<\/strong><\/h3><p>Nel caso in cui una qualsiasi disposizione o parte di essa del presente avviso sia ritenuta non valida, tale fatto non pregiudicher\u00e0 la validit\u00e0 delle restanti.<\/p>\t\t\t\t\t\t\t\t<\/div>\n\t\t\t\t<\/div>\n\t\t\t\t<\/div>\n\t\t\t\t<\/div>\n\t\t","protected":false},"excerpt":{"rendered":"<p>TERMINI E CONDIZIONI 1. DATI IDENTIFICATIVI DELL&#8217;AZIENDA Ai sensi del Decreto Legislativo italiano n.196\/2003 e dell&#8217;articolo 13 del Regolamento UE 2016\/679 l&#8217;utente \u00e8 informato che la propriet\u00e0 di questo sito web appartiene a NOME DELL&#8217;IMPRESA: &#8230;&#8230;&#8230;. PARTITA IVA: &#8230;&#8230;&#8230;. NUMERO REA: &#8230;&#8230;&#8230;. INDIRIZZO: &#8230;&#8230;&#8230;. E-MAIL: &#8230;&#8230;&#8230;. PEC (POSTA CERTIFICATA): &#8230;&#8230;&#8230;. TELEFONO: &#8230;&#8230;&#8230;. Il sito web www.housesaleitaly.com \u00e8 ospitato da: &#8230;&#8230;&#8230;. 2. OGGETTO Lo scopo del presente Accordo \u00e8 quello di regolare i Termini e le Condizioni applicabili al servizio di prenotazione attraverso il sito web www.housesaleitaly.com (indicato anche come &#8220;Piattaforma&#8221;), che appartiene a REAL ESTATE, un&#8217;agenzia dedicata alla vendita di case in Italia. 3. USO AUTORIZZATO DEL SITO E DEI CONTENUTI L&#8217;utente \u00e8 autorizzato ad accedere ai contenuti di questo sito web a condizione che si impegni rigorosamente a un uso corretto in conformit\u00e0 con questi termini, in particolare i diritti di propriet\u00e0 intellettuale e industriale concessi dalla legge che sono ripresi in dettaglio nella sezione corrispondente di questo articolato e per i quali \u00e8 espressamente vietato l&#8217;uso degli stessi in forma fraudolenta, per scopi illeciti o commerciali, senza espressa autorizzazione scritta da parte del proprietario.REAL ESTATE si riserva il diritto di impedire agli utenti che violano queste condizioni di accedere al suo sito web e ai suoi contenuti in qualsiasi momento e senza preavviso.REAL ESTATE si riserva il diritto di eliminare o sospendere in tutto o in parte le informazioni presenti su www.housesaleitaly.com, di modificare la struttura e il contenuto di questo sito web senza preavviso e di limitare o non consentire l&#8217;accesso a tali informazioni.REAL ESTATE si riserva il diritto di modificare, in conformit\u00e0 alle leggi vigenti, i presenti termini e condizioni, l&#8217;informativa sulla privacy e l&#8217;informativa sui cookie unilateralmente e senza preavviso, con l&#8217;unico obbligo di informare l&#8217;utente delle modifiche apportate attraverso il nostro sito web http:\/\/housesaleitaly.com. 4. PROPRIET\u00c0 INTELLETTUALE, REGOLE E DIVIETI REAL ESTATE si riserva tutti i diritti di propriet\u00e0 intellettuale e industriale derivanti da questo sito web, richiedendo l&#8217;espressa autorizzazione scritta di REAL ESTATE per qualsiasi esercizio e utilizzo degli stessi.Questa riserva di diritti riguarda sia i contenuti che possono essere inclusi e distribuiti attraverso questo sito web in qualsiasi formato, sia il codice, il design e la struttura di navigazione del sito web.Se non diversamente specificato, REAL ESTATE e\/o i suoi licenziatari detengono i diritti di propriet\u00e0 intellettuale per tutto il materiale presente su REAL ESTATE.Tutti i diritti di propriet\u00e0 intellettuale sono riservati.\u00c8 possibile visualizzare e\/o stampare le pagine del sito https:\/\/housesaleitaly.com per uso personale, nel rispetto delle restrizioni stabilite nei presenti termini e condizioni. Non devi: ripubblicare materiale da https:\/\/housesaleitaly.com; vendere, affittare o concedere in sublicenza il materiale di https:\/\/housesaleitaly.com; riprodurre, duplicare o copiare materiale da https:\/\/housesaleitaly.com; ridistribuire il contenuto di https:\/\/housesaleitaly.com (a meno che il contenuto non sia stato specificamente creato per la ridistribuzione); diffondere contenuti criminali, violenti, pornografici, razzisti, xenofobi, offensivi, che incitano al terrorismo o, in generale, contrari alla legge o all&#8217;ordine pubblico; introdurre virus informatici nella rete o compiere azioni che possano alterare, rovinare, interrompere o generare errori o danni nei documenti elettronici, nei dati o nei sistemi fisici e logici di REAL ESTATE o di terzi, nonch\u00e9 ostacolare l&#8217;accesso di altri Utenti al sito web e ai suoi servizi; cercare di accedere ad aree riservate dei sistemi informatici di REAL ESTATE o di terzi e, se del caso, estrarre informazioni; impersonare l&#8217;identit\u00e0 di un altro Utente, delle pubbliche amministrazioni o di terzi; raccogliere dati per scopi pubblicitari e inviare pubblicit\u00e0 di qualsiasi tipo e comunicazioni per la vendita o altri scopi commerciali senza previa richiesta o consenso. 5. IFRAMES Senza previa approvazione ed espressa autorizzazione scritta, non puoi creare cornici intorno alle nostre pagine web o utilizzare altre tecniche che alterino in qualsiasi modo la presentazione visiva o l&#8217;aspetto del nostro sito web. 6. VALIDIT\u00c0 Nel caso in cui una qualsiasi disposizione o parte di essa del presente avviso sia ritenuta non valida, tale fatto non pregiudicher\u00e0 la validit\u00e0 delle restanti.<\/p>\n","protected":false},"author":1,"featured_media":0,"parent":0,"menu_order":0,"comment_status":"closed","ping_status":"closed","template":"elementor_header_footer","meta":{"footnotes":""},"class_list":["post-19750","page","type-page","status-publish","hentry"],"_links":{"self":[{"href":"https:\/\/housesaleitaly.com\/it\/wp-json\/wp\/v2\/pages\/19750","targetHints":{"allow":["GET"]}}],"collection":[{"href":"https:\/\/housesaleitaly.com\/it\/wp-json\/wp\/v2\/pages"}],"about":[{"href":"https:\/\/housesaleitaly.com\/it\/wp-json\/wp\/v2\/types\/page"}],"author":[{"embeddable":true,"href":"https:\/\/housesaleitaly.com\/it\/wp-json\/wp\/v2\/users\/1"}],"replies":[{"embeddable":true,"href":"https:\/\/housesaleitaly.com\/it\/wp-json\/wp\/v2\/comments?post=19750"}],"version-history":[{"count":3,"href":"https:\/\/housesaleitaly.com\/it\/wp-json\/wp\/v2\/pages\/19750\/revisions"}],"predecessor-version":[{"id":27662,"href":"https:\/\/housesaleitaly.com\/it\/wp-json\/wp\/v2\/pages\/19750\/revisions\/27662"}],"wp:attachment":[{"href":"https:\/\/housesaleitaly.com\/it\/wp-json\/wp\/v2\/media?parent=19750"}],"curies":[{"name":"wp","href":"https:\/\/api.w.org\/{rel}","templated":true}]}}