{"id":19629,"date":"2024-08-06T15:59:44","date_gmt":"2024-08-06T13:59:44","guid":{"rendered":"http:\/\/housesaleitaly.com\/liguria\/"},"modified":"2026-02-13T11:45:53","modified_gmt":"2026-02-13T10:45:53","slug":"liguria","status":"publish","type":"page","link":"https:\/\/housesaleitaly.com\/it\/liguria\/","title":{"rendered":"Liguria"},"content":{"rendered":"\t\t<div data-elementor-type=\"wp-page\" data-elementor-id=\"19629\" class=\"elementor elementor-19629 elementor-19206\">\n\t\t\t\t\t\t<section class=\"elementor-section elementor-top-section elementor-element elementor-element-53a783cd elementor-section-height-min-height animated-slow elementor-section-boxed elementor-section-height-default elementor-section-items-middle wpr-particle-no wpr-jarallax-no wpr-parallax-no wpr-sticky-section-no wpr-equal-height-no elementor-invisible\" data-id=\"53a783cd\" data-element_type=\"section\" data-e-type=\"section\" data-settings=\"{&quot;background_background&quot;:&quot;classic&quot;,&quot;animation&quot;:&quot;fadeIn&quot;}\">\n\t\t\t\t\t\t\t<div class=\"elementor-background-overlay\"><\/div>\n\t\t\t\t\t\t\t<div class=\"elementor-container elementor-column-gap-default\">\n\t\t\t\t\t<div class=\"elementor-column elementor-col-100 elementor-top-column elementor-element elementor-element-447c1c92\" data-id=\"447c1c92\" data-element_type=\"column\" data-e-type=\"column\">\n\t\t\t<div class=\"elementor-widget-wrap elementor-element-populated\">\n\t\t\t\t\t\t<div class=\"elementor-element elementor-element-3a08b0b8 elementor-widget elementor-widget-heading\" data-id=\"3a08b0b8\" data-element_type=\"widget\" data-e-type=\"widget\" data-widget_type=\"heading.default\">\n\t\t\t\t<div class=\"elementor-widget-container\">\n\t\t\t\t\t<h1 class=\"elementor-heading-title elementor-size-default\">LA LIGURIA<\/h1>\t\t\t\t<\/div>\n\t\t\t\t<\/div>\n\t\t\t\t\t<\/div>\n\t\t<\/div>\n\t\t\t\t\t<\/div>\n\t\t<\/section>\n\t\t\t\t<section class=\"elementor-section elementor-top-section elementor-element elementor-element-64424d39 elementor-section-boxed elementor-section-height-default elementor-section-height-default wpr-particle-no wpr-jarallax-no wpr-parallax-no wpr-sticky-section-no wpr-equal-height-no\" data-id=\"64424d39\" data-element_type=\"section\" data-e-type=\"section\" data-settings=\"{&quot;background_background&quot;:&quot;classic&quot;}\">\n\t\t\t\t\t\t<div class=\"elementor-container elementor-column-gap-default\">\n\t\t\t\t\t<div class=\"elementor-column elementor-col-100 elementor-top-column elementor-element elementor-element-649c2363\" data-id=\"649c2363\" data-element_type=\"column\" data-e-type=\"column\">\n\t\t\t<div class=\"elementor-widget-wrap elementor-element-populated\">\n\t\t\t\t\t\t<div class=\"elementor-element elementor-element-6bb7b7a9 elementor-widget elementor-widget-text-editor\" data-id=\"6bb7b7a9\" data-element_type=\"widget\" data-e-type=\"widget\" data-widget_type=\"text-editor.default\">\n\t\t\t\t<div class=\"elementor-widget-container\">\n\t\t\t\t\t\t\t\t\t<p>La Liguria \u00e8 un luogo davvero speciale. Per chi non ne avesse mai sentito parlare, si trova nel nord Italia. Si estende per 280 chilometri lungo la costa nord-occidentale tra la Toscana e la Francia.<\/p><p>Questa zona gode di un microclima particolarmente favorevole grazie all&#8217;azione del mare che mitiga le temperature. Infatti, pur essendo nel nord Italia, qui non c&#8217;\u00e8 mai la nebbia e la temperatura di solito non scende sotto gli 8 gradi centigradi. Inoltre, non \u00e8 raro che in Liguria, anche nei mesi pi\u00f9 freddi, si raggiungano i 20 gradi centigradi durante il giorno. Questo rende possibile passeggiare tranquillamente in maglietta anche a gennaio o febbraio.<\/p><p>Infatti, la provincia di Imperia ha il miglior clima d&#8217;Italia. Lo riportano diverse fonti, tra cui il servizio di previsioni meteo <a href=\"https:\/\/www.ilmeteo.it\" target=\"_blank\" rel=\"noopener\">iLMeteo.it<\/a> e lo storico quotidiano <a href=\"https:\/\/www.corriere.it\/cronache\/indice-climatico-italia\/index.shtml\" target=\"_blank\" rel=\"noopener\">Il corriere della sera<\/a>. Questa affermazione deriva dall&#8217;analisi di 380 milioni di dati meteo relativi a 108 citt\u00e0 italiane.<\/p><p>Le condizioni climatiche particolarmente favorevoli di questa zona della Liguria attirano anche molti pensionati provenienti da tutto il mondo che decidono di stabilirsi qui per la alta qualit\u00e0 della vita.<\/p><p>Grazie a questo clima eccellente, in Liguria crescono piante esotiche non endemiche tipiche dei paesi caldi. Ad esempio, troviamo eucalipto, agave, aloe, yucca, dracena draco, catctus opuntia, jacaranda e molte altre. Non \u00e8 un caso che il viaggiatore inglese Sir Thomas Hanbury abbia creato qui uno dei giardini di acclimatazione pi\u00f9 famosi d&#8217;Europa. Egli raccolse specie botaniche da tutto il mondo e le piant\u00f2 nei terreni adiacenti alla sua villa di Ventimiglia.<\/p><p>Il turismo in Liguria ha una lunga storia che risale al 1800. Le persone venivano qui nei mesi invernali per sfuggire al freddo. All&#8217;inizio erano soprattutto turisti inglesi. Poi ci fu anche un afflusso di turisti dalla Russia in seguito al soggiorno della zarina Maria Aleksandrovna a Sanremo. La nobildonna russa, moglie dell&#8217;imperatore Alessandro II, trascorse qui l&#8217;inverno tra il 1874 e il 1875 e se ne innamor\u00f2!<\/p><p>Al giorno d&#8217;oggi, turisti da tutto il mondo visitano la Liguria. Ci\u00f2 \u00e8 facilitato anche dalla vicinanza dell&#8217;aeroporto internazionale di Nizza, nella splendida Costa Azzurra, che dista solo un&#8217;ora di auto. Inoltre, navi da crociera provenienti da tutto il mondo arrivano nei porti di Genova, Savona e La Spezia.<\/p><p>La Liguria \u00e8 un luogo unico. Qui le Alpi finiscono vicino al mare, creando paesaggi mozzafiato. L&#8217;ottimo clima rende possibili molte attivit\u00e0 all&#8217;aperto, dallo sci sulle Alpi in inverno agli sport in mare come andare in barca o in kayak durante tutto l&#8217;anno. Per non parlare del ciclismo, il re degli sport in questa zona grazie a una pista ciclabile di 29 km da Ospedaletti a Imperia. Chi ha la fortuna di vivere in questa zona pu\u00f2 quindi godersi il mare e la montagna.<\/p><p>Questa zona ha una lunga storia, essendo stata abitata dall&#8217;antico popolo dei <a href=\"https:\/\/it.wikipedia.org\/wiki\/Liguri\" target=\"_blank\" rel=\"noopener\">Liguri<\/a>, poi conquistato dai Romani. La posizione strategica della regione ne ha fatto un centro di commercio marittimo, in particolare durante il periodo delle <a href=\"https:\/\/it.wikipedia.org\/wiki\/Repubbliche_marinare\" target=\"_blank\" rel=\"noopener\">Repubbliche Marinare Medievali<\/a>, quando rivaleggiava con Venezia e Amalfi per potenza e influenza navale.<\/p><p>Numerosi festival culturali si svolgono in Liguria durante l&#8217;anno, come il Salone Nautico Internazionale di Genova, il Festival della Musica Classica di Portofino e la Festa della Madonna della Guardia di Genova. Queste celebrazioni mettono in risalto l&#8217;arte, la musica e le tradizioni della regione.<\/p><p>Qui troviamo una radicata tradizione culturale e culinaria. Genova era un tempo un&#8217;importante repubblica marinara e la sua storia si riflette nell&#8217;architettura e nell&#8217;arte. La regione \u00e8 nota anche per il suo contributo alla cucina italiana, in particolare per la famosa salsa al pesto, a base di basilico, aglio, pinoli, olio d&#8217;oliva e parmigiano.<\/p><p>La cucina regionale si basa su pesce fresco, olio d&#8217;oliva e prodotti locali. Oltre al pesto, la regione \u00e8 nota per piatti come la focaccia, le trofie e lo sciacchetr\u00e0.<\/p><p>Tra le varie specialit\u00e0 della zona ci sono le <a href=\"https:\/\/it.wikipedia.org\/wiki\/Oliva_taggiasca\" target=\"_blank\" rel=\"noopener\">olive taggiasche<\/a>, piccole olive scure apprezzate per il loro sapore ricco. La regione produce alcuni dei migliori oli d&#8217;oliva d&#8217;Italia ed \u00e8 una parte fondamentale dell&#8217;economia e della cucina locale.<\/p><p>In breve, la Liguria offre un mix di bellezze naturali, ricca storia e delizie culinarie che la rendono una delle regioni pi\u00f9 affascinanti d&#8217;Italia. Allora, cosa stai aspettando? <a href=\"https:\/\/housesaleitaly.com\/it\/chi-siamo\/\" target=\"_blank\" rel=\"noopener\">Ti<\/a> invitiamo a visitare la regione Liguria il prima possibile e a giudicare tu stesso!<\/p>\t\t\t\t\t\t\t\t<\/div>\n\t\t\t\t<\/div>\n\t\t\t\t\t<\/div>\n\t\t<\/div>\n\t\t\t\t\t<\/div>\n\t\t<\/section>\n\t\t\t\t<\/div>\n\t\t","protected":false},"excerpt":{"rendered":"<p>LA LIGURIA La Liguria \u00e8 un luogo davvero speciale. Per chi non ne avesse mai sentito parlare, si trova nel nord Italia. Si estende per 280 chilometri lungo la costa nord-occidentale tra la Toscana e la Francia. Questa zona gode di un microclima particolarmente favorevole grazie all&#8217;azione del mare che mitiga le temperature. Infatti, pur essendo nel nord Italia, qui non c&#8217;\u00e8 mai la nebbia e la temperatura di solito non scende sotto gli 8 gradi centigradi. Inoltre, non \u00e8 raro che in Liguria, anche nei mesi pi\u00f9 freddi, si raggiungano i 20 gradi centigradi durante il giorno. Questo rende possibile passeggiare tranquillamente in maglietta anche a gennaio o febbraio. Infatti, la provincia di Imperia ha il miglior clima d&#8217;Italia. Lo riportano diverse fonti, tra cui il servizio di previsioni meteo iLMeteo.it e lo storico quotidiano Il corriere della sera. Questa affermazione deriva dall&#8217;analisi di 380 milioni di dati meteo relativi a 108 citt\u00e0 italiane. Le condizioni climatiche particolarmente favorevoli di questa zona della Liguria attirano anche molti pensionati provenienti da tutto il mondo che decidono di stabilirsi qui per la alta qualit\u00e0 della vita. Grazie a questo clima eccellente, in Liguria crescono piante esotiche non endemiche tipiche dei paesi caldi. Ad esempio, troviamo eucalipto, agave, aloe, yucca, dracena draco, catctus opuntia, jacaranda e molte altre. Non \u00e8 un caso che il viaggiatore inglese Sir Thomas Hanbury abbia creato qui uno dei giardini di acclimatazione pi\u00f9 famosi d&#8217;Europa. Egli raccolse specie botaniche da tutto il mondo e le piant\u00f2 nei terreni adiacenti alla sua villa di Ventimiglia. Il turismo in Liguria ha una lunga storia che risale al 1800. Le persone venivano qui nei mesi invernali per sfuggire al freddo. All&#8217;inizio erano soprattutto turisti inglesi. Poi ci fu anche un afflusso di turisti dalla Russia in seguito al soggiorno della zarina Maria Aleksandrovna a Sanremo. La nobildonna russa, moglie dell&#8217;imperatore Alessandro II, trascorse qui l&#8217;inverno tra il 1874 e il 1875 e se ne innamor\u00f2! Al giorno d&#8217;oggi, turisti da tutto il mondo visitano la Liguria. Ci\u00f2 \u00e8 facilitato anche dalla vicinanza dell&#8217;aeroporto internazionale di Nizza, nella splendida Costa Azzurra, che dista solo un&#8217;ora di auto. Inoltre, navi da crociera provenienti da tutto il mondo arrivano nei porti di Genova, Savona e La Spezia. La Liguria \u00e8 un luogo unico. Qui le Alpi finiscono vicino al mare, creando paesaggi mozzafiato. L&#8217;ottimo clima rende possibili molte attivit\u00e0 all&#8217;aperto, dallo sci sulle Alpi in inverno agli sport in mare come andare in barca o in kayak durante tutto l&#8217;anno. Per non parlare del ciclismo, il re degli sport in questa zona grazie a una pista ciclabile di 29 km da Ospedaletti a Imperia. Chi ha la fortuna di vivere in questa zona pu\u00f2 quindi godersi il mare e la montagna. Questa zona ha una lunga storia, essendo stata abitata dall&#8217;antico popolo dei Liguri, poi conquistato dai Romani. La posizione strategica della regione ne ha fatto un centro di commercio marittimo, in particolare durante il periodo delle Repubbliche Marinare Medievali, quando rivaleggiava con Venezia e Amalfi per potenza e influenza navale. Numerosi festival culturali si svolgono in Liguria durante l&#8217;anno, come il Salone Nautico Internazionale di Genova, il Festival della Musica Classica di Portofino e la Festa della Madonna della Guardia di Genova. Queste celebrazioni mettono in risalto l&#8217;arte, la musica e le tradizioni della regione. Qui troviamo una radicata tradizione culturale e culinaria. Genova era un tempo un&#8217;importante repubblica marinara e la sua storia si riflette nell&#8217;architettura e nell&#8217;arte. La regione \u00e8 nota anche per il suo contributo alla cucina italiana, in particolare per la famosa salsa al pesto, a base di basilico, aglio, pinoli, olio d&#8217;oliva e parmigiano. La cucina regionale si basa su pesce fresco, olio d&#8217;oliva e prodotti locali. Oltre al pesto, la regione \u00e8 nota per piatti come la focaccia, le trofie e lo sciacchetr\u00e0. Tra le varie specialit\u00e0 della zona ci sono le olive taggiasche, piccole olive scure apprezzate per il loro sapore ricco. La regione produce alcuni dei migliori oli d&#8217;oliva d&#8217;Italia ed \u00e8 una parte fondamentale dell&#8217;economia e della cucina locale. In breve, la Liguria offre un mix di bellezze naturali, ricca storia e delizie culinarie che la rendono una delle regioni pi\u00f9 affascinanti d&#8217;Italia. Allora, cosa stai aspettando? Ti invitiamo a visitare la regione Liguria il prima possibile e a giudicare tu stesso!<\/p>\n","protected":false},"author":1,"featured_media":0,"parent":0,"menu_order":0,"comment_status":"closed","ping_status":"closed","template":"elementor_header_footer","meta":{"footnotes":""},"class_list":["post-19629","page","type-page","status-publish","hentry"],"_links":{"self":[{"href":"https:\/\/housesaleitaly.com\/it\/wp-json\/wp\/v2\/pages\/19629","targetHints":{"allow":["GET"]}}],"collection":[{"href":"https:\/\/housesaleitaly.com\/it\/wp-json\/wp\/v2\/pages"}],"about":[{"href":"https:\/\/housesaleitaly.com\/it\/wp-json\/wp\/v2\/types\/page"}],"author":[{"embeddable":true,"href":"https:\/\/housesaleitaly.com\/it\/wp-json\/wp\/v2\/users\/1"}],"replies":[{"embeddable":true,"href":"https:\/\/housesaleitaly.com\/it\/wp-json\/wp\/v2\/comments?post=19629"}],"version-history":[{"count":3,"href":"https:\/\/housesaleitaly.com\/it\/wp-json\/wp\/v2\/pages\/19629\/revisions"}],"predecessor-version":[{"id":27702,"href":"https:\/\/housesaleitaly.com\/it\/wp-json\/wp\/v2\/pages\/19629\/revisions\/27702"}],"wp:attachment":[{"href":"https:\/\/housesaleitaly.com\/it\/wp-json\/wp\/v2\/media?parent=19629"}],"curies":[{"name":"wp","href":"https:\/\/api.w.org\/{rel}","templated":true}]}}