{"id":25857,"date":"2025-03-01T23:24:44","date_gmt":"2025-03-01T22:24:44","guid":{"rendered":"http:\/\/housesaleitaly.com\/?page_id=25857"},"modified":"2026-02-13T12:00:25","modified_gmt":"2026-02-13T11:00:25","slug":"appartement-a-vendre-a-bordighera","status":"publish","type":"page","link":"https:\/\/housesaleitaly.com\/fr\/appartement-a-vendre-a-bordighera\/","title":{"rendered":"Appartement \u00e0 vendre \u00e0 Bordighera"},"content":{"rendered":"\t\t<div data-elementor-type=\"wp-page\" data-elementor-id=\"25857\" class=\"elementor elementor-25857 elementor-25477\">\n\t\t\t\t<div class=\"elementor-element elementor-element-50da6e1e e-flex e-con-boxed wpr-particle-no wpr-jarallax-no wpr-parallax-no wpr-sticky-section-no wpr-equal-height-no e-con e-parent\" data-id=\"50da6e1e\" data-element_type=\"container\" data-e-type=\"container\">\n\t\t\t\t\t<div class=\"e-con-inner\">\n\t\t\t\t<div class=\"elementor-element elementor-element-459df254 elementor-widget elementor-widget-houzez_elementor_space\" data-id=\"459df254\" data-element_type=\"widget\" data-e-type=\"widget\" data-widget_type=\"houzez_elementor_space.default\">\n\t\t\t\t<div class=\"elementor-widget-container\">\n\t\t\t\t\t        <div class=\"houzez-spacer\">\n            <div class=\"houzez-spacer-inner\"><\/div>\n        <\/div>\n        \t\t\t\t<\/div>\n\t\t\t\t<\/div>\n\t\t\t\t<div class=\"elementor-element elementor-element-119fb438 elementor-arrows-position-inside elementor-pagination-position-outside elementor-widget elementor-widget-image-carousel\" data-id=\"119fb438\" data-element_type=\"widget\" data-e-type=\"widget\" data-settings=\"{&quot;slides_to_show&quot;:&quot;1&quot;,&quot;navigation&quot;:&quot;both&quot;,&quot;autoplay&quot;:&quot;yes&quot;,&quot;pause_on_hover&quot;:&quot;yes&quot;,&quot;pause_on_interaction&quot;:&quot;yes&quot;,&quot;autoplay_speed&quot;:5000,&quot;infinite&quot;:&quot;yes&quot;,&quot;effect&quot;:&quot;slide&quot;,&quot;speed&quot;:500}\" data-widget_type=\"image-carousel.default\">\n\t\t\t\t<div class=\"elementor-widget-container\">\n\t\t\t\t\t\t\t<div class=\"elementor-image-carousel-wrapper swiper\" role=\"region\" aria-roledescription=\"carousel\" aria-label=\"Bordighera\" dir=\"ltr\">\n\t\t\t<div class=\"elementor-image-carousel swiper-wrapper\" aria-live=\"off\">\n\t\t\t\t\t\t\t\t<div class=\"swiper-slide\" role=\"group\" aria-roledescription=\"slide\" aria-label=\"1 sur 9\"><figure class=\"swiper-slide-inner\"><img decoding=\"async\" class=\"swiper-slide-image\" src=\"https:\/\/housesaleitaly.com\/wp-content\/uploads\/2026\/02\/IMG20250303134135-scaled.jpg\" alt=\"oplus_3145728\" \/><\/figure><\/div><div class=\"swiper-slide\" role=\"group\" aria-roledescription=\"slide\" aria-label=\"2 sur 9\"><figure class=\"swiper-slide-inner\"><img decoding=\"async\" class=\"swiper-slide-image\" src=\"https:\/\/housesaleitaly.com\/wp-content\/uploads\/2026\/02\/IMG20250303140826-scaled.jpg\" alt=\"oplus_3145728\" \/><\/figure><\/div><div class=\"swiper-slide\" role=\"group\" aria-roledescription=\"slide\" aria-label=\"3 sur 9\"><figure class=\"swiper-slide-inner\"><img decoding=\"async\" class=\"swiper-slide-image\" src=\"https:\/\/housesaleitaly.com\/wp-content\/uploads\/2026\/02\/IMG20250303140704-scaled.jpg\" alt=\"oplus_3145728\" \/><\/figure><\/div><div class=\"swiper-slide\" role=\"group\" aria-roledescription=\"slide\" aria-label=\"4 sur 9\"><figure class=\"swiper-slide-inner\"><img decoding=\"async\" class=\"swiper-slide-image\" src=\"https:\/\/housesaleitaly.com\/wp-content\/uploads\/2026\/02\/IMG20250303135642-scaled.jpg\" alt=\"oplus_3145728\" \/><\/figure><\/div><div class=\"swiper-slide\" role=\"group\" aria-roledescription=\"slide\" aria-label=\"5 sur 9\"><figure class=\"swiper-slide-inner\"><img decoding=\"async\" class=\"swiper-slide-image\" src=\"https:\/\/housesaleitaly.com\/wp-content\/uploads\/2026\/02\/IMG20250303135221-scaled.jpg\" alt=\"oplus_3145728\" \/><\/figure><\/div><div class=\"swiper-slide\" role=\"group\" aria-roledescription=\"slide\" aria-label=\"6 sur 9\"><figure class=\"swiper-slide-inner\"><img decoding=\"async\" class=\"swiper-slide-image\" src=\"https:\/\/housesaleitaly.com\/wp-content\/uploads\/2026\/02\/IMG20250303134454-scaled.jpg\" alt=\"oplus_3145728\" \/><\/figure><\/div><div class=\"swiper-slide\" role=\"group\" aria-roledescription=\"slide\" aria-label=\"7 sur 9\"><figure class=\"swiper-slide-inner\"><img decoding=\"async\" class=\"swiper-slide-image\" src=\"https:\/\/housesaleitaly.com\/wp-content\/uploads\/2026\/02\/IMG20250303134216-scaled.jpg\" alt=\"oplus_3145728\" \/><\/figure><\/div><div class=\"swiper-slide\" role=\"group\" aria-roledescription=\"slide\" aria-label=\"8 sur 9\"><figure class=\"swiper-slide-inner\"><img decoding=\"async\" class=\"swiper-slide-image\" src=\"https:\/\/housesaleitaly.com\/wp-content\/uploads\/2026\/02\/IMG20250303133617-scaled.jpg\" alt=\"oplus_3145728\" \/><\/figure><\/div><div class=\"swiper-slide\" role=\"group\" aria-roledescription=\"slide\" aria-label=\"9 sur 9\"><figure class=\"swiper-slide-inner\"><img decoding=\"async\" class=\"swiper-slide-image\" src=\"https:\/\/housesaleitaly.com\/wp-content\/uploads\/2026\/02\/IMG20250303131853-scaled.jpg\" alt=\"oplus_3145728\" \/><\/figure><\/div>\t\t\t<\/div>\n\t\t\t\t\t\t\t\t\t\t\t\t<div class=\"elementor-swiper-button elementor-swiper-button-prev\" role=\"button\" tabindex=\"0\">\n\t\t\t\t\t\t<svg aria-hidden=\"true\" class=\"e-font-icon-svg e-eicon-chevron-left\" viewBox=\"0 0 1000 1000\" xmlns=\"http:\/\/www.w3.org\/2000\/svg\"><path d=\"M646 125C629 125 613 133 604 142L308 442C296 454 292 471 292 487 292 504 296 521 308 533L604 854C617 867 629 875 646 875 663 875 679 871 692 858 704 846 713 829 713 812 713 796 708 779 692 767L438 487 692 225C700 217 708 204 708 187 708 171 704 154 692 142 675 129 663 125 646 125Z\"><\/path><\/svg>\t\t\t\t\t<\/div>\n\t\t\t\t\t<div class=\"elementor-swiper-button elementor-swiper-button-next\" role=\"button\" tabindex=\"0\">\n\t\t\t\t\t\t<svg aria-hidden=\"true\" class=\"e-font-icon-svg e-eicon-chevron-right\" viewBox=\"0 0 1000 1000\" xmlns=\"http:\/\/www.w3.org\/2000\/svg\"><path d=\"M696 533C708 521 713 504 713 487 713 471 708 454 696 446L400 146C388 133 375 125 354 125 338 125 325 129 313 142 300 154 292 171 292 187 292 204 296 221 308 233L563 492 304 771C292 783 288 800 288 817 288 833 296 850 308 863 321 871 338 875 354 875 371 875 388 867 400 854L696 533Z\"><\/path><\/svg>\t\t\t\t\t<\/div>\n\t\t\t\t\n\t\t\t\t\t\t\t\t\t<div class=\"swiper-pagination\"><\/div>\n\t\t\t\t\t\t\t\t\t<\/div>\n\t\t\t\t\t\t<\/div>\n\t\t\t\t<\/div>\n\t\t\t\t<div class=\"elementor-element elementor-element-66c352f5 elementor-widget elementor-widget-text-editor\" data-id=\"66c352f5\" data-element_type=\"widget\" data-e-type=\"widget\" data-widget_type=\"text-editor.default\">\n\t\t\t\t<div class=\"elementor-widget-container\">\n\t\t\t\t\t\t\t\t\t<p>Vous \u00eates int\u00e9ress\u00e9 par un appartement \u00e0 vendre \u00e0 Bordighera ? Nous avons le plaisir de vous pr\u00e9senter cette zone et ses principales caract\u00e9ristiques qui la rendent unique.<\/p><p>Nous sommes sp\u00e9cialis\u00e9s dans la vente de <a href=\"https:\/\/housesaleitaly.com\/fr\/nos-proprietes\/\" target=\"_blank\" rel=\"noopener\">biens immobiliers<\/a> de qualit\u00e9 \u00e0 Bordighera, une charmante ville situ\u00e9e sur la c\u00f4te ligure, pr\u00e8s de la fronti\u00e8re fran\u00e7aise. Cette zone est probablement la plus prestigieuse de la province d&#8217;Imperia et l&#8217;une des meilleures de la Ligurie. Cela est principalement d\u00fb \u00e0 sa proximit\u00e9 avec la c\u00e9l\u00e8bre C\u00f4te d&#8217;Azur. En effet, celle-ci est accessible en seulement 15 minutes en voiture. Bordighera est un point de d\u00e9part id\u00e9al pour explorer les c\u00f4tes italiennes et fran\u00e7aises. Des villes comme San Remo, Imperia, Menton, Monaco et Nice sont facilement accessibles.<\/p><p>L&#8217;une des raisons pour lesquelles nous recommandons d&#8217;investir dans un appartement \u00e0 vendre \u00e0 Bordighera est l&#8217;\u00e9tat d&#8217;entretien des propri\u00e9t\u00e9s. Celles-ci sont pour la plupart bien entretenues. Le quartier est calme et s\u00fbr et l&#8217;a\u00e9roport international de Nice n&#8217;est qu&#8217;\u00e0 45 minutes. Il est donc tr\u00e8s facile de se rendre \u00e0 Bordighera car il y a de nombreux vols internationaux \u00e0 destination de Nice chaque semaine.<\/p><h5>Bordighera est sp\u00e9cial pour plusieurs raisons:<\/h5><p>1. Climat m\u00e9diterran\u00e9en: Bordighera jouit d&#8217;un climat doux et ensoleill\u00e9 tout au long de l&#8217;ann\u00e9e, avec des \u00e9t\u00e9s chauds et des hivers doux, ce qui en fait une destination populaire pour les vacanciers \u00e0 la recherche d&#8217;un environnement baln\u00e9aire relaxant.<\/p><p>2. Bordighera, situ\u00e9e le long de la mer Ligure, offre de belles plages, des eaux claires et des vues panoramiques sur la c\u00f4te. Son Lungomare Argentina, la plus longue promenade de la Riviera, offre de belles promenades le long de la c\u00f4te. L&#8217;excellente situation de la ville influe sur le prix d&#8217;un appartement \u00e0 vendre \u00e0 Bordighera.<\/p><p>3. Une v\u00e9g\u00e9tation luxuriante: la ville est connue pour sa riche v\u00e9g\u00e9tation, en particulier les palmiers, les oliviers et les plantes non indig\u00e8nes. En fait, Bordighera est souvent appel\u00e9e la \u00ab ville des palmiers \u00bb. Le <a href=\"https:\/\/giardinihanbury.com\/fr\" target=\"_blank\" rel=\"noopener\">jardin botanique Hanbury<\/a>, situ\u00e9 \u00e0 proximit\u00e9, pr\u00e9sente une vaste collection de plantes m\u00e9diterran\u00e9ennes et \u00e9trang\u00e8res.<\/p><p>4. Patrimoine historique et artistique: Bordighera a une riche histoire culturelle et artistique. Elle a \u00e9t\u00e9 la destination pr\u00e9f\u00e9r\u00e9e de nombreux artistes, dont Claude Monet, qui a peint plusieurs paysages de la ville. Il est \u00e9galement possible de visiter la Villa Garnier, l&#8217;ancienne r\u00e9sidence de l&#8217;architecte fran\u00e7ais Charles Garnier, qui a contribu\u00e9 \u00e0 l&#8217;essor de la ville au XIXe si\u00e8cle. Ce facteur accro\u00eet l&#8217;int\u00e9r\u00eat des investisseurs pour un appartement \u00e0 vendre \u00e0 Bordighera.<\/p><p>5. Le charme du centre historique: le centre historique, Bordighera Alta, est un charmant village m\u00e9di\u00e9val perch\u00e9 sur une colline. Ses rues \u00e9troites et sinueuses, ses b\u00e2timents anciens et ses places pittoresques offrent un aper\u00e7u du pass\u00e9 de la ville.<\/p><p>6. \u00c9v\u00e9nements culturels: Bordighera accueille un certain nombre d&#8217;\u00e9v\u00e9nements culturels, notamment des concerts de musique, des expositions d&#8217;art et des festivals. La Sagra della Madonna della Neve, par exemple, est une manifestation qui se d\u00e9roule dans la ville de Bordighera.<\/p><h5>Ces facteurs se combinent pour faire de Bordighera une destination unique et attrayante pour les visiteurs qui veulent d\u00e9couvrir la beaut\u00e9 et la culture de la Riviera italienne.<\/h5><p>Un appartement \u00e0 vendre \u00e0 Bordighera est tr\u00e8s recherch\u00e9 en raison du grand nombre de touristes qui visitent chaque ann\u00e9e ce merveilleux coin d&#8217;Italie. En outre, de nombreuses personnes viennent du monde entier pour profiter du microclimat. Parmi eux, de nombreux retrait\u00e9s et amateurs de sports divers. En effet, les sports de montagne et de mer peuvent \u00eatre pratiqu\u00e9s dans cette r\u00e9gion. Depuis Bordighera, il est possible de rejoindre les stations de ski les plus proches en seulement 2 heures.<\/p><p>Le march\u00e9 offre un large \u00e9ventail d&#8217;options immobili\u00e8res, notamment des villas de luxe, des appartements individuels et des maisons de ville. Les propri\u00e9t\u00e9s sont souvent dot\u00e9es d&#8217;\u00e9quipements tels que des jardins priv\u00e9s, des piscines et la proximit\u00e9 de la mer, et s&#8217;adressent \u00e0 la fois aux r\u00e9sidents saisonniers et annuels.<\/p><p>En f\u00e9vrier 2025, le prix moyen demand\u00e9 pour les propri\u00e9t\u00e9s r\u00e9sidentielles \u00e9tait de 4115 euros par m\u00e8tre carr\u00e9, soit une augmentation de 1,91 % par rapport \u00e0 l&#8217;ann\u00e9e pr\u00e9c\u00e9dente. Les prix ont fluctu\u00e9 au cours des deux derni\u00e8res ann\u00e9es, atteignant un pic de 4204 euros par m\u00e8tre carr\u00e9 en mai 2024 et chutant \u00e0 3792 euros en novembre 2023.<\/p><h5>Les prix varient \u00e9galement en fonction de la zone de Bordighera. En f\u00e9vrier 2025, les zones d&#8217;Arziglia et de Madonna della Ruota affichaient des prix d&#8217;environ 5242 euros le m\u00e8tre carr\u00e9. En revanche, la zone de Borghetto San Nicol\u00f2 pr\u00e9sentait des options plus abordables, avec environ 1617 euros par m\u00e8tre carr\u00e9.<\/h5><p>Malgr\u00e9 les tendances \u00e9conomiques g\u00e9n\u00e9rales, le march\u00e9 de l&#8217;immobilier \u00e0 Bordighera reste solide. La demande de biens immobiliers est soutenue par l&#8217;attrait de la r\u00e9gion en tant que destination touristique et par la stabilit\u00e9 du march\u00e9 locatif. Cela en fait un choix d&#8217;investissement potentiellement viable.<\/p><p>En r\u00e9sum\u00e9, le prix d&#8217;un appartement \u00e0 vendre \u00e0 Bordighera est influenc\u00e9 par le type de propri\u00e9t\u00e9, l&#8217;emplacement et les services de la r\u00e9gion. Le march\u00e9 continue de susciter l&#8217;int\u00e9r\u00eat, soutenu par une demande constante et un potentiel d&#8217;investissement.<\/p>\t\t\t\t\t\t\t\t<\/div>\n\t\t\t\t<\/div>\n\t\t\t\t<div class=\"elementor-element elementor-element-57ec5a43 elementor-widget elementor-widget-houzez_elementor_space\" data-id=\"57ec5a43\" data-element_type=\"widget\" data-e-type=\"widget\" data-widget_type=\"houzez_elementor_space.default\">\n\t\t\t\t<div class=\"elementor-widget-container\">\n\t\t\t\t\t        <div class=\"houzez-spacer\">\n            <div class=\"houzez-spacer-inner\"><\/div>\n        <\/div>\n        \t\t\t\t<\/div>\n\t\t\t\t<\/div>\n\t\t\t\t\t<\/div>\n\t\t\t\t<\/div>\n\t\t\t\t<\/div>\n\t\t","protected":false},"excerpt":{"rendered":"<p>Vous \u00eates int\u00e9ress\u00e9 par un appartement \u00e0 vendre \u00e0 Bordighera ? Nous avons le plaisir de vous pr\u00e9senter cette zone et ses principales caract\u00e9ristiques qui la rendent unique. Nous sommes sp\u00e9cialis\u00e9s dans la vente de biens immobiliers de qualit\u00e9 \u00e0 Bordighera, une charmante ville situ\u00e9e sur la c\u00f4te ligure, pr\u00e8s de la fronti\u00e8re fran\u00e7aise. Cette zone est probablement la plus prestigieuse de la province d&#8217;Imperia et l&#8217;une des meilleures de la Ligurie. Cela est principalement d\u00fb \u00e0 sa proximit\u00e9 avec la c\u00e9l\u00e8bre C\u00f4te d&#8217;Azur. En effet, celle-ci est accessible en seulement 15 minutes en voiture. Bordighera est un point de d\u00e9part id\u00e9al pour explorer les c\u00f4tes italiennes et fran\u00e7aises. Des villes comme San Remo, Imperia, Menton, Monaco et Nice sont facilement accessibles. L&#8217;une des raisons pour lesquelles nous recommandons d&#8217;investir dans un appartement \u00e0 vendre \u00e0 Bordighera est l&#8217;\u00e9tat d&#8217;entretien des propri\u00e9t\u00e9s. Celles-ci sont pour la plupart bien entretenues. Le quartier est calme et s\u00fbr et l&#8217;a\u00e9roport international de Nice n&#8217;est qu&#8217;\u00e0 45 minutes. Il est donc tr\u00e8s facile de se rendre \u00e0 Bordighera car il y a de nombreux vols internationaux \u00e0 destination de Nice chaque semaine. Bordighera est sp\u00e9cial pour plusieurs raisons: 1. Climat m\u00e9diterran\u00e9en: Bordighera jouit d&#8217;un climat doux et ensoleill\u00e9 tout au long de l&#8217;ann\u00e9e, avec des \u00e9t\u00e9s chauds et des hivers doux, ce qui en fait une destination populaire pour les vacanciers \u00e0 la recherche d&#8217;un environnement baln\u00e9aire relaxant. 2. Bordighera, situ\u00e9e le long de la mer Ligure, offre de belles plages, des eaux claires et des vues panoramiques sur la c\u00f4te. Son Lungomare Argentina, la plus longue promenade de la Riviera, offre de belles promenades le long de la c\u00f4te. L&#8217;excellente situation de la ville influe sur le prix d&#8217;un appartement \u00e0 vendre \u00e0 Bordighera. 3. Une v\u00e9g\u00e9tation luxuriante: la ville est connue pour sa riche v\u00e9g\u00e9tation, en particulier les palmiers, les oliviers et les plantes non indig\u00e8nes. En fait, Bordighera est souvent appel\u00e9e la \u00ab ville des palmiers \u00bb. Le jardin botanique Hanbury, situ\u00e9 \u00e0 proximit\u00e9, pr\u00e9sente une vaste collection de plantes m\u00e9diterran\u00e9ennes et \u00e9trang\u00e8res. 4. Patrimoine historique et artistique: Bordighera a une riche histoire culturelle et artistique. Elle a \u00e9t\u00e9 la destination pr\u00e9f\u00e9r\u00e9e de nombreux artistes, dont Claude Monet, qui a peint plusieurs paysages de la ville. Il est \u00e9galement possible de visiter la Villa Garnier, l&#8217;ancienne r\u00e9sidence de l&#8217;architecte fran\u00e7ais Charles Garnier, qui a contribu\u00e9 \u00e0 l&#8217;essor de la ville au XIXe si\u00e8cle. Ce facteur accro\u00eet l&#8217;int\u00e9r\u00eat des investisseurs pour un appartement \u00e0 vendre \u00e0 Bordighera. 5. Le charme du centre historique: le centre historique, Bordighera Alta, est un charmant village m\u00e9di\u00e9val perch\u00e9 sur une colline. Ses rues \u00e9troites et sinueuses, ses b\u00e2timents anciens et ses places pittoresques offrent un aper\u00e7u du pass\u00e9 de la ville. 6. \u00c9v\u00e9nements culturels: Bordighera accueille un certain nombre d&#8217;\u00e9v\u00e9nements culturels, notamment des concerts de musique, des expositions d&#8217;art et des festivals. La Sagra della Madonna della Neve, par exemple, est une manifestation qui se d\u00e9roule dans la ville de Bordighera. Ces facteurs se combinent pour faire de Bordighera une destination unique et attrayante pour les visiteurs qui veulent d\u00e9couvrir la beaut\u00e9 et la culture de la Riviera italienne. Un appartement \u00e0 vendre \u00e0 Bordighera est tr\u00e8s recherch\u00e9 en raison du grand nombre de touristes qui visitent chaque ann\u00e9e ce merveilleux coin d&#8217;Italie. En outre, de nombreuses personnes viennent du monde entier pour profiter du microclimat. Parmi eux, de nombreux retrait\u00e9s et amateurs de sports divers. En effet, les sports de montagne et de mer peuvent \u00eatre pratiqu\u00e9s dans cette r\u00e9gion. Depuis Bordighera, il est possible de rejoindre les stations de ski les plus proches en seulement 2 heures. Le march\u00e9 offre un large \u00e9ventail d&#8217;options immobili\u00e8res, notamment des villas de luxe, des appartements individuels et des maisons de ville. Les propri\u00e9t\u00e9s sont souvent dot\u00e9es d&#8217;\u00e9quipements tels que des jardins priv\u00e9s, des piscines et la proximit\u00e9 de la mer, et s&#8217;adressent \u00e0 la fois aux r\u00e9sidents saisonniers et annuels. En f\u00e9vrier 2025, le prix moyen demand\u00e9 pour les propri\u00e9t\u00e9s r\u00e9sidentielles \u00e9tait de 4115 euros par m\u00e8tre carr\u00e9, soit une augmentation de 1,91 % par rapport \u00e0 l&#8217;ann\u00e9e pr\u00e9c\u00e9dente. Les prix ont fluctu\u00e9 au cours des deux derni\u00e8res ann\u00e9es, atteignant un pic de 4204 euros par m\u00e8tre carr\u00e9 en mai 2024 et chutant \u00e0 3792 euros en novembre 2023. Les prix varient \u00e9galement en fonction de la zone de Bordighera. En f\u00e9vrier 2025, les zones d&#8217;Arziglia et de Madonna della Ruota affichaient des prix d&#8217;environ 5242 euros le m\u00e8tre carr\u00e9. En revanche, la zone de Borghetto San Nicol\u00f2 pr\u00e9sentait des options plus abordables, avec environ 1617 euros par m\u00e8tre carr\u00e9. Malgr\u00e9 les tendances \u00e9conomiques g\u00e9n\u00e9rales, le march\u00e9 de l&#8217;immobilier \u00e0 Bordighera reste solide. La demande de biens immobiliers est soutenue par l&#8217;attrait de la r\u00e9gion en tant que destination touristique et par la stabilit\u00e9 du march\u00e9 locatif. Cela en fait un choix d&#8217;investissement potentiellement viable. En r\u00e9sum\u00e9, le prix d&#8217;un appartement \u00e0 vendre \u00e0 Bordighera est influenc\u00e9 par le type de propri\u00e9t\u00e9, l&#8217;emplacement et les services de la r\u00e9gion. Le march\u00e9 continue de susciter l&#8217;int\u00e9r\u00eat, soutenu par une demande constante et un potentiel d&#8217;investissement.<\/p>\n","protected":false},"author":1,"featured_media":0,"parent":0,"menu_order":0,"comment_status":"closed","ping_status":"closed","template":"template\/template-homepage.php","meta":{"footnotes":""},"class_list":["post-25857","page","type-page","status-publish","hentry"],"_links":{"self":[{"href":"https:\/\/housesaleitaly.com\/fr\/wp-json\/wp\/v2\/pages\/25857","targetHints":{"allow":["GET"]}}],"collection":[{"href":"https:\/\/housesaleitaly.com\/fr\/wp-json\/wp\/v2\/pages"}],"about":[{"href":"https:\/\/housesaleitaly.com\/fr\/wp-json\/wp\/v2\/types\/page"}],"author":[{"embeddable":true,"href":"https:\/\/housesaleitaly.com\/fr\/wp-json\/wp\/v2\/users\/1"}],"replies":[{"embeddable":true,"href":"https:\/\/housesaleitaly.com\/fr\/wp-json\/wp\/v2\/comments?post=25857"}],"version-history":[{"count":3,"href":"https:\/\/housesaleitaly.com\/fr\/wp-json\/wp\/v2\/pages\/25857\/revisions"}],"predecessor-version":[{"id":27767,"href":"https:\/\/housesaleitaly.com\/fr\/wp-json\/wp\/v2\/pages\/25857\/revisions\/27767"}],"wp:attachment":[{"href":"https:\/\/housesaleitaly.com\/fr\/wp-json\/wp\/v2\/media?parent=25857"}],"curies":[{"name":"wp","href":"https:\/\/api.w.org\/{rel}","templated":true}]}}