{"id":19934,"date":"2024-08-06T15:59:44","date_gmt":"2024-08-06T13:59:44","guid":{"rendered":"http:\/\/housesaleitaly.com\/ligurie\/"},"modified":"2026-02-13T11:41:37","modified_gmt":"2026-02-13T10:41:37","slug":"ligurie","status":"publish","type":"page","link":"https:\/\/housesaleitaly.com\/fr\/ligurie\/","title":{"rendered":"Ligurie"},"content":{"rendered":"\t\t<div data-elementor-type=\"wp-page\" data-elementor-id=\"19934\" class=\"elementor elementor-19934 elementor-19206\">\n\t\t\t\t\t\t<section class=\"elementor-section elementor-top-section elementor-element elementor-element-53a783cd elementor-section-height-min-height animated-slow elementor-section-boxed elementor-section-height-default elementor-section-items-middle wpr-particle-no wpr-jarallax-no wpr-parallax-no wpr-sticky-section-no wpr-equal-height-no elementor-invisible\" data-id=\"53a783cd\" data-element_type=\"section\" data-e-type=\"section\" data-settings=\"{&quot;background_background&quot;:&quot;classic&quot;,&quot;animation&quot;:&quot;fadeIn&quot;}\">\n\t\t\t\t\t\t\t<div class=\"elementor-background-overlay\"><\/div>\n\t\t\t\t\t\t\t<div class=\"elementor-container elementor-column-gap-default\">\n\t\t\t\t\t<div class=\"elementor-column elementor-col-100 elementor-top-column elementor-element elementor-element-447c1c92\" data-id=\"447c1c92\" data-element_type=\"column\" data-e-type=\"column\">\n\t\t\t<div class=\"elementor-widget-wrap elementor-element-populated\">\n\t\t\t\t\t\t<div class=\"elementor-element elementor-element-3a08b0b8 elementor-widget elementor-widget-heading\" data-id=\"3a08b0b8\" data-element_type=\"widget\" data-e-type=\"widget\" data-widget_type=\"heading.default\">\n\t\t\t\t<div class=\"elementor-widget-container\">\n\t\t\t\t\t<h1 class=\"elementor-heading-title elementor-size-default\">A PROPOS DE LA LIGURIE<\/h1>\t\t\t\t<\/div>\n\t\t\t\t<\/div>\n\t\t\t\t\t<\/div>\n\t\t<\/div>\n\t\t\t\t\t<\/div>\n\t\t<\/section>\n\t\t\t\t<section class=\"elementor-section elementor-top-section elementor-element elementor-element-64424d39 elementor-section-boxed elementor-section-height-default elementor-section-height-default wpr-particle-no wpr-jarallax-no wpr-parallax-no wpr-sticky-section-no wpr-equal-height-no\" data-id=\"64424d39\" data-element_type=\"section\" data-e-type=\"section\" data-settings=\"{&quot;background_background&quot;:&quot;classic&quot;}\">\n\t\t\t\t\t\t<div class=\"elementor-container elementor-column-gap-default\">\n\t\t\t\t\t<div class=\"elementor-column elementor-col-100 elementor-top-column elementor-element elementor-element-649c2363\" data-id=\"649c2363\" data-element_type=\"column\" data-e-type=\"column\">\n\t\t\t<div class=\"elementor-widget-wrap elementor-element-populated\">\n\t\t\t\t\t\t<div class=\"elementor-element elementor-element-6bb7b7a9 elementor-widget elementor-widget-text-editor\" data-id=\"6bb7b7a9\" data-element_type=\"widget\" data-e-type=\"widget\" data-widget_type=\"text-editor.default\">\n\t\t\t\t<div class=\"elementor-widget-container\">\n\t\t\t\t\t\t\t\t\t<p>La r\u00e9gion de Ligurie est vraiment un endroit sp\u00e9cial. Pour ceux qui n&#8217;en ont jamais entendu parler, elle est situ\u00e9e dans le nord de l&#8217;Italie. Elle s&#8217;\u00e9tend sur 280 kilom\u00e8tres le long de la c\u00f4te nord-ouest, entre la Toscane et la France.<\/p><p>Cette zone b\u00e9n\u00e9ficie d&#8217;un microclimat particuli\u00e8rement favorable gr\u00e2ce \u00e0 l&#8217;action de la mer qui att\u00e9nue les temp\u00e9ratures. En effet, bien qu&#8217;elle soit situ\u00e9e dans le nord de l&#8217;Italie, il n&#8217;y a jamais de brouillard et la temp\u00e9rature ne descend g\u00e9n\u00e9ralement pas en dessous de 8 degr\u00e9s centigrades. En outre, il n&#8217;est pas rare en Ligurie que, m\u00eame pendant les mois les plus froids, la temp\u00e9rature atteigne 20 degr\u00e9s centigrades pendant la journ\u00e9e. Il est donc possible de se promener joyeusement en T-shirt, parfois m\u00eame en janvier ou en f\u00e9vrier.<\/p><p>En effet, la province d&#8217;Imperia poss\u00e8de le meilleur climat d&#8217;Italie. C&#8217;est ce qu&#8217;affirment plusieurs sources, dont le service de pr\u00e9visions m\u00e9t\u00e9orologiques <a href=\"https:\/\/www.ilmeteo.it\/\" target=\"_blank\" rel=\"noopener\">iLMeteo.it<\/a> et le quotidien historique <a href=\"https:\/\/www.corriere.it\/cronache\/indice-climatico-italia\/index.shtml\" target=\"_blank\" rel=\"noopener\">Il corriere della sera<\/a>. Cette affirmation est le fruit de l&#8217;analyse de 380 millions de donn\u00e9es m\u00e9t\u00e9orologiques concernant 108 villes italiennes.<\/p><p>Les conditions climatiques particuli\u00e8rement favorables de cette r\u00e9gion de la Ligurie attirent \u00e9galement de nombreux retrait\u00e9s du monde entier qui d\u00e9cident de s&#8217;y installer en raison de la qualit\u00e9 de vie \u00e9lev\u00e9e.<\/p><p>Gr\u00e2ce \u00e0 cet excellent climat, des plantes exotiques non end\u00e9miques, typiques des pays chauds, poussent en Ligurie. On y trouve par exemple l&#8217;eucalyptus, l&#8217;agave, l&#8217;alo\u00e8s, le yucca, le dracena draco, le catctus opuntia, le jacaranda et bien d&#8217;autres encore. Ce n&#8217;est pas un hasard si le voyageur anglais Sir Thomas Hanbury a cr\u00e9\u00e9 ici l&#8217;un des jardins d&#8217;acclimatation les plus c\u00e9l\u00e8bres d&#8217;Europe. Il a rassembl\u00e9 des esp\u00e8ces botaniques du monde entier et les a plant\u00e9es dans les terrains adjacents \u00e0 sa villa de Vintimille.<\/p><p>Le tourisme en Ligurie a une longue histoire qui remonte \u00e0 1800. Les gens venaient ici pendant les mois d&#8217;hiver pour \u00e9chapper au froid. Au d\u00e9but, il s&#8217;agissait principalement de touristes anglais. Puis il y a eu un afflux de touristes russes \u00e0 la suite du s\u00e9jour de la tsarine Maria Aleksandrovna \u00e0 Sanremo. Cette femme de la noblesse russe, \u00e9pouse de l&#8217;empereur Alexandre II, avait pass\u00e9 l&#8217;hiver ici entre 1874 et 1875 et en \u00e9tait tomb\u00e9e amoureuse !<\/p><p>Aujourd&#8217;hui, des touristes du monde entier visitent la Ligurie. La proximit\u00e9 de l&#8217;a\u00e9roport international de Nice, sur la magnifique C\u00f4te d&#8217;Azur, \u00e0 seulement une heure de route, facilite \u00e9galement les choses. En outre, des bateaux de croisi\u00e8re venant de partout arrivent dans les ports de G\u00eanes, Savone et La Spezia.<\/p><p>La r\u00e9gion de Ligurie est un endroit unique. Ici, les Alpes se terminent pr\u00e8s de la mer, cr\u00e9ant des paysages \u00e0 couper le souffle. L&#8217;excellent climat permet de pratiquer de nombreuses activit\u00e9s de plein air, du ski dans les Alpes en hiver aux sports de mer comme le bateau ou le kayak tout au long de l&#8217;ann\u00e9e. Sans oublier le cyclisme, sport roi dans cette r\u00e9gion gr\u00e2ce \u00e0 une piste cyclable de 29 km reliant Ospedaletti \u00e0 Imperia. Ceux qui ont la chance de vivre dans cette r\u00e9gion peuvent donc profiter de la mer et de la montagne.<\/p><p>Cette r\u00e9gion a une longue histoire, puisqu&#8217;elle a \u00e9t\u00e9 habit\u00e9e par l&#8217;ancien <a href=\"https:\/\/fr.wikipedia.org\/wiki\/Ligures\" target=\"_blank\" rel=\"noopener\">peuple ligure<\/a>, conquis ensuite par les Romains. La position strat\u00e9gique de la r\u00e9gion en a fait un centre de commerce maritime, en particulier \u00e0 l&#8217;\u00e9poque des <a href=\"https:\/\/fr.wikipedia.org\/wiki\/R\u00e9publique_maritime\" target=\"_blank\" rel=\"noopener\">r\u00e9publiques maritimes m\u00e9di\u00e9vales<\/a>, o\u00f9 elle rivalisait avec Venise et Amalfi en termes de puissance navale et d&#8217;influence.<\/p><p>De nombreux festivals culturels ont lieu en Ligurie tout au long de l&#8217;ann\u00e9e, comme le salon nautique international de G\u00eanes, le festival de musique classique de Portofino et la Festa della Madonna della Guardia \u00e0 G\u00eanes. Ces c\u00e9l\u00e9brations mettent en valeur l&#8217;art, la musique et les traditions de la r\u00e9gion.<\/p><p>On y trouve une tradition culturelle et culinaire profond\u00e9ment enracin\u00e9e. G\u00eanes \u00e9tait autrefois une grande r\u00e9publique maritime, et son histoire se refl\u00e8te dans son architecture et son art. La r\u00e9gion est \u00e9galement connue pour ses contributions \u00e0 la cuisine italienne, en particulier sa c\u00e9l\u00e8bre sauce pesto, \u00e0 base de basilic, d&#8217;ail, de pignons de pin, d&#8217;huile d&#8217;olive et de parmesan.<\/p><p>La cuisine r\u00e9gionale est bas\u00e9e sur les fruits de mer frais, l&#8217;huile d&#8217;olive et les produits locaux. Outre le pesto, la r\u00e9gion est connue pour ses plats comme la focaccia (un type de pain plat), les trofie (un type de p\u00e2tes souvent servies avec du pesto) et le sciacchetr\u00e0 (un c\u00e9l\u00e8bre vin de dessert des Cinque Terre).<\/p><p>Parmi les diverses sp\u00e9cialit\u00e9s de la r\u00e9gion, citons les <a href=\"https:\/\/fr.wikipedia.org\/wiki\/Cailletier\" target=\"_blank\" rel=\"noopener\">olives Taggiasca<\/a>, petites olives fonc\u00e9es tr\u00e8s appr\u00e9ci\u00e9es pour leur riche saveur. La r\u00e9gion produit certaines des meilleures huiles d&#8217;olive d&#8217;Italie, et c&#8217;est un \u00e9l\u00e9ment cl\u00e9 de l&#8217;\u00e9conomie et de la cuisine locales.<\/p><p>En bref, la Ligurie offre un m\u00e9lange de beaut\u00e9 naturelle, d&#8217;histoire riche et de d\u00e9lices culinaires, ce qui en fait l&#8217;une des r\u00e9gions les plus captivantes d&#8217;Italie. Qu&#8217;attendez-vous donc ? <a href=\"https:\/\/housesaleitaly.com\/fr\/a-propos-de-nous\/\" target=\"_blank\" rel=\"noopener\">Nous<\/a> vous invitons \u00e0 visiter la r\u00e9gion de la Ligurie d\u00e8s que possible et \u00e0 juger par vous-m\u00eame !<\/p>\t\t\t\t\t\t\t\t<\/div>\n\t\t\t\t<\/div>\n\t\t\t\t\t<\/div>\n\t\t<\/div>\n\t\t\t\t\t<\/div>\n\t\t<\/section>\n\t\t\t\t<\/div>\n\t\t","protected":false},"excerpt":{"rendered":"<p>A PROPOS DE LA LIGURIE La r\u00e9gion de Ligurie est vraiment un endroit sp\u00e9cial. Pour ceux qui n&#8217;en ont jamais entendu parler, elle est situ\u00e9e dans le nord de l&#8217;Italie. Elle s&#8217;\u00e9tend sur 280 kilom\u00e8tres le long de la c\u00f4te nord-ouest, entre la Toscane et la France. Cette zone b\u00e9n\u00e9ficie d&#8217;un microclimat particuli\u00e8rement favorable gr\u00e2ce \u00e0 l&#8217;action de la mer qui att\u00e9nue les temp\u00e9ratures. En effet, bien qu&#8217;elle soit situ\u00e9e dans le nord de l&#8217;Italie, il n&#8217;y a jamais de brouillard et la temp\u00e9rature ne descend g\u00e9n\u00e9ralement pas en dessous de 8 degr\u00e9s centigrades. En outre, il n&#8217;est pas rare en Ligurie que, m\u00eame pendant les mois les plus froids, la temp\u00e9rature atteigne 20 degr\u00e9s centigrades pendant la journ\u00e9e. Il est donc possible de se promener joyeusement en T-shirt, parfois m\u00eame en janvier ou en f\u00e9vrier. En effet, la province d&#8217;Imperia poss\u00e8de le meilleur climat d&#8217;Italie. C&#8217;est ce qu&#8217;affirment plusieurs sources, dont le service de pr\u00e9visions m\u00e9t\u00e9orologiques iLMeteo.it et le quotidien historique Il corriere della sera. Cette affirmation est le fruit de l&#8217;analyse de 380 millions de donn\u00e9es m\u00e9t\u00e9orologiques concernant 108 villes italiennes. Les conditions climatiques particuli\u00e8rement favorables de cette r\u00e9gion de la Ligurie attirent \u00e9galement de nombreux retrait\u00e9s du monde entier qui d\u00e9cident de s&#8217;y installer en raison de la qualit\u00e9 de vie \u00e9lev\u00e9e. Gr\u00e2ce \u00e0 cet excellent climat, des plantes exotiques non end\u00e9miques, typiques des pays chauds, poussent en Ligurie. On y trouve par exemple l&#8217;eucalyptus, l&#8217;agave, l&#8217;alo\u00e8s, le yucca, le dracena draco, le catctus opuntia, le jacaranda et bien d&#8217;autres encore. Ce n&#8217;est pas un hasard si le voyageur anglais Sir Thomas Hanbury a cr\u00e9\u00e9 ici l&#8217;un des jardins d&#8217;acclimatation les plus c\u00e9l\u00e8bres d&#8217;Europe. Il a rassembl\u00e9 des esp\u00e8ces botaniques du monde entier et les a plant\u00e9es dans les terrains adjacents \u00e0 sa villa de Vintimille. Le tourisme en Ligurie a une longue histoire qui remonte \u00e0 1800. Les gens venaient ici pendant les mois d&#8217;hiver pour \u00e9chapper au froid. Au d\u00e9but, il s&#8217;agissait principalement de touristes anglais. Puis il y a eu un afflux de touristes russes \u00e0 la suite du s\u00e9jour de la tsarine Maria Aleksandrovna \u00e0 Sanremo. Cette femme de la noblesse russe, \u00e9pouse de l&#8217;empereur Alexandre II, avait pass\u00e9 l&#8217;hiver ici entre 1874 et 1875 et en \u00e9tait tomb\u00e9e amoureuse ! Aujourd&#8217;hui, des touristes du monde entier visitent la Ligurie. La proximit\u00e9 de l&#8217;a\u00e9roport international de Nice, sur la magnifique C\u00f4te d&#8217;Azur, \u00e0 seulement une heure de route, facilite \u00e9galement les choses. En outre, des bateaux de croisi\u00e8re venant de partout arrivent dans les ports de G\u00eanes, Savone et La Spezia. La r\u00e9gion de Ligurie est un endroit unique. Ici, les Alpes se terminent pr\u00e8s de la mer, cr\u00e9ant des paysages \u00e0 couper le souffle. L&#8217;excellent climat permet de pratiquer de nombreuses activit\u00e9s de plein air, du ski dans les Alpes en hiver aux sports de mer comme le bateau ou le kayak tout au long de l&#8217;ann\u00e9e. Sans oublier le cyclisme, sport roi dans cette r\u00e9gion gr\u00e2ce \u00e0 une piste cyclable de 29 km reliant Ospedaletti \u00e0 Imperia. Ceux qui ont la chance de vivre dans cette r\u00e9gion peuvent donc profiter de la mer et de la montagne. Cette r\u00e9gion a une longue histoire, puisqu&#8217;elle a \u00e9t\u00e9 habit\u00e9e par l&#8217;ancien peuple ligure, conquis ensuite par les Romains. La position strat\u00e9gique de la r\u00e9gion en a fait un centre de commerce maritime, en particulier \u00e0 l&#8217;\u00e9poque des r\u00e9publiques maritimes m\u00e9di\u00e9vales, o\u00f9 elle rivalisait avec Venise et Amalfi en termes de puissance navale et d&#8217;influence. De nombreux festivals culturels ont lieu en Ligurie tout au long de l&#8217;ann\u00e9e, comme le salon nautique international de G\u00eanes, le festival de musique classique de Portofino et la Festa della Madonna della Guardia \u00e0 G\u00eanes. Ces c\u00e9l\u00e9brations mettent en valeur l&#8217;art, la musique et les traditions de la r\u00e9gion. On y trouve une tradition culturelle et culinaire profond\u00e9ment enracin\u00e9e. G\u00eanes \u00e9tait autrefois une grande r\u00e9publique maritime, et son histoire se refl\u00e8te dans son architecture et son art. La r\u00e9gion est \u00e9galement connue pour ses contributions \u00e0 la cuisine italienne, en particulier sa c\u00e9l\u00e8bre sauce pesto, \u00e0 base de basilic, d&#8217;ail, de pignons de pin, d&#8217;huile d&#8217;olive et de parmesan. La cuisine r\u00e9gionale est bas\u00e9e sur les fruits de mer frais, l&#8217;huile d&#8217;olive et les produits locaux. Outre le pesto, la r\u00e9gion est connue pour ses plats comme la focaccia (un type de pain plat), les trofie (un type de p\u00e2tes souvent servies avec du pesto) et le sciacchetr\u00e0 (un c\u00e9l\u00e8bre vin de dessert des Cinque Terre). Parmi les diverses sp\u00e9cialit\u00e9s de la r\u00e9gion, citons les olives Taggiasca, petites olives fonc\u00e9es tr\u00e8s appr\u00e9ci\u00e9es pour leur riche saveur. La r\u00e9gion produit certaines des meilleures huiles d&#8217;olive d&#8217;Italie, et c&#8217;est un \u00e9l\u00e9ment cl\u00e9 de l&#8217;\u00e9conomie et de la cuisine locales. En bref, la Ligurie offre un m\u00e9lange de beaut\u00e9 naturelle, d&#8217;histoire riche et de d\u00e9lices culinaires, ce qui en fait l&#8217;une des r\u00e9gions les plus captivantes d&#8217;Italie. Qu&#8217;attendez-vous donc ? Nous vous invitons \u00e0 visiter la r\u00e9gion de la Ligurie d\u00e8s que possible et \u00e0 juger par vous-m\u00eame !<\/p>\n","protected":false},"author":1,"featured_media":0,"parent":0,"menu_order":0,"comment_status":"closed","ping_status":"closed","template":"elementor_header_footer","meta":{"footnotes":""},"class_list":["post-19934","page","type-page","status-publish","hentry"],"_links":{"self":[{"href":"https:\/\/housesaleitaly.com\/fr\/wp-json\/wp\/v2\/pages\/19934","targetHints":{"allow":["GET"]}}],"collection":[{"href":"https:\/\/housesaleitaly.com\/fr\/wp-json\/wp\/v2\/pages"}],"about":[{"href":"https:\/\/housesaleitaly.com\/fr\/wp-json\/wp\/v2\/types\/page"}],"author":[{"embeddable":true,"href":"https:\/\/housesaleitaly.com\/fr\/wp-json\/wp\/v2\/users\/1"}],"replies":[{"embeddable":true,"href":"https:\/\/housesaleitaly.com\/fr\/wp-json\/wp\/v2\/comments?post=19934"}],"version-history":[{"count":3,"href":"https:\/\/housesaleitaly.com\/fr\/wp-json\/wp\/v2\/pages\/19934\/revisions"}],"predecessor-version":[{"id":27696,"href":"https:\/\/housesaleitaly.com\/fr\/wp-json\/wp\/v2\/pages\/19934\/revisions\/27696"}],"wp:attachment":[{"href":"https:\/\/housesaleitaly.com\/fr\/wp-json\/wp\/v2\/media?parent=19934"}],"curies":[{"name":"wp","href":"https:\/\/api.w.org\/{rel}","templated":true}]}}