{"id":19932,"date":"2020-02-24T22:15:15","date_gmt":"2020-02-24T21:15:15","guid":{"rendered":"http:\/\/housesaleitaly.com\/a-propos-de-nous\/"},"modified":"2026-02-11T13:15:27","modified_gmt":"2026-02-11T12:15:27","slug":"a-propos-de-nous","status":"publish","type":"page","link":"https:\/\/housesaleitaly.com\/fr\/a-propos-de-nous\/","title":{"rendered":"A propos de nous"},"content":{"rendered":"\t\t<div data-elementor-type=\"wp-page\" data-elementor-id=\"19932\" class=\"elementor elementor-19932 elementor-16650\">\n\t\t\t\t\t\t<section class=\"elementor-section elementor-top-section elementor-element elementor-element-5b81e21 elementor-section-height-min-height animated-slow elementor-section-boxed elementor-section-height-default elementor-section-items-middle wpr-particle-no wpr-jarallax-no wpr-parallax-no wpr-sticky-section-no wpr-equal-height-no elementor-invisible\" data-id=\"5b81e21\" data-element_type=\"section\" data-e-type=\"section\" data-settings=\"{&quot;background_background&quot;:&quot;classic&quot;,&quot;animation&quot;:&quot;fadeIn&quot;}\">\n\t\t\t\t\t\t\t<div class=\"elementor-background-overlay\"><\/div>\n\t\t\t\t\t\t\t<div class=\"elementor-container elementor-column-gap-default\">\n\t\t\t\t\t<div class=\"elementor-column elementor-col-100 elementor-top-column elementor-element elementor-element-ad367f8\" data-id=\"ad367f8\" data-element_type=\"column\" data-e-type=\"column\">\n\t\t\t<div class=\"elementor-widget-wrap elementor-element-populated\">\n\t\t\t\t\t\t<div class=\"elementor-element elementor-element-0e7939f elementor-widget elementor-widget-heading\" data-id=\"0e7939f\" data-element_type=\"widget\" data-e-type=\"widget\" data-widget_type=\"heading.default\">\n\t\t\t\t<div class=\"elementor-widget-container\">\n\t\t\t\t\t<h1 class=\"elementor-heading-title elementor-size-default\">\u00c0 PROPOS DE NOUS<\/h1>\t\t\t\t<\/div>\n\t\t\t\t<\/div>\n\t\t\t\t\t<\/div>\n\t\t<\/div>\n\t\t\t\t\t<\/div>\n\t\t<\/section>\n\t\t\t\t<section class=\"elementor-section elementor-top-section elementor-element elementor-element-09038dc elementor-section-boxed elementor-section-height-default elementor-section-height-default wpr-particle-no wpr-jarallax-no wpr-parallax-no wpr-sticky-section-no wpr-equal-height-no\" data-id=\"09038dc\" data-element_type=\"section\" data-e-type=\"section\" data-settings=\"{&quot;background_background&quot;:&quot;classic&quot;}\">\n\t\t\t\t\t\t<div class=\"elementor-container elementor-column-gap-default\">\n\t\t\t\t\t<div class=\"elementor-column elementor-col-100 elementor-top-column elementor-element elementor-element-c8278ac\" data-id=\"c8278ac\" data-element_type=\"column\" data-e-type=\"column\">\n\t\t\t<div class=\"elementor-widget-wrap elementor-element-populated\">\n\t\t\t\t\t\t<div class=\"elementor-element elementor-element-3271868 elementor-widget elementor-widget-spacer\" data-id=\"3271868\" data-element_type=\"widget\" data-e-type=\"widget\" data-widget_type=\"spacer.default\">\n\t\t\t\t<div class=\"elementor-widget-container\">\n\t\t\t\t\t\t\t<div class=\"elementor-spacer\">\n\t\t\t<div class=\"elementor-spacer-inner\"><\/div>\n\t\t<\/div>\n\t\t\t\t\t\t<\/div>\n\t\t\t\t<\/div>\n\t\t\t\t<div class=\"elementor-element elementor-element-e7372b6 animated-slow elementor-invisible elementor-widget elementor-widget-houzez_elementor_section_title\" data-id=\"e7372b6\" data-element_type=\"widget\" data-e-type=\"widget\" data-settings=\"{&quot;_animation&quot;:&quot;fadeIn&quot;}\" data-widget_type=\"houzez_elementor_section_title.default\">\n\t\t\t\t<div class=\"elementor-widget-container\">\n\t\t\t\t\t            <div class=\"houzez_section_title_wrap section-title-module\">\n                                    <h2 class=\"houzez_section_title\">General Manager\n<\/h2>\n                \n                            <\/div>\n            \t\t\t\t<\/div>\n\t\t\t\t<\/div>\n\t\t\t\t<div class=\"elementor-element elementor-element-997c02a elementor-widget elementor-widget-image\" data-id=\"997c02a\" data-element_type=\"widget\" data-e-type=\"widget\" data-widget_type=\"image.default\">\n\t\t\t\t<div class=\"elementor-widget-container\">\n\t\t\t\t\t\t\t\t\t\t\t\t\t\t\t<img fetchpriority=\"high\" decoding=\"async\" width=\"1024\" height=\"591\" src=\"https:\/\/housesaleitaly.com\/wp-content\/uploads\/2026\/02\/us.jpg\" class=\"attachment-large size-large wp-image-27546\" alt=\"\" srcset=\"https:\/\/housesaleitaly.com\/wp-content\/uploads\/2026\/02\/us.jpg 1920w, https:\/\/housesaleitaly.com\/wp-content\/uploads\/2026\/02\/us-1536x886.jpg 1536w\" sizes=\"(max-width: 1024px) 100vw, 1024px\" \/>\t\t\t\t\t\t\t\t\t\t\t\t\t\t\t<\/div>\n\t\t\t\t<\/div>\n\t\t\t\t<div class=\"elementor-element elementor-element-69fe9b8 elementor-widget elementor-widget-text-editor\" data-id=\"69fe9b8\" data-element_type=\"widget\" data-e-type=\"widget\" data-widget_type=\"text-editor.default\">\n\t\t\t\t<div class=\"elementor-widget-container\">\n\t\t\t\t\t\t\t\t\t<p>Je m&#8217;appelle Mario Rossi et je suis le General Manager de cette agence immobili\u00e8re. Je veux \u00eatre votre personne de confiance lors de l&#8217;achat d&#8217;une maison en Italie.<\/p><p>J&#8217;op\u00e8re en particulier dans la r\u00e9gion de la Ligurie, dans la province d&#8217;Imperia, que je connais tr\u00e8s bien. Je collabore avec d&#8217;autres agences renomm\u00e9es de la r\u00e9gion et je peux chercher une propri\u00e9t\u00e9 qui correspond \u00e0 vos besoins.<\/p><p>Je suis n\u00e9e en Italie en 1983 et j&#8217;ai v\u00e9cu dans plusieurs pays \u00e9trangers, dont les \u00c9tats-Unis, l&#8217;Australie, l&#8217;Angleterre, l&#8217;Allemagne et l&#8217;Espagne. Je parle couramment l&#8217;anglais, l&#8217;allemand, l&#8217;espagnol et, bien s\u00fbr, ma langue maternelle, l&#8217;italien. Je comprends aussi un peu le fran\u00e7ais car je suis souvent sur la belle C\u00f4te d&#8217;Azur.<\/p><p>Je suis r\u00e9guli\u00e8rement qualifi\u00e9e comme agent immobilier dans la province d&#8217;Imperia. N&#8217;h\u00e9sitez pas \u00e0 me contacter, je me ferai un plaisir de vous aider dans votre recherche !<\/p><p>Contact direct:<\/p><p>&#8230;&#8230;&#8230;.@housesaleitaly.com<\/p><p>+39 &#8230;.. &#8230;.. &#8230;..<\/p>\t\t\t\t\t\t\t\t<\/div>\n\t\t\t\t<\/div>\n\t\t\t\t\t<\/div>\n\t\t<\/div>\n\t\t\t\t\t<\/div>\n\t\t<\/section>\n\t\t\t\t<\/div>\n\t\t","protected":false},"excerpt":{"rendered":"<p>\u00c0 PROPOS DE NOUS General Manager Je m&#8217;appelle Mario Rossi et je suis le General Manager de cette agence immobili\u00e8re. Je veux \u00eatre votre personne de confiance lors de l&#8217;achat d&#8217;une maison en Italie. J&#8217;op\u00e8re en particulier dans la r\u00e9gion de la Ligurie, dans la province d&#8217;Imperia, que je connais tr\u00e8s bien. Je collabore avec d&#8217;autres agences renomm\u00e9es de la r\u00e9gion et je peux chercher une propri\u00e9t\u00e9 qui correspond \u00e0 vos besoins. Je suis n\u00e9e en Italie en 1983 et j&#8217;ai v\u00e9cu dans plusieurs pays \u00e9trangers, dont les \u00c9tats-Unis, l&#8217;Australie, l&#8217;Angleterre, l&#8217;Allemagne et l&#8217;Espagne. Je parle couramment l&#8217;anglais, l&#8217;allemand, l&#8217;espagnol et, bien s\u00fbr, ma langue maternelle, l&#8217;italien. Je comprends aussi un peu le fran\u00e7ais car je suis souvent sur la belle C\u00f4te d&#8217;Azur. Je suis r\u00e9guli\u00e8rement qualifi\u00e9e comme agent immobilier dans la province d&#8217;Imperia. N&#8217;h\u00e9sitez pas \u00e0 me contacter, je me ferai un plaisir de vous aider dans votre recherche ! Contact direct: &#8230;&#8230;&#8230;.@housesaleitaly.com +39 &#8230;.. &#8230;.. &#8230;..<\/p>\n","protected":false},"author":1,"featured_media":0,"parent":0,"menu_order":0,"comment_status":"closed","ping_status":"closed","template":"template\/template-homepage.php","meta":{"footnotes":""},"class_list":["post-19932","page","type-page","status-publish","hentry"],"_links":{"self":[{"href":"https:\/\/housesaleitaly.com\/fr\/wp-json\/wp\/v2\/pages\/19932","targetHints":{"allow":["GET"]}}],"collection":[{"href":"https:\/\/housesaleitaly.com\/fr\/wp-json\/wp\/v2\/pages"}],"about":[{"href":"https:\/\/housesaleitaly.com\/fr\/wp-json\/wp\/v2\/types\/page"}],"author":[{"embeddable":true,"href":"https:\/\/housesaleitaly.com\/fr\/wp-json\/wp\/v2\/users\/1"}],"replies":[{"embeddable":true,"href":"https:\/\/housesaleitaly.com\/fr\/wp-json\/wp\/v2\/comments?post=19932"}],"version-history":[{"count":3,"href":"https:\/\/housesaleitaly.com\/fr\/wp-json\/wp\/v2\/pages\/19932\/revisions"}],"predecessor-version":[{"id":27555,"href":"https:\/\/housesaleitaly.com\/fr\/wp-json\/wp\/v2\/pages\/19932\/revisions\/27555"}],"wp:attachment":[{"href":"https:\/\/housesaleitaly.com\/fr\/wp-json\/wp\/v2\/media?parent=19932"}],"curies":[{"name":"wp","href":"https:\/\/api.w.org\/{rel}","templated":true}]}}