{"id":19782,"date":"2024-07-24T12:16:06","date_gmt":"2024-07-24T10:16:06","guid":{"rendered":"http:\/\/housesaleitaly.com\/avis-juridique\/"},"modified":"2026-02-12T14:59:51","modified_gmt":"2026-02-12T13:59:51","slug":"avis-juridique","status":"publish","type":"page","link":"https:\/\/housesaleitaly.com\/fr\/avis-juridique\/","title":{"rendered":"Avis juridique"},"content":{"rendered":"\t\t<div data-elementor-type=\"wp-page\" data-elementor-id=\"19782\" class=\"elementor elementor-19782 elementor-18967\">\n\t\t\t\t<div class=\"elementor-element elementor-element-b5b7497 e-con-full e-flex wpr-particle-no wpr-jarallax-no wpr-parallax-no wpr-sticky-section-no wpr-equal-height-no e-con e-parent\" data-id=\"b5b7497\" data-element_type=\"container\" data-e-type=\"container\">\n\t\t\t\t<div class=\"elementor-element elementor-element-557b42b elementor-widget elementor-widget-heading\" data-id=\"557b42b\" data-element_type=\"widget\" data-e-type=\"widget\" data-widget_type=\"heading.default\">\n\t\t\t\t<div class=\"elementor-widget-container\">\n\t\t\t\t\t<h2 class=\"elementor-heading-title elementor-size-default\">AVIS JURIDIQUE<\/h2>\t\t\t\t<\/div>\n\t\t\t\t<\/div>\n\t\t\t\t<div class=\"elementor-element elementor-element-89d09fc elementor-widget elementor-widget-text-editor\" data-id=\"89d09fc\" data-element_type=\"widget\" data-e-type=\"widget\" data-widget_type=\"text-editor.default\">\n\t\t\t\t<div class=\"elementor-widget-container\">\n\t\t\t\t\t\t\t\t\t<p><strong>OBJECTIF<\/strong><\/p><p>Ces termes l\u00e9gaux sont \u00e9tablis par REAL ESTATE afin de d\u00e9terminer les crit\u00e8res et les conditions d&#8217;utilisation de la page web www.housesaleitaly.com.<\/p><p><strong>Informations sur le propri\u00e9taire :<\/strong><\/p><p>Conform\u00e9ment \u00e0 la loi italienne Decreto Legislativo n.<br \/>196\/2003 et \u00e0 l&#8217;article 13 du r\u00e8glement (UE) 2016\/679, nous vous communiquons les coordonn\u00e9es du propri\u00e9taire de cette page web.<\/p><p><strong>Identification et contact :<\/strong><\/p><p>Nom de l&#8217;entreprise : &#8230;&#8230;&#8230;.<\/p><p>Num\u00e9ro de TVA: &#8230;&#8230;&#8230;.<\/p><p>Nom commercial : &#8230;&#8230;&#8230;.<\/p><p>Adresse : &#8230;&#8230;&#8230;.<\/p><p>PEC (courrier \u00e9lectronique certifi\u00e9) : &#8230;&#8230;&#8230;.<\/p><p><strong>Autres informations de contact :<\/strong><\/p><p>E-mail : &#8230;&#8230;&#8230;.<\/p><p>Num\u00e9ro de t\u00e9l\u00e9phone : &#8230;&#8230;&#8230;.<\/p><p>En naviguant sur ce site web, les navigateurs acqui\u00e8rent la condition d&#8217;utilisateurs.<br \/>Les utilisateurs acceptent les conditions d&#8217;utilisation \u00e9tablies.<br \/>REAL ESTATE se r\u00e9serve le droit de modifier \u00e0 tout moment les conditions l\u00e9gales du site, ainsi que d&#8217;apporter les am\u00e9liorations techniques ou visuelles qu&#8217;elle jugera opportunes.<br \/>Si ces modifications affectent la vie priv\u00e9e des utilisateurs, ces derniers seront inform\u00e9s au pr\u00e9alable de la date d&#8217;entr\u00e9e en vigueur des changements.<\/p><p>Conform\u00e9ment \u00e0 la loi italienne Decreto Legislativo n.<br \/>196\/2003 et au r\u00e8glement de l&#8217;UE 2016\/679, vous devez remplir tous les champs obligatoires afin que nous puissions r\u00e9pondre \u00e0 vos demandes.<br \/>Les donn\u00e9es ne seront pas transf\u00e9r\u00e9es \u00e0 des tiers, sauf en cas d&#8217;obligation l\u00e9gale ou lorsque cela est n\u00e9cessaire pour r\u00e9pondre \u00e0 votre demande.<br \/>En cas de changement ou de modification de vos donn\u00e9es, vous devez nous en informer.<br \/>Les utilisateurs peuvent exercer leurs droits d&#8217;acc\u00e8s, de rectification, de suppression, de limitation, d&#8217;opposition et de portabilit\u00e9 en \u00e9crivant \u00e0 l&#8217;adresse ci-dessous :<\/p><p>&#8230;&#8230;&#8230;.<\/p><p><strong>POLITIQUE DES LIENS<\/strong><\/p><p>Ce site Web comprend des liens vers des pages Web de tiers afin de permettre aux utilisateurs d&#8217;acc\u00e9der \u00e0 une vari\u00e9t\u00e9 de r\u00e9seaux sociaux et de plates-formes Internet.<br \/>REAL ESTATE n&#8217;est pas responsable du contenu, des offres, des produits ou des services que ces pages web peuvent contenir.<\/p><p><strong>DROIT APPLICABLE<\/strong><\/p><p>Toutes les questions li\u00e9es \u00e0 REAL ESTATE et aux utilisateurs seront r\u00e9gies par les lois nationales en vigueur, et les litiges \u00e9ventuels seront r\u00e9gl\u00e9s par le Tribunal de &#8230;&#8230;&#8230;..<\/p>\t\t\t\t\t\t\t\t<\/div>\n\t\t\t\t<\/div>\n\t\t\t\t<\/div>\n\t\t\t\t<\/div>\n\t\t","protected":false},"excerpt":{"rendered":"<p>AVIS JURIDIQUE OBJECTIF Ces termes l\u00e9gaux sont \u00e9tablis par REAL ESTATE afin de d\u00e9terminer les crit\u00e8res et les conditions d&#8217;utilisation de la page web www.housesaleitaly.com. Informations sur le propri\u00e9taire : Conform\u00e9ment \u00e0 la loi italienne Decreto Legislativo n.196\/2003 et \u00e0 l&#8217;article 13 du r\u00e8glement (UE) 2016\/679, nous vous communiquons les coordonn\u00e9es du propri\u00e9taire de cette page web. Identification et contact : Nom de l&#8217;entreprise : &#8230;&#8230;&#8230;. Num\u00e9ro de TVA: &#8230;&#8230;&#8230;. Nom commercial : &#8230;&#8230;&#8230;. Adresse : &#8230;&#8230;&#8230;. PEC (courrier \u00e9lectronique certifi\u00e9) : &#8230;&#8230;&#8230;. Autres informations de contact : E-mail : &#8230;&#8230;&#8230;. Num\u00e9ro de t\u00e9l\u00e9phone : &#8230;&#8230;&#8230;. En naviguant sur ce site web, les navigateurs acqui\u00e8rent la condition d&#8217;utilisateurs.Les utilisateurs acceptent les conditions d&#8217;utilisation \u00e9tablies.REAL ESTATE se r\u00e9serve le droit de modifier \u00e0 tout moment les conditions l\u00e9gales du site, ainsi que d&#8217;apporter les am\u00e9liorations techniques ou visuelles qu&#8217;elle jugera opportunes.Si ces modifications affectent la vie priv\u00e9e des utilisateurs, ces derniers seront inform\u00e9s au pr\u00e9alable de la date d&#8217;entr\u00e9e en vigueur des changements. Conform\u00e9ment \u00e0 la loi italienne Decreto Legislativo n.196\/2003 et au r\u00e8glement de l&#8217;UE 2016\/679, vous devez remplir tous les champs obligatoires afin que nous puissions r\u00e9pondre \u00e0 vos demandes.Les donn\u00e9es ne seront pas transf\u00e9r\u00e9es \u00e0 des tiers, sauf en cas d&#8217;obligation l\u00e9gale ou lorsque cela est n\u00e9cessaire pour r\u00e9pondre \u00e0 votre demande.En cas de changement ou de modification de vos donn\u00e9es, vous devez nous en informer.Les utilisateurs peuvent exercer leurs droits d&#8217;acc\u00e8s, de rectification, de suppression, de limitation, d&#8217;opposition et de portabilit\u00e9 en \u00e9crivant \u00e0 l&#8217;adresse ci-dessous : &#8230;&#8230;&#8230;. POLITIQUE DES LIENS Ce site Web comprend des liens vers des pages Web de tiers afin de permettre aux utilisateurs d&#8217;acc\u00e9der \u00e0 une vari\u00e9t\u00e9 de r\u00e9seaux sociaux et de plates-formes Internet.REAL ESTATE n&#8217;est pas responsable du contenu, des offres, des produits ou des services que ces pages web peuvent contenir. DROIT APPLICABLE Toutes les questions li\u00e9es \u00e0 REAL ESTATE et aux utilisateurs seront r\u00e9gies par les lois nationales en vigueur, et les litiges \u00e9ventuels seront r\u00e9gl\u00e9s par le Tribunal de &#8230;&#8230;&#8230;..<\/p>\n","protected":false},"author":1,"featured_media":0,"parent":0,"menu_order":0,"comment_status":"closed","ping_status":"closed","template":"elementor_header_footer","meta":{"footnotes":""},"class_list":["post-19782","page","type-page","status-publish","hentry"],"_links":{"self":[{"href":"https:\/\/housesaleitaly.com\/fr\/wp-json\/wp\/v2\/pages\/19782","targetHints":{"allow":["GET"]}}],"collection":[{"href":"https:\/\/housesaleitaly.com\/fr\/wp-json\/wp\/v2\/pages"}],"about":[{"href":"https:\/\/housesaleitaly.com\/fr\/wp-json\/wp\/v2\/types\/page"}],"author":[{"embeddable":true,"href":"https:\/\/housesaleitaly.com\/fr\/wp-json\/wp\/v2\/users\/1"}],"replies":[{"embeddable":true,"href":"https:\/\/housesaleitaly.com\/fr\/wp-json\/wp\/v2\/comments?post=19782"}],"version-history":[{"count":3,"href":"https:\/\/housesaleitaly.com\/fr\/wp-json\/wp\/v2\/pages\/19782\/revisions"}],"predecessor-version":[{"id":27646,"href":"https:\/\/housesaleitaly.com\/fr\/wp-json\/wp\/v2\/pages\/19782\/revisions\/27646"}],"wp:attachment":[{"href":"https:\/\/housesaleitaly.com\/fr\/wp-json\/wp\/v2\/media?parent=19782"}],"curies":[{"name":"wp","href":"https:\/\/api.w.org\/{rel}","templated":true}]}}