{"id":19774,"date":"2024-07-30T15:52:02","date_gmt":"2024-07-30T13:52:02","guid":{"rendered":"http:\/\/housesaleitaly.com\/politique-en-matiere-de-cookies\/"},"modified":"2026-02-12T14:57:22","modified_gmt":"2026-02-12T13:57:22","slug":"politique-en-matiere-de-cookies","status":"publish","type":"page","link":"https:\/\/housesaleitaly.com\/fr\/politique-en-matiere-de-cookies\/","title":{"rendered":"Politique en mati\u00e8re de cookies"},"content":{"rendered":"\t\t<div data-elementor-type=\"wp-page\" data-elementor-id=\"19774\" class=\"elementor elementor-19774 elementor-19045\">\n\t\t\t\t<div class=\"elementor-element elementor-element-7b2a2204 e-con-full e-flex wpr-particle-no wpr-jarallax-no wpr-parallax-no wpr-sticky-section-no wpr-equal-height-no e-con e-parent\" data-id=\"7b2a2204\" data-element_type=\"container\" data-e-type=\"container\">\n\t\t\t\t<div class=\"elementor-element elementor-element-d2290bd elementor-widget elementor-widget-heading\" data-id=\"d2290bd\" data-element_type=\"widget\" data-e-type=\"widget\" data-widget_type=\"heading.default\">\n\t\t\t\t<div class=\"elementor-widget-container\">\n\t\t\t\t\t<h2 class=\"elementor-heading-title elementor-size-default\">POLITIQUE EN MATI\u00c8RE DE COOKIES<\/h2>\t\t\t\t<\/div>\n\t\t\t\t<\/div>\n\t\t\t\t<div class=\"elementor-element elementor-element-fc919b3 elementor-widget elementor-widget-text-editor\" data-id=\"fc919b3\" data-element_type=\"widget\" data-e-type=\"widget\" data-widget_type=\"text-editor.default\">\n\t\t\t\t<div class=\"elementor-widget-container\">\n\t\t\t\t\t\t\t\t\t<p><i>La pr\u00e9sente politique en mati\u00e8re de cookies s&#8217;applique aux citoyens et aux r\u00e9sidents permanents l\u00e9gaux de l&#8217;Espace \u00e9conomique europ\u00e9en et de la Suisse.<\/i><\/p><h2>1. Introduction<\/h2><p>Notre site web, <a href=\"https:\/\/housesaleitaly.com\/fr\/\" target=\"_blank\" rel=\"noopener\">https:\/\/housesaleitaly.com<\/a> (ci-apr\u00e8s : &#8220;le site web&#8221;) utilise des cookies et d&#8217;autres technologies connexes (par commodit\u00e9, toutes les technologies sont d\u00e9sign\u00e9es par le terme &#8220;cookies&#8221;).<br \/>Des cookies sont \u00e9galement plac\u00e9s par des tiers que nous avons engag\u00e9s.<br \/>Dans le document ci-dessous, nous vous informons sur l&#8217;utilisation des cookies sur notre site web.<\/p><h2>2. Qu&#8217;est-ce qu&#8217;un cookie ?<\/h2><p>Un cookie est un petit fichier simple qui est envoy\u00e9 avec les pages de ce site web et stock\u00e9 par votre navigateur sur le disque dur de votre ordinateur ou d&#8217;un autre appareil.<br \/>Les informations qui y sont stock\u00e9es peuvent \u00eatre renvoy\u00e9es \u00e0 nos serveurs ou aux serveurs des tiers concern\u00e9s lors d&#8217;une visite ult\u00e9rieure.<\/p><h2>3. Qu&#8217;est-ce qu&#8217;un script ?<\/h2><p>Un script est un morceau de code de programme qui est utilis\u00e9 pour faire fonctionner notre site web correctement et de mani\u00e8re interactive.<br \/>Ce code est ex\u00e9cut\u00e9 sur notre serveur ou sur votre appareil.<\/p><h2>4. Qu&#8217;est-ce qu&#8217;une balise web ?<\/h2><p>Une balise web (ou pixel tag) est une petite partie invisible de texte ou d&#8217;image sur un site web qui est utilis\u00e9e pour surveiller le trafic sur un site web.<br \/>Pour ce faire, diverses donn\u00e9es vous concernant sont stock\u00e9es \u00e0 l&#8217;aide de balises web.<\/p><h2>5. Cookies<\/h2><p class=\"cmplz-subtitle\">5.1 Cookies techniques ou fonctionnels<\/p><p>Certains cookies garantissent le bon fonctionnement de certaines parties du site web et la m\u00e9morisation de vos pr\u00e9f\u00e9rences d&#8217;utilisateur.<br \/>En pla\u00e7ant des cookies fonctionnels, nous facilitons votre visite sur notre site web.<br \/>Ainsi, vous n&#8217;avez pas besoin de saisir plusieurs fois les m\u00eames informations lorsque vous visitez notre site web et, par exemple, les articles restent dans votre panier d&#8217;achat jusqu&#8217;\u00e0 ce que vous ayez pay\u00e9.<br \/>Nous pouvons placer ces cookies sans votre consentement.<\/p><p class=\"cmplz-subtitle\">5.2 Cookies statistiques<\/p><p>Nous utilisons des cookies statistiques pour optimiser l&#8217;exp\u00e9rience de nos utilisateurs sur le site web.<br \/>Gr\u00e2ce \u00e0 ces cookies statistiques, nous obtenons des informations sur l&#8217;utilisation de notre site web.<br \/>Nous vous demandons votre autorisation pour placer des cookies de statistiques.<\/p><p class=\"cmplz-subtitle\">5.3 Cookies publicitaires<\/p><p>Sur ce site web, nous utilisons des cookies publicitaires qui nous permettent de mieux comprendre les r\u00e9sultats de la campagne.<br \/>Cela se fait sur la base d&#8217;un profil que nous cr\u00e9ons en fonction de votre comportement sur <a href=\"https:\/\/housesaleitaly.com\/fr\/\" target=\"_blank\" rel=\"noopener\">https:\/\/housesaleitaly.com.<\/a><br \/>Gr\u00e2ce \u00e0 ces cookies, vous, en tant que visiteur du site web, \u00eates li\u00e9 \u00e0 un identifiant unique, mais ces cookies n&#8217;\u00e9tablissent pas de profil de votre comportement et de vos int\u00e9r\u00eats pour vous proposer des publicit\u00e9s personnalis\u00e9es.<\/p><p class=\"cmplz-subtitle\">5.4 Cookies de marketing\/suivi<\/p><p>Les cookies de marketing\/tra\u00e7age sont des cookies ou toute autre forme de stockage local, utilis\u00e9s pour cr\u00e9er des profils d&#8217;utilisateurs afin d&#8217;afficher de la publicit\u00e9 ou de suivre l&#8217;utilisateur sur ce site web ou sur plusieurs sites web \u00e0 des fins de marketing similaires.<\/p><p>Comme ces cookies sont consid\u00e9r\u00e9s comme des cookies de suivi, nous vous demandons votre autorisation pour les placer.<\/p><p class=\"cmplz-subtitle\">5.5 Les m\u00e9dias sociaux<\/p><p>Sur notre site web, nous avons int\u00e9gr\u00e9 du contenu provenant de Facebook, Instagram et WhatsApp afin de promouvoir des pages web (par exemple &#8220;like&#8221;, &#8220;pin&#8221;) ou de les partager (par exemple &#8220;tweet&#8221;) sur des r\u00e9seaux sociaux tels que Facebook, Instagram et WhatsApp.<br \/>Ce contenu est int\u00e9gr\u00e9 avec un code d\u00e9riv\u00e9 de Facebook, Instagram et WhatsApp et place des cookies.<br \/>Ce contenu pourrait stocker et traiter certaines informations \u00e0 des fins de publicit\u00e9 personnalis\u00e9e.<\/p><p>Veuillez lire la d\u00e9claration de confidentialit\u00e9 de ces r\u00e9seaux sociaux (qui peut changer r\u00e9guli\u00e8rement) pour savoir ce qu&#8217;ils font de vos donn\u00e9es (personnelles) qu&#8217;ils traitent \u00e0 l&#8217;aide de ces cookies.<br \/>Les donn\u00e9es r\u00e9cup\u00e9r\u00e9es sont anonymis\u00e9es dans la mesure du possible.<br \/>Facebook, Instagram et WhatsApp sont situ\u00e9s aux \u00c9tats-Unis.<\/p><h2>6. Cookies plac\u00e9s<\/h2><p>Nom : &#8230;&#8230;&#8230;.<\/p><p>Nom : &#8230;&#8230;&#8230;.<\/p><p>Nom : &#8230;&#8230;&#8230;.<\/p><p>Nom : &#8230;&#8230;&#8230;.<\/p><p>Nom : &#8230;&#8230;&#8230;.<\/p><h2>7. Consentement<\/h2><p>Lorsque vous visitez notre site web pour la premi\u00e8re fois, nous affichons une fen\u00eatre contextuelle contenant des explications sur les cookies.<br \/>D\u00e8s que vous cliquez sur &#8220;Accepter&#8221;, vous consentez \u00e0 ce que nous utilisions les cat\u00e9gories de cookies et de plug-ins que vous avez s\u00e9lectionn\u00e9es dans la fen\u00eatre contextuelle, comme d\u00e9crit dans la pr\u00e9sente politique en mati\u00e8re de cookies.<br \/>Vous pouvez d\u00e9sactiver l&#8217;utilisation des cookies via votre navigateur, mais veuillez noter que notre site web pourrait ne plus fonctionner correctement.<\/p><h2>8. Activation\/d\u00e9sactivation et suppression des cookies<\/h2><p>Vous pouvez utiliser votre navigateur Internet pour supprimer automatiquement ou manuellement les cookies.<br \/>Vous pouvez \u00e9galement sp\u00e9cifier que certains cookies ne doivent pas \u00eatre plac\u00e9s.<br \/>Vous pouvez \u00e9galement modifier les param\u00e8tres de votre navigateur Internet de mani\u00e8re \u00e0 recevoir un message chaque fois qu&#8217;un cookie est plac\u00e9.<br \/>Pour plus d&#8217;informations sur ces options, veuillez vous r\u00e9f\u00e9rer aux instructions de la section d&#8217;aide de votre navigateur.<\/p><p>Veuillez noter que notre site web peut ne pas fonctionner correctement si tous les cookies sont d\u00e9sactiv\u00e9s.<br \/>Si vous supprimez les cookies dans votre navigateur, ils seront \u00e0 nouveau plac\u00e9s apr\u00e8s votre consentement lorsque vous visiterez \u00e0 nouveau notre site web.<\/p><h2>9. Vos droits en mati\u00e8re de donn\u00e9es \u00e0 caract\u00e8re personnel<\/h2><p>Vous disposez des droits suivants en ce qui concerne vos donn\u00e9es personnelles :<\/p><ul><li>Vous avez le droit de savoir pourquoi vos donn\u00e9es personnelles sont n\u00e9cessaires, ce qu&#8217;il en adviendra et combien de temps elles seront conserv\u00e9es.<\/li><li>Droit d&#8217;acc\u00e8s : Vous avez le droit d&#8217;acc\u00e9der \u00e0 vos donn\u00e9es personnelles dont nous avons connaissance.<\/li><li>Droit de rectification : vous avez le droit de compl\u00e9ter, de corriger, de faire supprimer ou de bloquer vos donn\u00e9es personnelles quand vous le souhaitez.<\/li><li>Si vous nous donnez votre consentement pour traiter vos donn\u00e9es, vous avez le droit de r\u00e9voquer ce consentement et de faire effacer vos donn\u00e9es personnelles.<\/li><li>Droit de transf\u00e9rer vos donn\u00e9es : vous avez le droit de demander au responsable du traitement l&#8217;ensemble de vos donn\u00e9es \u00e0 caract\u00e8re personnel et de les transf\u00e9rer dans leur int\u00e9gralit\u00e9 \u00e0 un autre responsable du traitement.<\/li><li>Droit d&#8217;opposition : vous pouvez vous opposer au traitement de vos donn\u00e9es.<br \/>Nous nous y conformons, \u00e0 moins qu&#8217;il n&#8217;existe des motifs justifi\u00e9s pour le traitement.<\/li><\/ul><p>Pour exercer ces droits, veuillez nous contacter.<br \/>Veuillez vous r\u00e9f\u00e9rer aux coordonn\u00e9es figurant au bas de la pr\u00e9sente politique en mati\u00e8re de cookies.<br \/>Si vous avez une plainte \u00e0 formuler sur la mani\u00e8re dont nous traitons vos donn\u00e9es, nous aimerions l&#8217;entendre, mais vous avez \u00e9galement le droit de d\u00e9poser une plainte aupr\u00e8s de l&#8217;autorit\u00e9 de contr\u00f4le (l&#8217;Autorit\u00e9 de protection des donn\u00e9es).<\/p><h2>10. Coordonn\u00e9es des personnes \u00e0 contacter<\/h2><p>Pour toute question et\/ou commentaire concernant notre politique en mati\u00e8re de cookies et la pr\u00e9sente d\u00e9claration, veuillez nous contacter en utilisant les coordonn\u00e9es suivantes :<\/p><p>&#8230;&#8230;&#8230;.<br \/>&#8230;&#8230;&#8230;.<br \/>Website : <span class=\"cmplz-contact-domain\"><a href=\"https:\/\/housesaleitaly.com\/fr\/\" target=\"_blank\" rel=\"noopener\">https:\/\/housesaleitaly.com<\/a><\/span><br \/>E-mail :<span class=\"cmplz-contact-email\"> &#8230;&#8230;&#8230;.<\/span><br \/><span class=\"cmplz-contact-telephone\">Num\u00e9ro de t\u00e9l\u00e9phone : &#8230;&#8230;&#8230;.<\/span><\/p>\t\t\t\t\t\t\t\t<\/div>\n\t\t\t\t<\/div>\n\t\t\t\t<\/div>\n\t\t\t\t<\/div>\n\t\t","protected":false},"excerpt":{"rendered":"<p>POLITIQUE EN MATI\u00c8RE DE COOKIES La pr\u00e9sente politique en mati\u00e8re de cookies s&#8217;applique aux citoyens et aux r\u00e9sidents permanents l\u00e9gaux de l&#8217;Espace \u00e9conomique europ\u00e9en et de la Suisse. 1. Introduction Notre site web, https:\/\/housesaleitaly.com (ci-apr\u00e8s : &#8220;le site web&#8221;) utilise des cookies et d&#8217;autres technologies connexes (par commodit\u00e9, toutes les technologies sont d\u00e9sign\u00e9es par le terme &#8220;cookies&#8221;).Des cookies sont \u00e9galement plac\u00e9s par des tiers que nous avons engag\u00e9s.Dans le document ci-dessous, nous vous informons sur l&#8217;utilisation des cookies sur notre site web. 2. Qu&#8217;est-ce qu&#8217;un cookie ? Un cookie est un petit fichier simple qui est envoy\u00e9 avec les pages de ce site web et stock\u00e9 par votre navigateur sur le disque dur de votre ordinateur ou d&#8217;un autre appareil.Les informations qui y sont stock\u00e9es peuvent \u00eatre renvoy\u00e9es \u00e0 nos serveurs ou aux serveurs des tiers concern\u00e9s lors d&#8217;une visite ult\u00e9rieure. 3. Qu&#8217;est-ce qu&#8217;un script ? Un script est un morceau de code de programme qui est utilis\u00e9 pour faire fonctionner notre site web correctement et de mani\u00e8re interactive.Ce code est ex\u00e9cut\u00e9 sur notre serveur ou sur votre appareil. 4. Qu&#8217;est-ce qu&#8217;une balise web ? Une balise web (ou pixel tag) est une petite partie invisible de texte ou d&#8217;image sur un site web qui est utilis\u00e9e pour surveiller le trafic sur un site web.Pour ce faire, diverses donn\u00e9es vous concernant sont stock\u00e9es \u00e0 l&#8217;aide de balises web. 5. Cookies 5.1 Cookies techniques ou fonctionnels Certains cookies garantissent le bon fonctionnement de certaines parties du site web et la m\u00e9morisation de vos pr\u00e9f\u00e9rences d&#8217;utilisateur.En pla\u00e7ant des cookies fonctionnels, nous facilitons votre visite sur notre site web.Ainsi, vous n&#8217;avez pas besoin de saisir plusieurs fois les m\u00eames informations lorsque vous visitez notre site web et, par exemple, les articles restent dans votre panier d&#8217;achat jusqu&#8217;\u00e0 ce que vous ayez pay\u00e9.Nous pouvons placer ces cookies sans votre consentement. 5.2 Cookies statistiques Nous utilisons des cookies statistiques pour optimiser l&#8217;exp\u00e9rience de nos utilisateurs sur le site web.Gr\u00e2ce \u00e0 ces cookies statistiques, nous obtenons des informations sur l&#8217;utilisation de notre site web.Nous vous demandons votre autorisation pour placer des cookies de statistiques. 5.3 Cookies publicitaires Sur ce site web, nous utilisons des cookies publicitaires qui nous permettent de mieux comprendre les r\u00e9sultats de la campagne.Cela se fait sur la base d&#8217;un profil que nous cr\u00e9ons en fonction de votre comportement sur https:\/\/housesaleitaly.com.Gr\u00e2ce \u00e0 ces cookies, vous, en tant que visiteur du site web, \u00eates li\u00e9 \u00e0 un identifiant unique, mais ces cookies n&#8217;\u00e9tablissent pas de profil de votre comportement et de vos int\u00e9r\u00eats pour vous proposer des publicit\u00e9s personnalis\u00e9es. 5.4 Cookies de marketing\/suivi Les cookies de marketing\/tra\u00e7age sont des cookies ou toute autre forme de stockage local, utilis\u00e9s pour cr\u00e9er des profils d&#8217;utilisateurs afin d&#8217;afficher de la publicit\u00e9 ou de suivre l&#8217;utilisateur sur ce site web ou sur plusieurs sites web \u00e0 des fins de marketing similaires. Comme ces cookies sont consid\u00e9r\u00e9s comme des cookies de suivi, nous vous demandons votre autorisation pour les placer. 5.5 Les m\u00e9dias sociaux Sur notre site web, nous avons int\u00e9gr\u00e9 du contenu provenant de Facebook, Instagram et WhatsApp afin de promouvoir des pages web (par exemple &#8220;like&#8221;, &#8220;pin&#8221;) ou de les partager (par exemple &#8220;tweet&#8221;) sur des r\u00e9seaux sociaux tels que Facebook, Instagram et WhatsApp.Ce contenu est int\u00e9gr\u00e9 avec un code d\u00e9riv\u00e9 de Facebook, Instagram et WhatsApp et place des cookies.Ce contenu pourrait stocker et traiter certaines informations \u00e0 des fins de publicit\u00e9 personnalis\u00e9e. Veuillez lire la d\u00e9claration de confidentialit\u00e9 de ces r\u00e9seaux sociaux (qui peut changer r\u00e9guli\u00e8rement) pour savoir ce qu&#8217;ils font de vos donn\u00e9es (personnelles) qu&#8217;ils traitent \u00e0 l&#8217;aide de ces cookies.Les donn\u00e9es r\u00e9cup\u00e9r\u00e9es sont anonymis\u00e9es dans la mesure du possible.Facebook, Instagram et WhatsApp sont situ\u00e9s aux \u00c9tats-Unis. 6. Cookies plac\u00e9s Nom : &#8230;&#8230;&#8230;. Nom : &#8230;&#8230;&#8230;. Nom : &#8230;&#8230;&#8230;. Nom : &#8230;&#8230;&#8230;. Nom : &#8230;&#8230;&#8230;. 7. Consentement Lorsque vous visitez notre site web pour la premi\u00e8re fois, nous affichons une fen\u00eatre contextuelle contenant des explications sur les cookies.D\u00e8s que vous cliquez sur &#8220;Accepter&#8221;, vous consentez \u00e0 ce que nous utilisions les cat\u00e9gories de cookies et de plug-ins que vous avez s\u00e9lectionn\u00e9es dans la fen\u00eatre contextuelle, comme d\u00e9crit dans la pr\u00e9sente politique en mati\u00e8re de cookies.Vous pouvez d\u00e9sactiver l&#8217;utilisation des cookies via votre navigateur, mais veuillez noter que notre site web pourrait ne plus fonctionner correctement. 8. Activation\/d\u00e9sactivation et suppression des cookies Vous pouvez utiliser votre navigateur Internet pour supprimer automatiquement ou manuellement les cookies.Vous pouvez \u00e9galement sp\u00e9cifier que certains cookies ne doivent pas \u00eatre plac\u00e9s.Vous pouvez \u00e9galement modifier les param\u00e8tres de votre navigateur Internet de mani\u00e8re \u00e0 recevoir un message chaque fois qu&#8217;un cookie est plac\u00e9.Pour plus d&#8217;informations sur ces options, veuillez vous r\u00e9f\u00e9rer aux instructions de la section d&#8217;aide de votre navigateur. Veuillez noter que notre site web peut ne pas fonctionner correctement si tous les cookies sont d\u00e9sactiv\u00e9s.Si vous supprimez les cookies dans votre navigateur, ils seront \u00e0 nouveau plac\u00e9s apr\u00e8s votre consentement lorsque vous visiterez \u00e0 nouveau notre site web. 9. Vos droits en mati\u00e8re de donn\u00e9es \u00e0 caract\u00e8re personnel Vous disposez des droits suivants en ce qui concerne vos donn\u00e9es personnelles : Vous avez le droit de savoir pourquoi vos donn\u00e9es personnelles sont n\u00e9cessaires, ce qu&#8217;il en adviendra et combien de temps elles seront conserv\u00e9es. Droit d&#8217;acc\u00e8s : Vous avez le droit d&#8217;acc\u00e9der \u00e0 vos donn\u00e9es personnelles dont nous avons connaissance. Droit de rectification : vous avez le droit de compl\u00e9ter, de corriger, de faire supprimer ou de bloquer vos donn\u00e9es personnelles quand vous le souhaitez. Si vous nous donnez votre consentement pour traiter vos donn\u00e9es, vous avez le droit de r\u00e9voquer ce consentement et de faire effacer vos donn\u00e9es personnelles. Droit de transf\u00e9rer vos donn\u00e9es : vous avez le droit de demander au responsable du traitement l&#8217;ensemble de vos donn\u00e9es \u00e0 caract\u00e8re personnel et de les transf\u00e9rer dans leur int\u00e9gralit\u00e9 \u00e0 un autre responsable du traitement. Droit d&#8217;opposition : vous pouvez vous opposer au traitement de vos donn\u00e9es.Nous nous y conformons, \u00e0 moins qu&#8217;il n&#8217;existe des motifs justifi\u00e9s pour le traitement. Pour exercer ces droits, veuillez nous contacter.Veuillez vous<\/p>\n","protected":false},"author":1,"featured_media":0,"parent":0,"menu_order":0,"comment_status":"closed","ping_status":"closed","template":"elementor_header_footer","meta":{"footnotes":""},"class_list":["post-19774","page","type-page","status-publish","hentry"],"_links":{"self":[{"href":"https:\/\/housesaleitaly.com\/fr\/wp-json\/wp\/v2\/pages\/19774","targetHints":{"allow":["GET"]}}],"collection":[{"href":"https:\/\/housesaleitaly.com\/fr\/wp-json\/wp\/v2\/pages"}],"about":[{"href":"https:\/\/housesaleitaly.com\/fr\/wp-json\/wp\/v2\/types\/page"}],"author":[{"embeddable":true,"href":"https:\/\/housesaleitaly.com\/fr\/wp-json\/wp\/v2\/users\/1"}],"replies":[{"embeddable":true,"href":"https:\/\/housesaleitaly.com\/fr\/wp-json\/wp\/v2\/comments?post=19774"}],"version-history":[{"count":6,"href":"https:\/\/housesaleitaly.com\/fr\/wp-json\/wp\/v2\/pages\/19774\/revisions"}],"predecessor-version":[{"id":27643,"href":"https:\/\/housesaleitaly.com\/fr\/wp-json\/wp\/v2\/pages\/19774\/revisions\/27643"}],"wp:attachment":[{"href":"https:\/\/housesaleitaly.com\/fr\/wp-json\/wp\/v2\/media?parent=19774"}],"curies":[{"name":"wp","href":"https:\/\/api.w.org\/{rel}","templated":true}]}}