{"id":19764,"date":"2016-03-10T18:52:12","date_gmt":"2016-03-10T17:52:12","guid":{"rendered":"http:\/\/housesaleitaly.com\/politique-de-confidentialite\/"},"modified":"2026-02-12T14:53:56","modified_gmt":"2026-02-12T13:53:56","slug":"politique-de-confidentialite","status":"publish","type":"page","link":"https:\/\/housesaleitaly.com\/fr\/politique-de-confidentialite\/","title":{"rendered":"Politique de confidentialit\u00e9"},"content":{"rendered":"\t\t<div data-elementor-type=\"wp-page\" data-elementor-id=\"19764\" class=\"elementor elementor-19764 elementor-748\">\n\t\t\t\t<div class=\"elementor-element elementor-element-5396505b e-con-full e-flex wpr-particle-no wpr-jarallax-no wpr-parallax-no wpr-sticky-section-no wpr-equal-height-no e-con e-parent\" data-id=\"5396505b\" data-element_type=\"container\" data-e-type=\"container\">\n\t\t\t\t<div class=\"elementor-element elementor-element-df1c166 elementor-widget elementor-widget-heading\" data-id=\"df1c166\" data-element_type=\"widget\" data-e-type=\"widget\" data-widget_type=\"heading.default\">\n\t\t\t\t<div class=\"elementor-widget-container\">\n\t\t\t\t\t<h2 class=\"elementor-heading-title elementor-size-default\">POLITIQUE DE CONFIDENTIALIT\u00c9<\/h2>\t\t\t\t<\/div>\n\t\t\t\t<\/div>\n\t\t\t\t<div class=\"elementor-element elementor-element-1fceb30e elementor-widget elementor-widget-text-editor\" data-id=\"1fceb30e\" data-element_type=\"widget\" data-e-type=\"widget\" data-widget_type=\"text-editor.default\">\n\t\t\t\t<div class=\"elementor-widget-container\">\n\t\t\t\t\t\t\t\t\t<p>Conform\u00e9ment \u00e0 la loi italienne Decreto Legislativo n.<br \/>196\/2003 et \u00e0 l&#8217;article 13 du r\u00e8glement (UE) 2016\/679, nous vous fournissons les informations suivantes :<\/p><p><strong>INFORMATIONS DE BASE SUR LA PROTECTION DES DONN\u00c9ES<\/strong><\/p><p><strong>Partie responsable : &#8230;&#8230;&#8230;.<\/strong><\/p><p><strong>Objectif : <\/strong>r\u00e9pondre aux demandes envoy\u00e9es via le site web, g\u00e9rer l&#8217;envoi d&#8217;informations.<br \/>G\u00e9rer les services contract\u00e9s par le biais de notre boutique en ligne.<\/p><p><strong>L\u00e9gitimation : <\/strong>Consentement de la partie int\u00e9ress\u00e9e.<br \/>\u00c9tablissement de la relation pr\u00e9-contractuelle\/contractuelle.<\/p><p><strong>Destinataires : <\/strong>Ces donn\u00e9es ne seront pas transf\u00e9r\u00e9es \u00e0 des tiers, sauf s&#8217;il existe une obligation l\u00e9gale de le faire ou si cela est n\u00e9cessaire pour traiter votre demande.<\/p><p><strong>Vos droits : <\/strong>Vous pouvez exercer vos droits d&#8217;acc\u00e8s, de rectification, de suppression, d&#8217;opposition, de limitation du traitement, de portabilit\u00e9 des donn\u00e9es.<\/p><p><strong>QUI VA TRAITER MES DONN\u00c9ES ?<\/strong><\/p><p>Le responsable du traitement de vos donn\u00e9es est<\/p><p>Nom de l&#8217;entreprise : &#8230;&#8230;&#8230;.<\/p><p>Num\u00e9ro de TVA : &#8230;&#8230;&#8230;.<\/p><p>Nom commercial : &#8230;&#8230;&#8230;.<\/p><p>Adresse : &#8230;&#8230;&#8230;.<\/p><p>PEC (courrier \u00e9lectronique certifi\u00e9) : &#8230;&#8230;&#8230;.<\/p><p>Autres informations de contact :<\/p><p>E-mail : &#8230;&#8230;&#8230;.<\/p><p>Num\u00e9ro de t\u00e9l\u00e9phone : &#8230;&#8230;&#8230;.<\/p><p><strong>QUELLE EST LA FINALIT\u00c9 ET LA BASE JURIDIQUE DU TRAITEMENT DES DONN\u00c9ES ?<\/strong><\/p><p>Chez REAL ESTATE, nous traitons les informations soumises par les personnes concern\u00e9es pour g\u00e9rer leurs demandes d&#8217;information et les services qui les lient \u00e0 cette soci\u00e9t\u00e9, ainsi que pour leur envoyer des offres de produits et de services.<\/p><p>La base l\u00e9gale du traitement de vos donn\u00e9es est votre consentement, que vous pouvez donner en acceptant la politique de confidentialit\u00e9 de REAL ESTATE sur notre page web.<\/p><p>N&#8217;oubliez pas que, lorsque nous vous demandons de fournir vos donn\u00e9es personnelles pour vous donner acc\u00e8s \u00e0 une fonctionnalit\u00e9 ou \u00e0 un service dans nos formulaires, certains champs sont obligatoires, car il s&#8217;agit de donn\u00e9es dont nous avons besoin pour vous fournir le service ou vous donner acc\u00e8s \u00e0 la fonctionnalit\u00e9 en question.<br \/>N&#8217;oubliez pas que si vous d\u00e9cidez de ne pas fournir ces informations, il se peut que vous ne puissiez pas terminer votre enregistrement en tant qu&#8217;utilisateur ou que vous ne puissiez pas profiter des services.<\/p><p>Dans le cas de demandes qui nous parviennent par d&#8217;autres moyens que nos formulaires de contact sur le web, la base juridique du traitement de vos donn\u00e9es, dans ce cas, est l&#8217;\u00e9tablissement de la relation pr\u00e9contractuelle-contractuelle.<br \/>En d&#8217;autres termes, nous g\u00e9rerons vos donn\u00e9es pour r\u00e9pondre \u00e0 vos demandes d&#8217;informations et\/ou de services.<\/p><p>Les donn\u00e9es fournies par les utilisateurs seront utilis\u00e9es pour des \u00e9tudes statistiques et des analyses de profil afin de fournir un meilleur service \u00e0 travers notre site web, pour lequel l&#8217;application Google Analytics sera utilis\u00e9e.<\/p><p>Pour plus d&#8217;informations, veuillez consulter notre politique en mati\u00e8re de cookies.<\/p><p><strong> O\u00d9 MES INFORMATIONS SONT-ELLES STOCK\u00c9ES ?<\/strong><\/p><p>&#8230;&#8230;&#8230;.<\/p><p><strong>\u00c0 QUI MES DONN\u00c9ES SERONT-ELLES TRANSMISES ?<\/strong><\/p><p>Pour atteindre les objectifs indiqu\u00e9s dans la pr\u00e9sente politique de confidentialit\u00e9, il est n\u00e9cessaire que nous donnions acc\u00e8s \u00e0 vos donn\u00e9es personnelles aux entit\u00e9s suivantes qui nous apportent leur soutien dans les services que nous vous offrons :<\/p><ul><li>Entit\u00e9s financi\u00e8res : pour effectuer le paiement des services contractuels.<\/li><li>Fournisseurs de services technologiques ; h\u00e9bergement et maintenance de sites web.<\/li><\/ul><p>En dehors des cas indiqu\u00e9s, aucune donn\u00e9e ne sera transf\u00e9r\u00e9e \u00e0 moins qu&#8217;il n&#8217;y ait une obligation l\u00e9gale de le faire, ou si cela est n\u00e9cessaire pour r\u00e9pondre \u00e0 des exigences directement li\u00e9es \u00e0 votre demande.<\/p><p><strong>COMBIEN DE TEMPS CONSERVEZ-VOUS MES DONN\u00c9ES ?<\/strong><\/p><p>Les donn\u00e9es personnelles fournies seront conserv\u00e9es pendant toute la dur\u00e9e de votre relation avec cette entreprise et tant que la partie concern\u00e9e ne demande pas leur suppression.<\/p><p><strong>QUELS SONT MES DROITS LORSQUE JE TRANSMETS MES DONN\u00c9ES ? <\/strong><strong>ET O\u00d9 DOIS-JE M&#8217;ADRESSER POUR FAIRE VALOIR MES DROITS ?<\/strong><\/p><p>Toute personne a le droit d&#8217;obtenir la confirmation que nous traitons ou non les donn\u00e9es personnelles la concernant chez REAL ESTATE.<br \/>Toute personne int\u00e9ress\u00e9e a le droit d&#8217;acc\u00e9der \u00e0 ses donn\u00e9es personnelles et de demander la modification de toute donn\u00e9e inexacte ou leur suppression lorsque, entre autres raisons, ces donn\u00e9es ne sont plus n\u00e9cessaires aux fins pour lesquelles elles ont \u00e9t\u00e9 collect\u00e9es.<br \/>Dans certaines circonstances, les personnes int\u00e9ress\u00e9es peuvent demander une limitation du traitement de leurs donn\u00e9es, auquel cas nous ne les conserverons que pour l&#8217;exercice ou la d\u00e9fense de droits l\u00e9gaux.<\/p><p>Dans certaines circonstances et pour des raisons li\u00e9es \u00e0 votre situation particuli\u00e8re, vous pouvez vous opposer au traitement de vos donn\u00e9es, et REAL ESTATE cessera de traiter ces donn\u00e9es, \u00e0 moins qu&#8217;il n&#8217;existe des motifs juridiques imp\u00e9rieux, ou pour l&#8217;exercice ou la d\u00e9fense de r\u00e9clamations l\u00e9gales potentielles.<br \/>Pour exercer vos droits, vous devez envoyer une notification et une copie de votre carte d&#8217;identit\u00e9 \u00e0 :<\/p><p>&#8230;&#8230;&#8230;.<\/p><p>L&#8217;utilisateur peut r\u00e9voquer son consentement \u00e0 tout moment en \u00e9crivant \u00e0 l&#8217;adresse suivante : &#8230;&#8230;&#8230;.<\/p><p>En outre, vous \u00eates inform\u00e9 que vous avez le droit d&#8217;introduire une r\u00e9clamation aupr\u00e8s de l&#8217;autorit\u00e9 de contr\u00f4le italienne <a href=\"https:\/\/www.garanteprivacy.it\/home\" target=\"_blank\" rel=\"noopener\"><b>Garante per la Protezione dei Dati Personali<\/b><\/a>.<\/p>\t\t\t\t\t\t\t\t<\/div>\n\t\t\t\t<\/div>\n\t\t\t\t<\/div>\n\t\t\t\t<\/div>\n\t\t","protected":false},"excerpt":{"rendered":"<p>POLITIQUE DE CONFIDENTIALIT\u00c9 Conform\u00e9ment \u00e0 la loi italienne Decreto Legislativo n.196\/2003 et \u00e0 l&#8217;article 13 du r\u00e8glement (UE) 2016\/679, nous vous fournissons les informations suivantes : INFORMATIONS DE BASE SUR LA PROTECTION DES DONN\u00c9ES Partie responsable : &#8230;&#8230;&#8230;. Objectif : r\u00e9pondre aux demandes envoy\u00e9es via le site web, g\u00e9rer l&#8217;envoi d&#8217;informations.G\u00e9rer les services contract\u00e9s par le biais de notre boutique en ligne. L\u00e9gitimation : Consentement de la partie int\u00e9ress\u00e9e.\u00c9tablissement de la relation pr\u00e9-contractuelle\/contractuelle. Destinataires : Ces donn\u00e9es ne seront pas transf\u00e9r\u00e9es \u00e0 des tiers, sauf s&#8217;il existe une obligation l\u00e9gale de le faire ou si cela est n\u00e9cessaire pour traiter votre demande. Vos droits : Vous pouvez exercer vos droits d&#8217;acc\u00e8s, de rectification, de suppression, d&#8217;opposition, de limitation du traitement, de portabilit\u00e9 des donn\u00e9es. QUI VA TRAITER MES DONN\u00c9ES ? Le responsable du traitement de vos donn\u00e9es est Nom de l&#8217;entreprise : &#8230;&#8230;&#8230;. Num\u00e9ro de TVA : &#8230;&#8230;&#8230;. Nom commercial : &#8230;&#8230;&#8230;. Adresse : &#8230;&#8230;&#8230;. PEC (courrier \u00e9lectronique certifi\u00e9) : &#8230;&#8230;&#8230;. Autres informations de contact : E-mail : &#8230;&#8230;&#8230;. Num\u00e9ro de t\u00e9l\u00e9phone : &#8230;&#8230;&#8230;. QUELLE EST LA FINALIT\u00c9 ET LA BASE JURIDIQUE DU TRAITEMENT DES DONN\u00c9ES ? Chez REAL ESTATE, nous traitons les informations soumises par les personnes concern\u00e9es pour g\u00e9rer leurs demandes d&#8217;information et les services qui les lient \u00e0 cette soci\u00e9t\u00e9, ainsi que pour leur envoyer des offres de produits et de services. La base l\u00e9gale du traitement de vos donn\u00e9es est votre consentement, que vous pouvez donner en acceptant la politique de confidentialit\u00e9 de REAL ESTATE sur notre page web. N&#8217;oubliez pas que, lorsque nous vous demandons de fournir vos donn\u00e9es personnelles pour vous donner acc\u00e8s \u00e0 une fonctionnalit\u00e9 ou \u00e0 un service dans nos formulaires, certains champs sont obligatoires, car il s&#8217;agit de donn\u00e9es dont nous avons besoin pour vous fournir le service ou vous donner acc\u00e8s \u00e0 la fonctionnalit\u00e9 en question.N&#8217;oubliez pas que si vous d\u00e9cidez de ne pas fournir ces informations, il se peut que vous ne puissiez pas terminer votre enregistrement en tant qu&#8217;utilisateur ou que vous ne puissiez pas profiter des services. Dans le cas de demandes qui nous parviennent par d&#8217;autres moyens que nos formulaires de contact sur le web, la base juridique du traitement de vos donn\u00e9es, dans ce cas, est l&#8217;\u00e9tablissement de la relation pr\u00e9contractuelle-contractuelle.En d&#8217;autres termes, nous g\u00e9rerons vos donn\u00e9es pour r\u00e9pondre \u00e0 vos demandes d&#8217;informations et\/ou de services. Les donn\u00e9es fournies par les utilisateurs seront utilis\u00e9es pour des \u00e9tudes statistiques et des analyses de profil afin de fournir un meilleur service \u00e0 travers notre site web, pour lequel l&#8217;application Google Analytics sera utilis\u00e9e. Pour plus d&#8217;informations, veuillez consulter notre politique en mati\u00e8re de cookies. O\u00d9 MES INFORMATIONS SONT-ELLES STOCK\u00c9ES ? &#8230;&#8230;&#8230;. \u00c0 QUI MES DONN\u00c9ES SERONT-ELLES TRANSMISES ? Pour atteindre les objectifs indiqu\u00e9s dans la pr\u00e9sente politique de confidentialit\u00e9, il est n\u00e9cessaire que nous donnions acc\u00e8s \u00e0 vos donn\u00e9es personnelles aux entit\u00e9s suivantes qui nous apportent leur soutien dans les services que nous vous offrons : Entit\u00e9s financi\u00e8res : pour effectuer le paiement des services contractuels. Fournisseurs de services technologiques ; h\u00e9bergement et maintenance de sites web. En dehors des cas indiqu\u00e9s, aucune donn\u00e9e ne sera transf\u00e9r\u00e9e \u00e0 moins qu&#8217;il n&#8217;y ait une obligation l\u00e9gale de le faire, ou si cela est n\u00e9cessaire pour r\u00e9pondre \u00e0 des exigences directement li\u00e9es \u00e0 votre demande. COMBIEN DE TEMPS CONSERVEZ-VOUS MES DONN\u00c9ES ? Les donn\u00e9es personnelles fournies seront conserv\u00e9es pendant toute la dur\u00e9e de votre relation avec cette entreprise et tant que la partie concern\u00e9e ne demande pas leur suppression. QUELS SONT MES DROITS LORSQUE JE TRANSMETS MES DONN\u00c9ES ? ET O\u00d9 DOIS-JE M&#8217;ADRESSER POUR FAIRE VALOIR MES DROITS ? Toute personne a le droit d&#8217;obtenir la confirmation que nous traitons ou non les donn\u00e9es personnelles la concernant chez REAL ESTATE.Toute personne int\u00e9ress\u00e9e a le droit d&#8217;acc\u00e9der \u00e0 ses donn\u00e9es personnelles et de demander la modification de toute donn\u00e9e inexacte ou leur suppression lorsque, entre autres raisons, ces donn\u00e9es ne sont plus n\u00e9cessaires aux fins pour lesquelles elles ont \u00e9t\u00e9 collect\u00e9es.Dans certaines circonstances, les personnes int\u00e9ress\u00e9es peuvent demander une limitation du traitement de leurs donn\u00e9es, auquel cas nous ne les conserverons que pour l&#8217;exercice ou la d\u00e9fense de droits l\u00e9gaux. Dans certaines circonstances et pour des raisons li\u00e9es \u00e0 votre situation particuli\u00e8re, vous pouvez vous opposer au traitement de vos donn\u00e9es, et REAL ESTATE cessera de traiter ces donn\u00e9es, \u00e0 moins qu&#8217;il n&#8217;existe des motifs juridiques imp\u00e9rieux, ou pour l&#8217;exercice ou la d\u00e9fense de r\u00e9clamations l\u00e9gales potentielles.Pour exercer vos droits, vous devez envoyer une notification et une copie de votre carte d&#8217;identit\u00e9 \u00e0 : &#8230;&#8230;&#8230;. L&#8217;utilisateur peut r\u00e9voquer son consentement \u00e0 tout moment en \u00e9crivant \u00e0 l&#8217;adresse suivante : &#8230;&#8230;&#8230;. En outre, vous \u00eates inform\u00e9 que vous avez le droit d&#8217;introduire une r\u00e9clamation aupr\u00e8s de l&#8217;autorit\u00e9 de contr\u00f4le italienne Garante per la Protezione dei Dati Personali.<\/p>\n","protected":false},"author":1,"featured_media":0,"parent":0,"menu_order":0,"comment_status":"closed","ping_status":"closed","template":"elementor_header_footer","meta":{"footnotes":""},"class_list":["post-19764","page","type-page","status-publish","hentry"],"_links":{"self":[{"href":"https:\/\/housesaleitaly.com\/fr\/wp-json\/wp\/v2\/pages\/19764","targetHints":{"allow":["GET"]}}],"collection":[{"href":"https:\/\/housesaleitaly.com\/fr\/wp-json\/wp\/v2\/pages"}],"about":[{"href":"https:\/\/housesaleitaly.com\/fr\/wp-json\/wp\/v2\/types\/page"}],"author":[{"embeddable":true,"href":"https:\/\/housesaleitaly.com\/fr\/wp-json\/wp\/v2\/users\/1"}],"replies":[{"embeddable":true,"href":"https:\/\/housesaleitaly.com\/fr\/wp-json\/wp\/v2\/comments?post=19764"}],"version-history":[{"count":3,"href":"https:\/\/housesaleitaly.com\/fr\/wp-json\/wp\/v2\/pages\/19764\/revisions"}],"predecessor-version":[{"id":27637,"href":"https:\/\/housesaleitaly.com\/fr\/wp-json\/wp\/v2\/pages\/19764\/revisions\/27637"}],"wp:attachment":[{"href":"https:\/\/housesaleitaly.com\/fr\/wp-json\/wp\/v2\/media?parent=19764"}],"curies":[{"name":"wp","href":"https:\/\/api.w.org\/{rel}","templated":true}]}}