{"id":25882,"date":"2025-03-01T23:24:44","date_gmt":"2025-03-01T22:24:44","guid":{"rendered":"http:\/\/housesaleitaly.com\/?page_id=25882"},"modified":"2026-02-13T12:12:54","modified_gmt":"2026-02-13T11:12:54","slug":"casas-en-venta-en-liguria-en-bordighera","status":"publish","type":"page","link":"https:\/\/housesaleitaly.com\/es\/casas-en-venta-en-liguria-en-bordighera\/","title":{"rendered":"Casas en venta en Liguria en Bordighera"},"content":{"rendered":"\t\t<div data-elementor-type=\"wp-page\" data-elementor-id=\"25882\" class=\"elementor elementor-25882 elementor-25477\">\n\t\t\t\t<div class=\"elementor-element elementor-element-53b2c65d e-flex e-con-boxed wpr-particle-no wpr-jarallax-no wpr-parallax-no wpr-sticky-section-no wpr-equal-height-no e-con e-parent\" data-id=\"53b2c65d\" data-element_type=\"container\" data-e-type=\"container\">\n\t\t\t\t\t<div class=\"e-con-inner\">\n\t\t\t\t<div class=\"elementor-element elementor-element-8532e7f elementor-widget elementor-widget-houzez_elementor_space\" data-id=\"8532e7f\" data-element_type=\"widget\" data-e-type=\"widget\" data-widget_type=\"houzez_elementor_space.default\">\n\t\t\t\t<div class=\"elementor-widget-container\">\n\t\t\t\t\t        <div class=\"houzez-spacer\">\n            <div class=\"houzez-spacer-inner\"><\/div>\n        <\/div>\n        \t\t\t\t<\/div>\n\t\t\t\t<\/div>\n\t\t\t\t<div class=\"elementor-element elementor-element-202f0463 elementor-arrows-position-inside elementor-pagination-position-outside elementor-widget elementor-widget-image-carousel\" data-id=\"202f0463\" data-element_type=\"widget\" data-e-type=\"widget\" data-settings=\"{&quot;slides_to_show&quot;:&quot;1&quot;,&quot;navigation&quot;:&quot;both&quot;,&quot;autoplay&quot;:&quot;yes&quot;,&quot;pause_on_hover&quot;:&quot;yes&quot;,&quot;pause_on_interaction&quot;:&quot;yes&quot;,&quot;autoplay_speed&quot;:5000,&quot;infinite&quot;:&quot;yes&quot;,&quot;effect&quot;:&quot;slide&quot;,&quot;speed&quot;:500}\" data-widget_type=\"image-carousel.default\">\n\t\t\t\t<div class=\"elementor-widget-container\">\n\t\t\t\t\t\t\t<div class=\"elementor-image-carousel-wrapper swiper\" role=\"region\" aria-roledescription=\"carousel\" aria-label=\"Bordighera\" dir=\"ltr\">\n\t\t\t<div class=\"elementor-image-carousel swiper-wrapper\" aria-live=\"off\">\n\t\t\t\t\t\t\t\t<div class=\"swiper-slide\" role=\"group\" aria-roledescription=\"slide\" aria-label=\"1 de 7\"><figure class=\"swiper-slide-inner\"><img decoding=\"async\" class=\"swiper-slide-image\" src=\"https:\/\/housesaleitaly.com\/wp-content\/uploads\/2026\/02\/IMG20250303140826-scaled.jpg\" alt=\"oplus_3145728\" \/><\/figure><\/div><div class=\"swiper-slide\" role=\"group\" aria-roledescription=\"slide\" aria-label=\"2 de 7\"><figure class=\"swiper-slide-inner\"><img decoding=\"async\" class=\"swiper-slide-image\" src=\"https:\/\/housesaleitaly.com\/wp-content\/uploads\/2026\/02\/IMG20250303140704-scaled.jpg\" alt=\"oplus_3145728\" \/><\/figure><\/div><div class=\"swiper-slide\" role=\"group\" aria-roledescription=\"slide\" aria-label=\"3 de 7\"><figure class=\"swiper-slide-inner\"><img decoding=\"async\" class=\"swiper-slide-image\" src=\"https:\/\/housesaleitaly.com\/wp-content\/uploads\/2026\/02\/IMG20250303135221-scaled.jpg\" alt=\"oplus_3145728\" \/><\/figure><\/div><div class=\"swiper-slide\" role=\"group\" aria-roledescription=\"slide\" aria-label=\"4 de 7\"><figure class=\"swiper-slide-inner\"><img decoding=\"async\" class=\"swiper-slide-image\" src=\"https:\/\/housesaleitaly.com\/wp-content\/uploads\/2026\/02\/IMG20250303134216-scaled.jpg\" alt=\"oplus_3145728\" \/><\/figure><\/div><div class=\"swiper-slide\" role=\"group\" aria-roledescription=\"slide\" aria-label=\"5 de 7\"><figure class=\"swiper-slide-inner\"><img decoding=\"async\" class=\"swiper-slide-image\" src=\"https:\/\/housesaleitaly.com\/wp-content\/uploads\/2026\/02\/IMG20250303134135-scaled.jpg\" alt=\"oplus_3145728\" \/><\/figure><\/div><div class=\"swiper-slide\" role=\"group\" aria-roledescription=\"slide\" aria-label=\"6 de 7\"><figure class=\"swiper-slide-inner\"><img decoding=\"async\" class=\"swiper-slide-image\" src=\"https:\/\/housesaleitaly.com\/wp-content\/uploads\/2026\/02\/IMG20250303133617-scaled.jpg\" alt=\"oplus_3145728\" \/><\/figure><\/div><div class=\"swiper-slide\" role=\"group\" aria-roledescription=\"slide\" aria-label=\"7 de 7\"><figure class=\"swiper-slide-inner\"><img decoding=\"async\" class=\"swiper-slide-image\" src=\"https:\/\/housesaleitaly.com\/wp-content\/uploads\/2026\/02\/IMG20250303131853-scaled.jpg\" alt=\"oplus_3145728\" \/><\/figure><\/div>\t\t\t<\/div>\n\t\t\t\t\t\t\t\t\t\t\t\t<div class=\"elementor-swiper-button elementor-swiper-button-prev\" role=\"button\" tabindex=\"0\">\n\t\t\t\t\t\t<svg aria-hidden=\"true\" class=\"e-font-icon-svg e-eicon-chevron-left\" viewBox=\"0 0 1000 1000\" xmlns=\"http:\/\/www.w3.org\/2000\/svg\"><path d=\"M646 125C629 125 613 133 604 142L308 442C296 454 292 471 292 487 292 504 296 521 308 533L604 854C617 867 629 875 646 875 663 875 679 871 692 858 704 846 713 829 713 812 713 796 708 779 692 767L438 487 692 225C700 217 708 204 708 187 708 171 704 154 692 142 675 129 663 125 646 125Z\"><\/path><\/svg>\t\t\t\t\t<\/div>\n\t\t\t\t\t<div class=\"elementor-swiper-button elementor-swiper-button-next\" role=\"button\" tabindex=\"0\">\n\t\t\t\t\t\t<svg aria-hidden=\"true\" class=\"e-font-icon-svg e-eicon-chevron-right\" viewBox=\"0 0 1000 1000\" xmlns=\"http:\/\/www.w3.org\/2000\/svg\"><path d=\"M696 533C708 521 713 504 713 487 713 471 708 454 696 446L400 146C388 133 375 125 354 125 338 125 325 129 313 142 300 154 292 171 292 187 292 204 296 221 308 233L563 492 304 771C292 783 288 800 288 817 288 833 296 850 308 863 321 871 338 875 354 875 371 875 388 867 400 854L696 533Z\"><\/path><\/svg>\t\t\t\t\t<\/div>\n\t\t\t\t\n\t\t\t\t\t\t\t\t\t<div class=\"swiper-pagination\"><\/div>\n\t\t\t\t\t\t\t\t\t<\/div>\n\t\t\t\t\t\t<\/div>\n\t\t\t\t<\/div>\n\t\t\t\t<div class=\"elementor-element elementor-element-58fd58a3 elementor-widget elementor-widget-text-editor\" data-id=\"58fd58a3\" data-element_type=\"widget\" data-e-type=\"widget\" data-widget_type=\"text-editor.default\">\n\t\t\t\t<div class=\"elementor-widget-container\">\n\t\t\t\t\t\t\t\t\t<p>\u00bfEst\u00e1 interesado en casas en venta en Liguria? Nos complace presentarle la zona de Bordighera y sus principales caracter\u00edsticas que la hacen \u00fanica.<\/p><p>Estamos especializados en la venta de <a href=\"https:\/\/housesaleitaly.com\/es\/nuestras-propiedades\/\" target=\"_blank\" rel=\"noopener\">inmuebles<\/a> de alta calidad en Bordighera, una encantadora localidad situada en la costa de Liguria, cerca de la frontera con Francia. Esta zona es probablemente la m\u00e1s prestigiosa de la provincia de Imperia y una de las mejores de Liguria. Esto se debe principalmente a su proximidad a la famosa Riviera francesa. De hecho, se puede llegar en s\u00f3lo 15 minutos en coche. Bordighera es un punto de partida ideal para explorar tanto la costa italiana como la francesa. Ciudades como San Remo, Imperia, Menton, M\u00f3naco y Niza est\u00e1n a poca distancia.<\/p><p>Una de las razones por las que recomendamos invertir en casas en venta en Liguria en la zona de Bordighera es el buen estado de conservaci\u00f3n de las propiedades. En su mayor parte est\u00e1n bien mantenidas. La zona es tranquila y segura y el aeropuerto internacional de Niza en Francia est\u00e1 a s\u00f3lo 45 minutos de distancia. Esto hace que sea muy conveniente para llegar a Bordighera ya que hay muchos vuelos internacionales a Niza cada semana.<\/p><h5>Bordighera es especial por varias razones:<\/h5><p><br \/>1. Clima mediterr\u00e1neo: Bordighera disfruta de un clima suave y soleado durante todo el a\u00f1o, con veranos c\u00e1lidos e inviernos suaves, lo que la convierte en un destino popular para los turistas que buscan un ambiente relajante junto al mar.<\/p><p>2. Bordighera, situada a orillas del mar de Liguria, cuenta con hermosas playas, aguas cristalinas y vistas panor\u00e1micas de la costa. Su Lungomare Argentina, el paseo mar\u00edtimo m\u00e1s largo de la Riviera, ofrece hermosos paseos a lo largo de la costa. La excelente ubicaci\u00f3n de la ciudad influye en los precios de las casas en venta en Liguria en Bordighera.<\/p><p>3. Exuberante vegetaci\u00f3n: la localidad es conocida por su rica vegetaci\u00f3n, especialmente palmeras, olivos y plantas al\u00f3ctonas. De hecho, a Bordighera se la suele llamar \u00abla ciudad de las palmeras\u00bb. El cercano <a href=\"https:\/\/es.wikipedia.org\/wiki\/Jard\u00edn_Bot\u00e1nico_Hanbury\" target=\"_blank\" rel=\"noopener\">Jard\u00edn Bot\u00e1nico Hanbury<\/a> presenta una gran colecci\u00f3n de plantas mediterr\u00e1neas y for\u00e1neas.<\/p><p>4. Patrimonio hist\u00f3rico y art\u00edstico: Bordighera cuenta con una rica historia cultural y art\u00edstica. Ha sido destino favorito de muchos artistas, entre ellos Claude Monet, que pint\u00f3 varios paisajes de la localidad. Tambi\u00e9n es posible visitar Villa Garnier, la antigua residencia del arquitecto franc\u00e9s Charles Garnier, que contribuy\u00f3 al crecimiento de la ciudad en el siglo XIX. Este factor aumenta el inter\u00e9s de los inversores en casas en venta en Liguria en Bordighera.<\/p><p>5. Encanto del casco antiguo: el centro hist\u00f3rico, Bordighera Alta, es una encantadora ciudad medieval encaramada a una colina. Sus calles estrechas y sinuosas, sus edificios antiguos y sus plazas pintorescas ofrecen una visi\u00f3n del pasado de la ciudad.<\/p><p>6. Eventos culturales: Bordighera acoge numerosos eventos culturales, como conciertos de m\u00fasica, exposiciones de arte y festivales. La Sagra della Madonna della Neve, por ejemplo, es una fiesta religiosa local que se celebra cada a\u00f1o con procesiones y tradiciones locales.<\/p><h5>Estos factores se combinan para hacer de Bordighera un destino \u00fanico y atractivo para los visitantes que deseen experimentar la belleza y la cultura de la Riviera italiana.<\/h5><p><br \/>El sector de las casas en venta en Liguria en Bordighera es muy animado gracias al gran n\u00famero de turistas que visitan cada a\u00f1o este maravilloso rinc\u00f3n de Italia. Adem\u00e1s, muchas personas se trasladan aqu\u00ed desde todo el mundo para disfrutar de su buen microclima. Entre ellos hay muchos jubilados y aficionados a diversos deportes. De hecho, en esta zona se pueden practicar tanto deportes de monta\u00f1a como de mar. Desde Bordighera, es posible llegar a las estaciones de esqu\u00ed m\u00e1s cercanas en s\u00f3lo 2 horas.<\/p><p>El mercado ofrece una amplia gama de opciones inmobiliarias, como villas de lujo, pisos independientes y casas adosadas. Las propiedades suelen estar equipadas con servicios como jardines privados, piscinas y proximidad al mar para atender tanto a residentes estacionales como anuales.<\/p><p>En febrero de 2025, el precio medio de venta de las viviendas era de 4.115 euros por metro cuadrado, un 1,91% m\u00e1s que el a\u00f1o anterior. Los precios han fluctuado en los \u00faltimos dos a\u00f1os, alcanzando un m\u00e1ximo de 4.204 euros por metro cuadrado en mayo de 2024 y cayendo a 3.792 euros en noviembre de 2023.<\/p><h5>Los precios tambi\u00e9n var\u00edan por zonas en Bordighera. En febrero de 2025, las zonas de Arziglia y Madonna della Ruota registraron precios de alrededor de 5.242 euros por metro cuadrado. Por otro lado, la zona de Borghetto San Nicol\u00f2 presentaba opciones m\u00e1s baratas, con unos 1.617 euros por metro cuadrado.<\/h5><p><br \/>A pesar de las tendencias econ\u00f3micas generales, el mercado inmobiliario de Bordighera se mantiene s\u00f3lido. La demanda de inmuebles se ve respaldada por el atractivo de la regi\u00f3n como destino tur\u00edstico y la estabilidad del mercado de alquileres. Esto la convierte en una opci\u00f3n de inversi\u00f3n potencialmente viable.<\/p><p>Las casas en venta en Liguria en Bordighera son de varios tipos y los precios est\u00e1n influenciados por la ubicaci\u00f3n y los servicios de la zona. El mercado sigue atrayendo el inter\u00e9s, con el apoyo de una fuerte demanda y el potencial de inversi\u00f3n.<\/p>\t\t\t\t\t\t\t\t<\/div>\n\t\t\t\t<\/div>\n\t\t\t\t<div class=\"elementor-element elementor-element-38a42a0a elementor-widget elementor-widget-houzez_elementor_space\" data-id=\"38a42a0a\" data-element_type=\"widget\" data-e-type=\"widget\" data-widget_type=\"houzez_elementor_space.default\">\n\t\t\t\t<div class=\"elementor-widget-container\">\n\t\t\t\t\t        <div class=\"houzez-spacer\">\n            <div class=\"houzez-spacer-inner\"><\/div>\n        <\/div>\n        \t\t\t\t<\/div>\n\t\t\t\t<\/div>\n\t\t\t\t\t<\/div>\n\t\t\t\t<\/div>\n\t\t\t\t<\/div>\n\t\t","protected":false},"excerpt":{"rendered":"<p>\u00bfEst\u00e1 interesado en casas en venta en Liguria? Nos complace presentarle la zona de Bordighera y sus principales caracter\u00edsticas que la hacen \u00fanica. Estamos especializados en la venta de inmuebles de alta calidad en Bordighera, una encantadora localidad situada en la costa de Liguria, cerca de la frontera con Francia. Esta zona es probablemente la m\u00e1s prestigiosa de la provincia de Imperia y una de las mejores de Liguria. Esto se debe principalmente a su proximidad a la famosa Riviera francesa. De hecho, se puede llegar en s\u00f3lo 15 minutos en coche. Bordighera es un punto de partida ideal para explorar tanto la costa italiana como la francesa. Ciudades como San Remo, Imperia, Menton, M\u00f3naco y Niza est\u00e1n a poca distancia. Una de las razones por las que recomendamos invertir en casas en venta en Liguria en la zona de Bordighera es el buen estado de conservaci\u00f3n de las propiedades. En su mayor parte est\u00e1n bien mantenidas. La zona es tranquila y segura y el aeropuerto internacional de Niza en Francia est\u00e1 a s\u00f3lo 45 minutos de distancia. Esto hace que sea muy conveniente para llegar a Bordighera ya que hay muchos vuelos internacionales a Niza cada semana. Bordighera es especial por varias razones: 1. Clima mediterr\u00e1neo: Bordighera disfruta de un clima suave y soleado durante todo el a\u00f1o, con veranos c\u00e1lidos e inviernos suaves, lo que la convierte en un destino popular para los turistas que buscan un ambiente relajante junto al mar. 2. Bordighera, situada a orillas del mar de Liguria, cuenta con hermosas playas, aguas cristalinas y vistas panor\u00e1micas de la costa. Su Lungomare Argentina, el paseo mar\u00edtimo m\u00e1s largo de la Riviera, ofrece hermosos paseos a lo largo de la costa. La excelente ubicaci\u00f3n de la ciudad influye en los precios de las casas en venta en Liguria en Bordighera. 3. Exuberante vegetaci\u00f3n: la localidad es conocida por su rica vegetaci\u00f3n, especialmente palmeras, olivos y plantas al\u00f3ctonas. De hecho, a Bordighera se la suele llamar \u00abla ciudad de las palmeras\u00bb. El cercano Jard\u00edn Bot\u00e1nico Hanbury presenta una gran colecci\u00f3n de plantas mediterr\u00e1neas y for\u00e1neas. 4. Patrimonio hist\u00f3rico y art\u00edstico: Bordighera cuenta con una rica historia cultural y art\u00edstica. Ha sido destino favorito de muchos artistas, entre ellos Claude Monet, que pint\u00f3 varios paisajes de la localidad. Tambi\u00e9n es posible visitar Villa Garnier, la antigua residencia del arquitecto franc\u00e9s Charles Garnier, que contribuy\u00f3 al crecimiento de la ciudad en el siglo XIX. Este factor aumenta el inter\u00e9s de los inversores en casas en venta en Liguria en Bordighera. 5. Encanto del casco antiguo: el centro hist\u00f3rico, Bordighera Alta, es una encantadora ciudad medieval encaramada a una colina. Sus calles estrechas y sinuosas, sus edificios antiguos y sus plazas pintorescas ofrecen una visi\u00f3n del pasado de la ciudad. 6. Eventos culturales: Bordighera acoge numerosos eventos culturales, como conciertos de m\u00fasica, exposiciones de arte y festivales. La Sagra della Madonna della Neve, por ejemplo, es una fiesta religiosa local que se celebra cada a\u00f1o con procesiones y tradiciones locales. Estos factores se combinan para hacer de Bordighera un destino \u00fanico y atractivo para los visitantes que deseen experimentar la belleza y la cultura de la Riviera italiana. El sector de las casas en venta en Liguria en Bordighera es muy animado gracias al gran n\u00famero de turistas que visitan cada a\u00f1o este maravilloso rinc\u00f3n de Italia. Adem\u00e1s, muchas personas se trasladan aqu\u00ed desde todo el mundo para disfrutar de su buen microclima. Entre ellos hay muchos jubilados y aficionados a diversos deportes. De hecho, en esta zona se pueden practicar tanto deportes de monta\u00f1a como de mar. Desde Bordighera, es posible llegar a las estaciones de esqu\u00ed m\u00e1s cercanas en s\u00f3lo 2 horas. El mercado ofrece una amplia gama de opciones inmobiliarias, como villas de lujo, pisos independientes y casas adosadas. Las propiedades suelen estar equipadas con servicios como jardines privados, piscinas y proximidad al mar para atender tanto a residentes estacionales como anuales. En febrero de 2025, el precio medio de venta de las viviendas era de 4.115 euros por metro cuadrado, un 1,91% m\u00e1s que el a\u00f1o anterior. Los precios han fluctuado en los \u00faltimos dos a\u00f1os, alcanzando un m\u00e1ximo de 4.204 euros por metro cuadrado en mayo de 2024 y cayendo a 3.792 euros en noviembre de 2023. Los precios tambi\u00e9n var\u00edan por zonas en Bordighera. En febrero de 2025, las zonas de Arziglia y Madonna della Ruota registraron precios de alrededor de 5.242 euros por metro cuadrado. Por otro lado, la zona de Borghetto San Nicol\u00f2 presentaba opciones m\u00e1s baratas, con unos 1.617 euros por metro cuadrado. A pesar de las tendencias econ\u00f3micas generales, el mercado inmobiliario de Bordighera se mantiene s\u00f3lido. La demanda de inmuebles se ve respaldada por el atractivo de la regi\u00f3n como destino tur\u00edstico y la estabilidad del mercado de alquileres. Esto la convierte en una opci\u00f3n de inversi\u00f3n potencialmente viable. Las casas en venta en Liguria en Bordighera son de varios tipos y los precios est\u00e1n influenciados por la ubicaci\u00f3n y los servicios de la zona. El mercado sigue atrayendo el inter\u00e9s, con el apoyo de una fuerte demanda y el potencial de inversi\u00f3n.<\/p>\n","protected":false},"author":1,"featured_media":0,"parent":0,"menu_order":0,"comment_status":"closed","ping_status":"closed","template":"template\/template-homepage.php","meta":{"footnotes":""},"class_list":["post-25882","page","type-page","status-publish","hentry"],"_links":{"self":[{"href":"https:\/\/housesaleitaly.com\/es\/wp-json\/wp\/v2\/pages\/25882","targetHints":{"allow":["GET"]}}],"collection":[{"href":"https:\/\/housesaleitaly.com\/es\/wp-json\/wp\/v2\/pages"}],"about":[{"href":"https:\/\/housesaleitaly.com\/es\/wp-json\/wp\/v2\/types\/page"}],"author":[{"embeddable":true,"href":"https:\/\/housesaleitaly.com\/es\/wp-json\/wp\/v2\/users\/1"}],"replies":[{"embeddable":true,"href":"https:\/\/housesaleitaly.com\/es\/wp-json\/wp\/v2\/comments?post=25882"}],"version-history":[{"count":6,"href":"https:\/\/housesaleitaly.com\/es\/wp-json\/wp\/v2\/pages\/25882\/revisions"}],"predecessor-version":[{"id":27794,"href":"https:\/\/housesaleitaly.com\/es\/wp-json\/wp\/v2\/pages\/25882\/revisions\/27794"}],"wp:attachment":[{"href":"https:\/\/housesaleitaly.com\/es\/wp-json\/wp\/v2\/media?parent=25882"}],"curies":[{"name":"wp","href":"https:\/\/api.w.org\/{rel}","templated":true}]}}