{"id":19886,"date":"2024-08-06T15:59:44","date_gmt":"2024-08-06T13:59:44","guid":{"rendered":"http:\/\/housesaleitaly.com\/liguria\/"},"modified":"2026-02-13T11:47:09","modified_gmt":"2026-02-13T10:47:09","slug":"liguria","status":"publish","type":"page","link":"https:\/\/housesaleitaly.com\/es\/liguria\/","title":{"rendered":"Liguria"},"content":{"rendered":"\t\t<div data-elementor-type=\"wp-page\" data-elementor-id=\"19886\" class=\"elementor elementor-19886 elementor-19206\">\n\t\t\t\t\t\t<section class=\"elementor-section elementor-top-section elementor-element elementor-element-53a783cd elementor-section-height-min-height animated-slow elementor-section-boxed elementor-section-height-default elementor-section-items-middle wpr-particle-no wpr-jarallax-no wpr-parallax-no wpr-sticky-section-no wpr-equal-height-no elementor-invisible\" data-id=\"53a783cd\" data-element_type=\"section\" data-e-type=\"section\" data-settings=\"{&quot;background_background&quot;:&quot;classic&quot;,&quot;animation&quot;:&quot;fadeIn&quot;}\">\n\t\t\t\t\t\t\t<div class=\"elementor-background-overlay\"><\/div>\n\t\t\t\t\t\t\t<div class=\"elementor-container elementor-column-gap-default\">\n\t\t\t\t\t<div class=\"elementor-column elementor-col-100 elementor-top-column elementor-element elementor-element-447c1c92\" data-id=\"447c1c92\" data-element_type=\"column\" data-e-type=\"column\">\n\t\t\t<div class=\"elementor-widget-wrap elementor-element-populated\">\n\t\t\t\t\t\t<div class=\"elementor-element elementor-element-3a08b0b8 elementor-widget elementor-widget-heading\" data-id=\"3a08b0b8\" data-element_type=\"widget\" data-e-type=\"widget\" data-widget_type=\"heading.default\">\n\t\t\t\t<div class=\"elementor-widget-container\">\n\t\t\t\t\t<h1 class=\"elementor-heading-title elementor-size-default\">SOBRE LIGURIA<\/h1>\t\t\t\t<\/div>\n\t\t\t\t<\/div>\n\t\t\t\t\t<\/div>\n\t\t<\/div>\n\t\t\t\t\t<\/div>\n\t\t<\/section>\n\t\t\t\t<section class=\"elementor-section elementor-top-section elementor-element elementor-element-64424d39 elementor-section-boxed elementor-section-height-default elementor-section-height-default wpr-particle-no wpr-jarallax-no wpr-parallax-no wpr-sticky-section-no wpr-equal-height-no\" data-id=\"64424d39\" data-element_type=\"section\" data-e-type=\"section\" data-settings=\"{&quot;background_background&quot;:&quot;classic&quot;}\">\n\t\t\t\t\t\t<div class=\"elementor-container elementor-column-gap-default\">\n\t\t\t\t\t<div class=\"elementor-column elementor-col-100 elementor-top-column elementor-element elementor-element-649c2363\" data-id=\"649c2363\" data-element_type=\"column\" data-e-type=\"column\">\n\t\t\t<div class=\"elementor-widget-wrap elementor-element-populated\">\n\t\t\t\t\t\t<div class=\"elementor-element elementor-element-6bb7b7a9 elementor-widget elementor-widget-text-editor\" data-id=\"6bb7b7a9\" data-element_type=\"widget\" data-e-type=\"widget\" data-widget_type=\"text-editor.default\">\n\t\t\t\t<div class=\"elementor-widget-container\">\n\t\t\t\t\t\t\t\t\t<p>La regi\u00f3n de Liguria es realmente un lugar especial. Para quienes nunca hayan o\u00eddo hablar de ella, est\u00e1 situada en el norte de Italia. Se extiende 280 kil\u00f3metros a lo largo de la costa noroeste, entre la regi\u00f3n de Toscana y Francia.<\/p><p>Esta zona goza de un microclima muy favorable gracias a la acci\u00f3n del mar que mitiga las temperaturas. De hecho, a pesar de estar en el norte de Italia, aqu\u00ed nunca hay niebla y la temperatura no suele bajar de los 8 grados cent\u00edgrados. Adem\u00e1s, no es raro que en Liguria, incluso en los meses m\u00e1s fr\u00edos, se alcancen los 20 grados cent\u00edgrados durante el d\u00eda. Esto permite pasear alegremente en camiseta a veces incluso en enero o febrero.<\/p><p>De hecho, la provincia de Imperia tiene el mejor clima de Italia. As\u00ed lo afirman diversas fuentes, entre ellas el servicio de previsi\u00f3n meteorol\u00f3gica <a href=\"https:\/\/www.ilmeteo.it\" target=\"_blank\" rel=\"noopener\">iLMeteo.it<\/a> y el hist\u00f3rico diario <a href=\"https:\/\/www.corriere.it\/cronache\/indice-climatico-italia\/index.shtml\" target=\"_blank\" rel=\"noopener\">Il corriere della sera<\/a>. Esta afirmaci\u00f3n se deriva del an\u00e1lisis de 380 millones de datos meteorol\u00f3gicos relativos a 108 ciudades italianas.<\/p><p>Las condiciones clim\u00e1ticas especialmente favorables de esta zona de Liguria tambi\u00e9n atraen a muchos jubilados de todo el mundo que deciden instalarse aqu\u00ed por la alta calidad de vida.<\/p><p>Gracias a este excelente clima, en Liguria crecen plantas ex\u00f3ticas no end\u00e9micas t\u00edpicas de pa\u00edses c\u00e1lidos. Por ejemplo, encontramos eucalipto, agave, aloe, yuca, dracena draco, catctus opuntia, jacaranda y muchas otras. No es casualidad que el viajero ingl\u00e9s Sir Thomas Hanbury creara aqu\u00ed uno de los jardines de aclimataci\u00f3n m\u00e1s famosos de Europa. Recogi\u00f3 especies bot\u00e1nicas de todo el mundo y las plant\u00f3 en los terrenos adyacentes a su villa de Ventimiglia.<\/p><p>El turismo en Liguria tiene una larga historia que se remonta a 1800. La gente sol\u00eda venir aqu\u00ed en los meses de invierno para escapar del fr\u00edo. Al principio eran sobre todo turistas ingleses. Luego tambi\u00e9n hubo afluencia de turistas procedentes de Rusia tras la estancia de la zarina Mar\u00eda Aleksandrovna en Sanremo. La noble rusa, esposa del emperador Alejandro II, pas\u00f3 aqu\u00ed el invierno entre 1874 y 1875 y se enamor\u00f3 de la ciudad.<\/p><p>Hoy en d\u00eda, turistas de todo el mundo visitan Liguria. A ello contribuye la proximidad del aeropuerto internacional de Niza, en la hermosa Costa Azul francesa, que se encuentra a s\u00f3lo una hora en coche. Adem\u00e1s, cruceros de todas partes llegan a los puertos de G\u00e9nova, Savona y La Spezia.<\/p><p>La regi\u00f3n de Liguria es un lugar \u00fanico. Aqu\u00ed, los Alpes terminan cerca del mar, creando paisajes impresionantes. El excelente clima hace posibles muchas actividades al aire libre, desde el esqu\u00ed en los Alpes en invierno hasta deportes mar\u00edtimos como la navegaci\u00f3n o el kayak durante todo el a\u00f1o. Por no hablar del ciclismo, el deporte rey en esta zona gracias a un carril bici de 29 km que va de Ospedaletti a Imperia. Quienes tengan la suerte de vivir en esta zona podr\u00e1n, por tanto, disfrutar del mar y de la monta\u00f1a.<\/p><p>Esta zona tiene una larga historia, ya que estuvo habitada por el antiguo <a href=\"https:\/\/es.wikipedia.org\/wiki\/Ligures\" target=\"_blank\" rel=\"noopener\">pueblo ligur<\/a>, conquistado m\u00e1s tarde por los romanos. La posici\u00f3n estrat\u00e9gica de la regi\u00f3n la convirti\u00f3 en un centro de comercio mar\u00edtimo, sobre todo durante la \u00e9poca de las <a href=\"https:\/\/es.wikipedia.org\/wiki\/Rep\u00fablicas_mar\u00edtimas\" target=\"_blank\" rel=\"noopener\">Rep\u00fablicas Mar\u00edtimas Medievales<\/a>, cuando rivalizaba con Venecia y Amalfi en poder\u00edo e influencia naval.<\/p><p>En Liguria se celebran numerosos festivales culturales a lo largo del a\u00f1o, como el Sal\u00f3n N\u00e1utico Internacional de G\u00e9nova, el Festival de M\u00fasica Cl\u00e1sica de Portofino y la Festa della Madonna della Guardia de G\u00e9nova. Estas celebraciones ponen de relieve el arte, la m\u00fasica y las tradiciones de la regi\u00f3n.<\/p><p>Aqu\u00ed encontramos una arraigada tradici\u00f3n cultural y culinaria. G\u00e9nova fue una importante rep\u00fablica mar\u00edtima, y su historia se refleja en su arquitectura y arte. La regi\u00f3n tambi\u00e9n es conocida por sus aportaciones a la cocina italiana, especialmente su famosa salsa pesto, elaborada con albahaca, ajo, pi\u00f1ones, aceite de oliva y queso parmesano.<\/p><p>La cocina regional se basa en el marisco fresco, el aceite de oliva y los productos locales. Adem\u00e1s del pesto, la regi\u00f3n es conocida por platos como la focaccia (un tipo de pan plano), las trofie (un tipo de pasta que suele servirse con pesto) y el sciacchetr\u00e0 (un famoso vino de postre de Cinque Terre).<\/p><p>Entre las especialidades de la zona destacan las aceitunas Taggiasca, peque\u00f1as y oscuras, apreciadas por su rico sabor. La regi\u00f3n produce algunos de los mejores aceites de oliva de Italia, y es una pieza clave de la econom\u00eda y la cocina locales.<\/p><p>En resumen, Liguria ofrece una mezcla de belleza natural, rica historia y delicias culinarias que la convierten en una de las regiones m\u00e1s cautivadoras de Italia. \u00bfA qu\u00e9 espera? <a href=\"https:\/\/housesaleitaly.com\/es\/sobre-nosotros\/\" target=\"_blank\" rel=\"noopener\">Le invitamos<\/a> a visitar la regi\u00f3n de Liguria lo antes posible y a juzgar por s\u00ed mismo.<\/p>\t\t\t\t\t\t\t\t<\/div>\n\t\t\t\t<\/div>\n\t\t\t\t\t<\/div>\n\t\t<\/div>\n\t\t\t\t\t<\/div>\n\t\t<\/section>\n\t\t\t\t<\/div>\n\t\t","protected":false},"excerpt":{"rendered":"<p>SOBRE LIGURIA La regi\u00f3n de Liguria es realmente un lugar especial. Para quienes nunca hayan o\u00eddo hablar de ella, est\u00e1 situada en el norte de Italia. Se extiende 280 kil\u00f3metros a lo largo de la costa noroeste, entre la regi\u00f3n de Toscana y Francia. Esta zona goza de un microclima muy favorable gracias a la acci\u00f3n del mar que mitiga las temperaturas. De hecho, a pesar de estar en el norte de Italia, aqu\u00ed nunca hay niebla y la temperatura no suele bajar de los 8 grados cent\u00edgrados. Adem\u00e1s, no es raro que en Liguria, incluso en los meses m\u00e1s fr\u00edos, se alcancen los 20 grados cent\u00edgrados durante el d\u00eda. Esto permite pasear alegremente en camiseta a veces incluso en enero o febrero. De hecho, la provincia de Imperia tiene el mejor clima de Italia. As\u00ed lo afirman diversas fuentes, entre ellas el servicio de previsi\u00f3n meteorol\u00f3gica iLMeteo.it y el hist\u00f3rico diario Il corriere della sera. Esta afirmaci\u00f3n se deriva del an\u00e1lisis de 380 millones de datos meteorol\u00f3gicos relativos a 108 ciudades italianas. Las condiciones clim\u00e1ticas especialmente favorables de esta zona de Liguria tambi\u00e9n atraen a muchos jubilados de todo el mundo que deciden instalarse aqu\u00ed por la alta calidad de vida. Gracias a este excelente clima, en Liguria crecen plantas ex\u00f3ticas no end\u00e9micas t\u00edpicas de pa\u00edses c\u00e1lidos. Por ejemplo, encontramos eucalipto, agave, aloe, yuca, dracena draco, catctus opuntia, jacaranda y muchas otras. No es casualidad que el viajero ingl\u00e9s Sir Thomas Hanbury creara aqu\u00ed uno de los jardines de aclimataci\u00f3n m\u00e1s famosos de Europa. Recogi\u00f3 especies bot\u00e1nicas de todo el mundo y las plant\u00f3 en los terrenos adyacentes a su villa de Ventimiglia. El turismo en Liguria tiene una larga historia que se remonta a 1800. La gente sol\u00eda venir aqu\u00ed en los meses de invierno para escapar del fr\u00edo. Al principio eran sobre todo turistas ingleses. Luego tambi\u00e9n hubo afluencia de turistas procedentes de Rusia tras la estancia de la zarina Mar\u00eda Aleksandrovna en Sanremo. La noble rusa, esposa del emperador Alejandro II, pas\u00f3 aqu\u00ed el invierno entre 1874 y 1875 y se enamor\u00f3 de la ciudad. Hoy en d\u00eda, turistas de todo el mundo visitan Liguria. A ello contribuye la proximidad del aeropuerto internacional de Niza, en la hermosa Costa Azul francesa, que se encuentra a s\u00f3lo una hora en coche. Adem\u00e1s, cruceros de todas partes llegan a los puertos de G\u00e9nova, Savona y La Spezia. La regi\u00f3n de Liguria es un lugar \u00fanico. Aqu\u00ed, los Alpes terminan cerca del mar, creando paisajes impresionantes. El excelente clima hace posibles muchas actividades al aire libre, desde el esqu\u00ed en los Alpes en invierno hasta deportes mar\u00edtimos como la navegaci\u00f3n o el kayak durante todo el a\u00f1o. Por no hablar del ciclismo, el deporte rey en esta zona gracias a un carril bici de 29 km que va de Ospedaletti a Imperia. Quienes tengan la suerte de vivir en esta zona podr\u00e1n, por tanto, disfrutar del mar y de la monta\u00f1a. Esta zona tiene una larga historia, ya que estuvo habitada por el antiguo pueblo ligur, conquistado m\u00e1s tarde por los romanos. La posici\u00f3n estrat\u00e9gica de la regi\u00f3n la convirti\u00f3 en un centro de comercio mar\u00edtimo, sobre todo durante la \u00e9poca de las Rep\u00fablicas Mar\u00edtimas Medievales, cuando rivalizaba con Venecia y Amalfi en poder\u00edo e influencia naval. En Liguria se celebran numerosos festivales culturales a lo largo del a\u00f1o, como el Sal\u00f3n N\u00e1utico Internacional de G\u00e9nova, el Festival de M\u00fasica Cl\u00e1sica de Portofino y la Festa della Madonna della Guardia de G\u00e9nova. Estas celebraciones ponen de relieve el arte, la m\u00fasica y las tradiciones de la regi\u00f3n. Aqu\u00ed encontramos una arraigada tradici\u00f3n cultural y culinaria. G\u00e9nova fue una importante rep\u00fablica mar\u00edtima, y su historia se refleja en su arquitectura y arte. La regi\u00f3n tambi\u00e9n es conocida por sus aportaciones a la cocina italiana, especialmente su famosa salsa pesto, elaborada con albahaca, ajo, pi\u00f1ones, aceite de oliva y queso parmesano. La cocina regional se basa en el marisco fresco, el aceite de oliva y los productos locales. Adem\u00e1s del pesto, la regi\u00f3n es conocida por platos como la focaccia (un tipo de pan plano), las trofie (un tipo de pasta que suele servirse con pesto) y el sciacchetr\u00e0 (un famoso vino de postre de Cinque Terre). Entre las especialidades de la zona destacan las aceitunas Taggiasca, peque\u00f1as y oscuras, apreciadas por su rico sabor. La regi\u00f3n produce algunos de los mejores aceites de oliva de Italia, y es una pieza clave de la econom\u00eda y la cocina locales. En resumen, Liguria ofrece una mezcla de belleza natural, rica historia y delicias culinarias que la convierten en una de las regiones m\u00e1s cautivadoras de Italia. \u00bfA qu\u00e9 espera? Le invitamos a visitar la regi\u00f3n de Liguria lo antes posible y a juzgar por s\u00ed mismo.<\/p>\n","protected":false},"author":1,"featured_media":0,"parent":0,"menu_order":0,"comment_status":"closed","ping_status":"closed","template":"elementor_header_footer","meta":{"footnotes":""},"class_list":["post-19886","page","type-page","status-publish","hentry"],"_links":{"self":[{"href":"https:\/\/housesaleitaly.com\/es\/wp-json\/wp\/v2\/pages\/19886","targetHints":{"allow":["GET"]}}],"collection":[{"href":"https:\/\/housesaleitaly.com\/es\/wp-json\/wp\/v2\/pages"}],"about":[{"href":"https:\/\/housesaleitaly.com\/es\/wp-json\/wp\/v2\/types\/page"}],"author":[{"embeddable":true,"href":"https:\/\/housesaleitaly.com\/es\/wp-json\/wp\/v2\/users\/1"}],"replies":[{"embeddable":true,"href":"https:\/\/housesaleitaly.com\/es\/wp-json\/wp\/v2\/comments?post=19886"}],"version-history":[{"count":3,"href":"https:\/\/housesaleitaly.com\/es\/wp-json\/wp\/v2\/pages\/19886\/revisions"}],"predecessor-version":[{"id":27705,"href":"https:\/\/housesaleitaly.com\/es\/wp-json\/wp\/v2\/pages\/19886\/revisions\/27705"}],"wp:attachment":[{"href":"https:\/\/housesaleitaly.com\/es\/wp-json\/wp\/v2\/media?parent=19886"}],"curies":[{"name":"wp","href":"https:\/\/api.w.org\/{rel}","templated":true}]}}