{"id":19778,"date":"2024-07-24T12:16:06","date_gmt":"2024-07-24T10:16:06","guid":{"rendered":"http:\/\/housesaleitaly.com\/aviso-legal\/"},"modified":"2026-02-12T19:04:35","modified_gmt":"2026-02-12T18:04:35","slug":"aviso-legal","status":"publish","type":"page","link":"https:\/\/housesaleitaly.com\/es\/aviso-legal\/","title":{"rendered":"Aviso legal"},"content":{"rendered":"\t\t<div data-elementor-type=\"wp-page\" data-elementor-id=\"19778\" class=\"elementor elementor-19778 elementor-18967\">\n\t\t\t\t<div class=\"elementor-element elementor-element-b5b7497 e-con-full e-flex wpr-particle-no wpr-jarallax-no wpr-parallax-no wpr-sticky-section-no wpr-equal-height-no e-con e-parent\" data-id=\"b5b7497\" data-element_type=\"container\" data-e-type=\"container\">\n\t\t\t\t<div class=\"elementor-element elementor-element-557b42b elementor-widget elementor-widget-heading\" data-id=\"557b42b\" data-element_type=\"widget\" data-e-type=\"widget\" data-widget_type=\"heading.default\">\n\t\t\t\t<div class=\"elementor-widget-container\">\n\t\t\t\t\t<h2 class=\"elementor-heading-title elementor-size-default\">AVISO LEGAL<\/h2>\t\t\t\t<\/div>\n\t\t\t\t<\/div>\n\t\t\t\t<div class=\"elementor-element elementor-element-89d09fc elementor-widget elementor-widget-text-editor\" data-id=\"89d09fc\" data-element_type=\"widget\" data-e-type=\"widget\" data-widget_type=\"text-editor.default\">\n\t\t\t\t<div class=\"elementor-widget-container\">\n\t\t\t\t\t\t\t\t\t<p><strong>PROP\u00d3SITO<\/strong><\/p><p>Estos t\u00e9rminos legales son establecidos por REAL ESTATE con el fin de determinar los criterios y condiciones de uso de la p\u00e1gina web www.housesaleitaly.com.<\/p><p><strong>Informaci\u00f3n sobre el propietario:<\/strong><\/p><p>De conformidad con la ley italiana Decreto Legislativo n.<br \/>196\/2003 y con el art\u00edculo 13 del Reglamento UE 2016\/679 te proporcionamos la informaci\u00f3n del propietario de esta p\u00e1gina web.<\/p><p><strong>Identificaci\u00f3n y contacto:<\/strong><\/p><p>Nombre de la empresa: &#8230;&#8230;&#8230;<\/p><p>NIF: &#8230;&#8230;&#8230;<\/p><p>Nombre comercial: &#8230;&#8230;&#8230;<\/p><p>Direcci\u00f3n: &#8230;&#8230;&#8230;<\/p><p>PEC (correo electr\u00f3nico certificado): &#8230;&#8230;&#8230;<\/p><p><strong>Otros datos de contacto:<\/strong><\/p><p>Correo electr\u00f3nico: &#8230;&#8230;&#8230;<\/p><p>N\u00famero de tel\u00e9fono &#8230;&#8230;&#8230;<\/p><p>Al navegar por este sitio web, los navegantes adquieren la condici\u00f3n de usuarios.<br \/>Los usuarios aceptan las condiciones de uso establecidas.<br \/>REAL ESTATE se reserva el derecho a modificar en cualquier momento sus t\u00e9rminos legales, as\u00ed como a aplicar las mejoras t\u00e9cnicas o visuales que considere convenientes.<br \/>En caso de que dichas modificaciones afecten a la privacidad de los usuarios, se les notificar\u00e1 previamente la fecha de entrada en vigor de las mismas.<\/p><p>En cumplimiento de la ley italiana Decreto Legislativo n.<br \/>196\/2003 y con el reglamento de la UE 2016\/679, debes rellenar los campos obligatorios para que podamos responder a tus consultas.<br \/>Los datos no se transferir\u00e1n a terceros a menos que exista una obligaci\u00f3n legal de hacerlo, o cuando sea necesario para satisfacer tu solicitud.<br \/>Si se cambian o modifican tus datos, debes comunic\u00e1rnoslo.<br \/>Los usuarios pueden ejercer sus derechos de acceso, rectificaci\u00f3n, supresi\u00f3n, limitaci\u00f3n, oposici\u00f3n y portabilidad escribiendo a la direcci\u00f3n que figura m\u00e1s abajo:<\/p><p>&#8230;&#8230;&#8230;<\/p><p><strong>POL\u00cdTICA DE ENLACES<\/strong><\/p><p>Este sitio web incluye enlaces a p\u00e1ginas web de terceros para facilitar a los usuarios el acceso a diversas redes sociales y plataformas de Internet.<br \/>REAL ESTATE no se hace responsable de los contenidos, ofertas, productos o servicios que dichas p\u00e1ginas web puedan contener.<\/p><p><strong>LEGISLACI\u00d3N APLICABLE<\/strong><\/p><p>Todos los asuntos relacionados con REAL ESTATE y los usuarios se regir\u00e1n por las leyes nacionales vigentes, y cualquier litigio se resolver\u00e1 en el Tribunal de &#8230;&#8230;&#8230;.<\/p>\t\t\t\t\t\t\t\t<\/div>\n\t\t\t\t<\/div>\n\t\t\t\t<\/div>\n\t\t\t\t<\/div>\n\t\t","protected":false},"excerpt":{"rendered":"<p>AVISO LEGAL PROP\u00d3SITO Estos t\u00e9rminos legales son establecidos por REAL ESTATE con el fin de determinar los criterios y condiciones de uso de la p\u00e1gina web www.housesaleitaly.com. Informaci\u00f3n sobre el propietario: De conformidad con la ley italiana Decreto Legislativo n.196\/2003 y con el art\u00edculo 13 del Reglamento UE 2016\/679 te proporcionamos la informaci\u00f3n del propietario de esta p\u00e1gina web. Identificaci\u00f3n y contacto: Nombre de la empresa: &#8230;&#8230;&#8230; NIF: &#8230;&#8230;&#8230; Nombre comercial: &#8230;&#8230;&#8230; Direcci\u00f3n: &#8230;&#8230;&#8230; PEC (correo electr\u00f3nico certificado): &#8230;&#8230;&#8230; Otros datos de contacto: Correo electr\u00f3nico: &#8230;&#8230;&#8230; N\u00famero de tel\u00e9fono &#8230;&#8230;&#8230; Al navegar por este sitio web, los navegantes adquieren la condici\u00f3n de usuarios.Los usuarios aceptan las condiciones de uso establecidas.REAL ESTATE se reserva el derecho a modificar en cualquier momento sus t\u00e9rminos legales, as\u00ed como a aplicar las mejoras t\u00e9cnicas o visuales que considere convenientes.En caso de que dichas modificaciones afecten a la privacidad de los usuarios, se les notificar\u00e1 previamente la fecha de entrada en vigor de las mismas. En cumplimiento de la ley italiana Decreto Legislativo n.196\/2003 y con el reglamento de la UE 2016\/679, debes rellenar los campos obligatorios para que podamos responder a tus consultas.Los datos no se transferir\u00e1n a terceros a menos que exista una obligaci\u00f3n legal de hacerlo, o cuando sea necesario para satisfacer tu solicitud.Si se cambian o modifican tus datos, debes comunic\u00e1rnoslo.Los usuarios pueden ejercer sus derechos de acceso, rectificaci\u00f3n, supresi\u00f3n, limitaci\u00f3n, oposici\u00f3n y portabilidad escribiendo a la direcci\u00f3n que figura m\u00e1s abajo: &#8230;&#8230;&#8230; POL\u00cdTICA DE ENLACES Este sitio web incluye enlaces a p\u00e1ginas web de terceros para facilitar a los usuarios el acceso a diversas redes sociales y plataformas de Internet.REAL ESTATE no se hace responsable de los contenidos, ofertas, productos o servicios que dichas p\u00e1ginas web puedan contener. LEGISLACI\u00d3N APLICABLE Todos los asuntos relacionados con REAL ESTATE y los usuarios se regir\u00e1n por las leyes nacionales vigentes, y cualquier litigio se resolver\u00e1 en el Tribunal de &#8230;&#8230;&#8230;.<\/p>\n","protected":false},"author":1,"featured_media":0,"parent":0,"menu_order":0,"comment_status":"closed","ping_status":"closed","template":"elementor_header_footer","meta":{"footnotes":""},"class_list":["post-19778","page","type-page","status-publish","hentry"],"_links":{"self":[{"href":"https:\/\/housesaleitaly.com\/es\/wp-json\/wp\/v2\/pages\/19778","targetHints":{"allow":["GET"]}}],"collection":[{"href":"https:\/\/housesaleitaly.com\/es\/wp-json\/wp\/v2\/pages"}],"about":[{"href":"https:\/\/housesaleitaly.com\/es\/wp-json\/wp\/v2\/types\/page"}],"author":[{"embeddable":true,"href":"https:\/\/housesaleitaly.com\/es\/wp-json\/wp\/v2\/users\/1"}],"replies":[{"embeddable":true,"href":"https:\/\/housesaleitaly.com\/es\/wp-json\/wp\/v2\/comments?post=19778"}],"version-history":[{"count":3,"href":"https:\/\/housesaleitaly.com\/es\/wp-json\/wp\/v2\/pages\/19778\/revisions"}],"predecessor-version":[{"id":27684,"href":"https:\/\/housesaleitaly.com\/es\/wp-json\/wp\/v2\/pages\/19778\/revisions\/27684"}],"wp:attachment":[{"href":"https:\/\/housesaleitaly.com\/es\/wp-json\/wp\/v2\/media?parent=19778"}],"curies":[{"name":"wp","href":"https:\/\/api.w.org\/{rel}","templated":true}]}}