{"id":19770,"date":"2024-07-30T15:52:02","date_gmt":"2024-07-30T13:52:02","guid":{"rendered":"http:\/\/housesaleitaly.com\/politica-de-cookies\/"},"modified":"2026-02-12T19:02:28","modified_gmt":"2026-02-12T18:02:28","slug":"politica-de-cookies","status":"publish","type":"page","link":"https:\/\/housesaleitaly.com\/es\/politica-de-cookies\/","title":{"rendered":"Pol\u00edtica de cookies"},"content":{"rendered":"\t\t<div data-elementor-type=\"wp-page\" data-elementor-id=\"19770\" class=\"elementor elementor-19770 elementor-19045\">\n\t\t\t\t<div class=\"elementor-element elementor-element-7b2a2204 e-con-full e-flex wpr-particle-no wpr-jarallax-no wpr-parallax-no wpr-sticky-section-no wpr-equal-height-no e-con e-parent\" data-id=\"7b2a2204\" data-element_type=\"container\" data-e-type=\"container\">\n\t\t\t\t<div class=\"elementor-element elementor-element-d2290bd elementor-widget elementor-widget-heading\" data-id=\"d2290bd\" data-element_type=\"widget\" data-e-type=\"widget\" data-widget_type=\"heading.default\">\n\t\t\t\t<div class=\"elementor-widget-container\">\n\t\t\t\t\t<h2 class=\"elementor-heading-title elementor-size-default\">POL\u00cdTICA DE COOKIES<\/h2>\t\t\t\t<\/div>\n\t\t\t\t<\/div>\n\t\t\t\t<div class=\"elementor-element elementor-element-fc919b3 elementor-widget elementor-widget-text-editor\" data-id=\"fc919b3\" data-element_type=\"widget\" data-e-type=\"widget\" data-widget_type=\"text-editor.default\">\n\t\t\t\t<div class=\"elementor-widget-container\">\n\t\t\t\t\t\t\t\t\t<p><i>Esta Pol\u00edtica de Cookies se aplica a los ciudadanos y residentes legales permanentes del Espacio Econ\u00f3mico Europeo y Suiza.<\/i><\/p><h2>1. Introducci\u00f3n<\/h2><p>Nuestro sitio web, <a href=\"https:\/\/housesaleitaly.com\/es\/\" target=\"_blank\" rel=\"noopener\">https:\/\/housesaleitaly.com<\/a> (en adelante, &#8220;el sitio web&#8221;) utiliza cookies y otras tecnolog\u00edas relacionadas (para mayor comodidad, todas las tecnolog\u00edas se denominan &#8220;cookies&#8221;).<br \/>Las cookies tambi\u00e9n son colocadas por terceros que hemos contratado.<br \/>En el siguiente documento te informamos sobre el uso de cookies en nuestro sitio web.<\/p><h2>2. \u00bfQu\u00e9 son las cookies?<\/h2><p>Una cookie es un peque\u00f1o archivo simple que se env\u00eda junto con las p\u00e1ginas de este sitio web y que tu navegador almacena en el disco duro de tu ordenador u otro dispositivo.<br \/>La informaci\u00f3n almacenada en ella puede ser devuelta a nuestros servidores o a los servidores de los terceros correspondientes durante una visita posterior.<\/p><h2>3. \u00bfQu\u00e9 son los guiones?<\/h2><p>Un script es un fragmento de c\u00f3digo de programa que se utiliza para que nuestro sitio web funcione correctamente y de forma interactiva.<br \/>Este c\u00f3digo se ejecuta en nuestro servidor o en tu dispositivo.<\/p><h2>4. \u00bfQu\u00e9 es una baliza web?<\/h2><p>Una baliza web (o etiqueta de p\u00edxel) es un peque\u00f1o fragmento invisible de texto o imagen en un sitio web que se utiliza para controlar el tr\u00e1fico en un sitio web.<br \/>Para ello, se almacenan varios datos sobre ti mediante balizas web.<\/p><h2>5. Cookies<\/h2><p class=\"cmplz-subtitle\">5.1 Cookies t\u00e9cnicas o funcionales<\/p><p>Algunas cookies garantizan que ciertas partes del sitio web funcionen correctamente y que se conozcan tus preferencias de usuario.<br \/>Al colocar cookies funcionales, te facilitamos la visita a nuestro sitio web.<br \/>De este modo, no necesitas introducir repetidamente la misma informaci\u00f3n cuando visitas nuestro sitio web y, por ejemplo, los art\u00edculos permanecen en tu cesta de la compra hasta que hayas pagado.<br \/>Podemos colocar estas cookies sin tu consentimiento.<\/p><p class=\"cmplz-subtitle\">5.2 Cookies estad\u00edsticas<\/p><p>Utilizamos cookies estad\u00edsticas para optimizar la experiencia del sitio web para nuestros usuarios.<br \/>Con estas cookies estad\u00edsticas obtenemos informaci\u00f3n sobre el uso de nuestro sitio web.<br \/>Te pedimos permiso para colocar cookies estad\u00edsticas.<\/p><p class=\"cmplz-subtitle\">5.3 Cookies publicitarias<\/p><p>En este sitio web utilizamos cookies publicitarias, que nos permiten obtener informaci\u00f3n sobre los resultados de las campa\u00f1as.<br \/>Esto ocurre bas\u00e1ndonos en un perfil que creamos a partir de tu comportamiento en <a href=\"https:\/\/housesaleitaly.com\/es\/\" target=\"_blank\" rel=\"noopener\">https:\/\/housesaleitaly.com.<\/a><br \/>Con estas cookies t\u00fa, como visitante del sitio web, est\u00e1s vinculado a un identificador \u00fanico, pero estas cookies no crear\u00e1n un perfil de tu comportamiento e intereses para ofrecerte anuncios personalizados.<\/p><p class=\"cmplz-subtitle\">5.4 Cookies de marketing\/seguimiento<\/p><p>Las cookies de marketing\/seguimiento son cookies o cualquier otra forma de almacenamiento local, utilizadas para crear perfiles de usuario para mostrar publicidad o para seguir al usuario en este sitio web o en varios sitios web con fines de marketing similares.<\/p><p>Dado que estas cookies est\u00e1n marcadas como cookies de seguimiento, te pedimos permiso para colocarlas.<\/p><p class=\"cmplz-subtitle\">5.5 Medios de comunicaci\u00f3n social<\/p><p>En nuestro sitio web, hemos incluido contenido de Facebook, Instagram y WhatsApp para promocionar p\u00e1ginas web (por ejemplo, &#8220;me gusta&#8221;, &#8220;pin&#8221;) o compartir (por ejemplo, &#8220;tweet&#8221;) en redes sociales como Facebook, Instagram y WhatsApp.<br \/>Este contenido est\u00e1 incrustado con c\u00f3digo derivado de Facebook, Instagram y WhatsApp y coloca cookies.<br \/>Este contenido puede almacenar y procesar cierta informaci\u00f3n para publicidad personalizada.<\/p><p>Lee la declaraci\u00f3n de privacidad de estas redes sociales (que puede cambiar regularmente) para saber qu\u00e9 hacen con tus datos (personales) que procesan utilizando estas cookies.<br \/>Los datos que se recuperan se anonimizan en la medida de lo posible.<br \/>Facebook, Instagram y WhatsApp tienen su sede en Estados Unidos.<\/p><h2>6. Cookies colocadas<\/h2><p>Nombre: &#8230;&#8230;&#8230;, Caducidad: &#8230;&#8230;&#8230;, Funci\u00f3n: &#8230;&#8230;&#8230;<\/p><h2>7. Consentimiento<\/h2><p>Cuando visites nuestro sitio web por primera vez, te mostraremos una ventana emergente con una explicaci\u00f3n sobre las cookies.<br \/>En cuanto hagas clic en &#8220;Aceptar&#8221;, dar\u00e1s tu consentimiento para que utilicemos las categor\u00edas de cookies y complementos que hayas seleccionado en la ventana emergente, tal y como se describe en esta Pol\u00edtica de Cookies.<br \/>Puedes desactivar el uso de cookies a trav\u00e9s de tu navegador, pero ten en cuenta que es posible que nuestro sitio web deje de funcionar correctamente.<\/p><h2>8. Activar\/desactivar y eliminar cookies<\/h2><p>Puedes utilizar tu navegador de Internet para eliminar las cookies autom\u00e1tica o manualmente.<br \/>Tambi\u00e9n puedes especificar que no se coloquen determinadas cookies.<br \/>Otra opci\u00f3n es cambiar la configuraci\u00f3n de tu navegador de Internet para que recibas un mensaje cada vez que se coloque una cookie.<br \/>Para obtener m\u00e1s informaci\u00f3n sobre estas opciones, consulta las instrucciones de la secci\u00f3n de Ayuda de tu navegador.<\/p><p>Ten en cuenta que nuestro sitio web puede no funcionar correctamente si se desactivan todas las cookies.<br \/>Si eliminas las cookies de tu navegador, se volver\u00e1n a colocar tras tu consentimiento cuando vuelvas a visitar nuestro sitio web.<\/p><h2>9. Tus derechos con respecto a los datos personales<\/h2><p>Tienes los siguientes derechos con respecto a tus datos personales:<\/p><ul><li>Tienes derecho a saber por qu\u00e9 se necesitan tus datos personales, qu\u00e9 ocurrir\u00e1 con ellos y durante cu\u00e1nto tiempo se conservar\u00e1n.<\/li><li>Derecho de acceso: Tienes derecho a acceder a tus datos personales que conozcamos.<\/li><li>Derecho de rectificaci\u00f3n: tienes derecho a completar, rectificar, hacer borrar o bloquear tus datos personales siempre que lo desees.<\/li><li>Si nos das tu consentimiento para procesar tus datos, tienes derecho a revocar ese consentimiento y a que se eliminen tus datos personales.<\/li><li>Derecho a transferir tus datos: tienes derecho a solicitar todos tus datos personales al responsable del tratamiento y transferirlos en su totalidad a otro responsable del tratamiento.<\/li><li>Derecho de oposici\u00f3n: puedes oponerte al tratamiento de tus datos.<br \/>La cumplimos, salvo que existan motivos justificados para el tratamiento.<\/li><\/ul><p>Para ejercer estos derechos, ponte en contacto con nosotros.<br \/>Consulta los datos de contacto al final de esta Pol\u00edtica de Cookies.<br \/>Si tienes alguna queja sobre c\u00f3mo tratamos tus datos, nos gustar\u00eda que nos lo comunicaras, pero tambi\u00e9n tienes derecho a presentar una queja ante la autoridad supervisora (la Autoridad de Protecci\u00f3n de Datos).<\/p><h2>10. Datos de contacto<\/h2><p>Para preguntas y\/o comentarios sobre nuestra Pol\u00edtica de Cookies y esta declaraci\u00f3n, ponte en contacto con nosotros utilizando los siguientes datos de contacto:<\/p><p>&#8230;&#8230;&#8230;<br \/>&#8230;&#8230;&#8230;<br \/>Sitio web: <span class=\"cmplz-contact-domain\"><a href=\"https:\/\/housesaleitaly.com\/es\/\" target=\"_blank\" rel=\"noopener\">https:\/\/housesaleitaly.com<\/a><\/span><br \/>Correo electr\u00f3nico:<span class=\"cmplz-contact-email\"> &#8230;&#8230;&#8230;<\/span><br \/><span class=\"cmplz-contact-telephone\">N\u00famero de tel\u00e9fono &#8230;&#8230;&#8230;<\/span><\/p>\t\t\t\t\t\t\t\t<\/div>\n\t\t\t\t<\/div>\n\t\t\t\t<\/div>\n\t\t\t\t<\/div>\n\t\t","protected":false},"excerpt":{"rendered":"<p>POL\u00cdTICA DE COOKIES Esta Pol\u00edtica de Cookies se aplica a los ciudadanos y residentes legales permanentes del Espacio Econ\u00f3mico Europeo y Suiza. 1. Introducci\u00f3n Nuestro sitio web, https:\/\/housesaleitaly.com (en adelante, &#8220;el sitio web&#8221;) utiliza cookies y otras tecnolog\u00edas relacionadas (para mayor comodidad, todas las tecnolog\u00edas se denominan &#8220;cookies&#8221;).Las cookies tambi\u00e9n son colocadas por terceros que hemos contratado.En el siguiente documento te informamos sobre el uso de cookies en nuestro sitio web. 2. \u00bfQu\u00e9 son las cookies? Una cookie es un peque\u00f1o archivo simple que se env\u00eda junto con las p\u00e1ginas de este sitio web y que tu navegador almacena en el disco duro de tu ordenador u otro dispositivo.La informaci\u00f3n almacenada en ella puede ser devuelta a nuestros servidores o a los servidores de los terceros correspondientes durante una visita posterior. 3. \u00bfQu\u00e9 son los guiones? Un script es un fragmento de c\u00f3digo de programa que se utiliza para que nuestro sitio web funcione correctamente y de forma interactiva.Este c\u00f3digo se ejecuta en nuestro servidor o en tu dispositivo. 4. \u00bfQu\u00e9 es una baliza web? Una baliza web (o etiqueta de p\u00edxel) es un peque\u00f1o fragmento invisible de texto o imagen en un sitio web que se utiliza para controlar el tr\u00e1fico en un sitio web.Para ello, se almacenan varios datos sobre ti mediante balizas web. 5. Cookies 5.1 Cookies t\u00e9cnicas o funcionales Algunas cookies garantizan que ciertas partes del sitio web funcionen correctamente y que se conozcan tus preferencias de usuario.Al colocar cookies funcionales, te facilitamos la visita a nuestro sitio web.De este modo, no necesitas introducir repetidamente la misma informaci\u00f3n cuando visitas nuestro sitio web y, por ejemplo, los art\u00edculos permanecen en tu cesta de la compra hasta que hayas pagado.Podemos colocar estas cookies sin tu consentimiento. 5.2 Cookies estad\u00edsticas Utilizamos cookies estad\u00edsticas para optimizar la experiencia del sitio web para nuestros usuarios.Con estas cookies estad\u00edsticas obtenemos informaci\u00f3n sobre el uso de nuestro sitio web.Te pedimos permiso para colocar cookies estad\u00edsticas. 5.3 Cookies publicitarias En este sitio web utilizamos cookies publicitarias, que nos permiten obtener informaci\u00f3n sobre los resultados de las campa\u00f1as.Esto ocurre bas\u00e1ndonos en un perfil que creamos a partir de tu comportamiento en https:\/\/housesaleitaly.com.Con estas cookies t\u00fa, como visitante del sitio web, est\u00e1s vinculado a un identificador \u00fanico, pero estas cookies no crear\u00e1n un perfil de tu comportamiento e intereses para ofrecerte anuncios personalizados. 5.4 Cookies de marketing\/seguimiento Las cookies de marketing\/seguimiento son cookies o cualquier otra forma de almacenamiento local, utilizadas para crear perfiles de usuario para mostrar publicidad o para seguir al usuario en este sitio web o en varios sitios web con fines de marketing similares. Dado que estas cookies est\u00e1n marcadas como cookies de seguimiento, te pedimos permiso para colocarlas. 5.5 Medios de comunicaci\u00f3n social En nuestro sitio web, hemos incluido contenido de Facebook, Instagram y WhatsApp para promocionar p\u00e1ginas web (por ejemplo, &#8220;me gusta&#8221;, &#8220;pin&#8221;) o compartir (por ejemplo, &#8220;tweet&#8221;) en redes sociales como Facebook, Instagram y WhatsApp.Este contenido est\u00e1 incrustado con c\u00f3digo derivado de Facebook, Instagram y WhatsApp y coloca cookies.Este contenido puede almacenar y procesar cierta informaci\u00f3n para publicidad personalizada. Lee la declaraci\u00f3n de privacidad de estas redes sociales (que puede cambiar regularmente) para saber qu\u00e9 hacen con tus datos (personales) que procesan utilizando estas cookies.Los datos que se recuperan se anonimizan en la medida de lo posible.Facebook, Instagram y WhatsApp tienen su sede en Estados Unidos. 6. Cookies colocadas Nombre: &#8230;&#8230;&#8230;, Caducidad: &#8230;&#8230;&#8230;, Funci\u00f3n: &#8230;&#8230;&#8230; 7. Consentimiento Cuando visites nuestro sitio web por primera vez, te mostraremos una ventana emergente con una explicaci\u00f3n sobre las cookies.En cuanto hagas clic en &#8220;Aceptar&#8221;, dar\u00e1s tu consentimiento para que utilicemos las categor\u00edas de cookies y complementos que hayas seleccionado en la ventana emergente, tal y como se describe en esta Pol\u00edtica de Cookies.Puedes desactivar el uso de cookies a trav\u00e9s de tu navegador, pero ten en cuenta que es posible que nuestro sitio web deje de funcionar correctamente. 8. Activar\/desactivar y eliminar cookies Puedes utilizar tu navegador de Internet para eliminar las cookies autom\u00e1tica o manualmente.Tambi\u00e9n puedes especificar que no se coloquen determinadas cookies.Otra opci\u00f3n es cambiar la configuraci\u00f3n de tu navegador de Internet para que recibas un mensaje cada vez que se coloque una cookie.Para obtener m\u00e1s informaci\u00f3n sobre estas opciones, consulta las instrucciones de la secci\u00f3n de Ayuda de tu navegador. Ten en cuenta que nuestro sitio web puede no funcionar correctamente si se desactivan todas las cookies.Si eliminas las cookies de tu navegador, se volver\u00e1n a colocar tras tu consentimiento cuando vuelvas a visitar nuestro sitio web. 9. Tus derechos con respecto a los datos personales Tienes los siguientes derechos con respecto a tus datos personales: Tienes derecho a saber por qu\u00e9 se necesitan tus datos personales, qu\u00e9 ocurrir\u00e1 con ellos y durante cu\u00e1nto tiempo se conservar\u00e1n. Derecho de acceso: Tienes derecho a acceder a tus datos personales que conozcamos. Derecho de rectificaci\u00f3n: tienes derecho a completar, rectificar, hacer borrar o bloquear tus datos personales siempre que lo desees. Si nos das tu consentimiento para procesar tus datos, tienes derecho a revocar ese consentimiento y a que se eliminen tus datos personales. Derecho a transferir tus datos: tienes derecho a solicitar todos tus datos personales al responsable del tratamiento y transferirlos en su totalidad a otro responsable del tratamiento. Derecho de oposici\u00f3n: puedes oponerte al tratamiento de tus datos.La cumplimos, salvo que existan motivos justificados para el tratamiento. Para ejercer estos derechos, ponte en contacto con nosotros.Consulta los datos de contacto al final de esta Pol\u00edtica de Cookies.Si tienes alguna queja sobre c\u00f3mo tratamos tus datos, nos gustar\u00eda que nos lo comunicaras, pero tambi\u00e9n tienes derecho a presentar una queja ante la autoridad supervisora (la Autoridad de Protecci\u00f3n de Datos). 10. Datos de contacto Para preguntas y\/o comentarios sobre nuestra Pol\u00edtica de Cookies y esta declaraci\u00f3n, ponte en contacto con nosotros utilizando los siguientes datos de contacto: &#8230;&#8230;&#8230;&#8230;&#8230;&#8230;Sitio web: https:\/\/housesaleitaly.comCorreo electr\u00f3nico: &#8230;&#8230;&#8230;N\u00famero de tel\u00e9fono &#8230;&#8230;&#8230;<\/p>\n","protected":false},"author":1,"featured_media":0,"parent":0,"menu_order":0,"comment_status":"closed","ping_status":"closed","template":"elementor_header_footer","meta":{"footnotes":""},"class_list":["post-19770","page","type-page","status-publish","hentry"],"_links":{"self":[{"href":"https:\/\/housesaleitaly.com\/es\/wp-json\/wp\/v2\/pages\/19770","targetHints":{"allow":["GET"]}}],"collection":[{"href":"https:\/\/housesaleitaly.com\/es\/wp-json\/wp\/v2\/pages"}],"about":[{"href":"https:\/\/housesaleitaly.com\/es\/wp-json\/wp\/v2\/types\/page"}],"author":[{"embeddable":true,"href":"https:\/\/housesaleitaly.com\/es\/wp-json\/wp\/v2\/users\/1"}],"replies":[{"embeddable":true,"href":"https:\/\/housesaleitaly.com\/es\/wp-json\/wp\/v2\/comments?post=19770"}],"version-history":[{"count":3,"href":"https:\/\/housesaleitaly.com\/es\/wp-json\/wp\/v2\/pages\/19770\/revisions"}],"predecessor-version":[{"id":27681,"href":"https:\/\/housesaleitaly.com\/es\/wp-json\/wp\/v2\/pages\/19770\/revisions\/27681"}],"wp:attachment":[{"href":"https:\/\/housesaleitaly.com\/es\/wp-json\/wp\/v2\/media?parent=19770"}],"curies":[{"name":"wp","href":"https:\/\/api.w.org\/{rel}","templated":true}]}}