{"id":19760,"date":"2016-03-10T18:52:12","date_gmt":"2016-03-10T17:52:12","guid":{"rendered":"http:\/\/housesaleitaly.com\/politica-de-privacidad\/"},"modified":"2026-02-12T18:59:01","modified_gmt":"2026-02-12T17:59:01","slug":"politica-de-privacidad","status":"publish","type":"page","link":"https:\/\/housesaleitaly.com\/es\/politica-de-privacidad\/","title":{"rendered":"Pol\u00edtica de privacidad"},"content":{"rendered":"\t\t<div data-elementor-type=\"wp-page\" data-elementor-id=\"19760\" class=\"elementor elementor-19760 elementor-748\">\n\t\t\t\t<div class=\"elementor-element elementor-element-5396505b e-con-full e-flex wpr-particle-no wpr-jarallax-no wpr-parallax-no wpr-sticky-section-no wpr-equal-height-no e-con e-parent\" data-id=\"5396505b\" data-element_type=\"container\" data-e-type=\"container\">\n\t\t\t\t<div class=\"elementor-element elementor-element-df1c166 elementor-widget elementor-widget-heading\" data-id=\"df1c166\" data-element_type=\"widget\" data-e-type=\"widget\" data-widget_type=\"heading.default\">\n\t\t\t\t<div class=\"elementor-widget-container\">\n\t\t\t\t\t<h2 class=\"elementor-heading-title elementor-size-default\">POL\u00cdTICA DE PRIVACIDAD<\/h2>\t\t\t\t<\/div>\n\t\t\t\t<\/div>\n\t\t\t\t<div class=\"elementor-element elementor-element-1fceb30e elementor-widget elementor-widget-text-editor\" data-id=\"1fceb30e\" data-element_type=\"widget\" data-e-type=\"widget\" data-widget_type=\"text-editor.default\">\n\t\t\t\t<div class=\"elementor-widget-container\">\n\t\t\t\t\t\t\t\t\t<p>De conformidad con la ley italiana Decreto Legislativo n.<br \/>196\/2003 y con el art\u00edculo 13 del Reglamento UE 2016\/679 te facilitamos la siguiente informaci\u00f3n:<\/p><p><strong>INFORMACI\u00d3N B\u00c1SICA SOBRE LA PROTECCI\u00d3N DE DATOS<\/strong><\/p><p><strong>Responsable: <\/strong>&#8230;&#8230;&#8230;<\/p><p><strong>Finalidad: <\/strong>Atender las solicitudes enviadas a trav\u00e9s del sitio web, gestionar el env\u00edo de informaci\u00f3n.<br \/>Gestionar los servicios contratados a trav\u00e9s de nuestra tienda online.<\/p><p><strong>Legitimaci\u00f3n: <\/strong>Consentimiento de la parte interesada.<br \/>Establecimiento de la relaci\u00f3n pre &#8211; contractual\/ contractual.<\/p><p><strong>Destinatarios: <\/strong>Estos datos no se transferir\u00e1n a terceros a menos que exista una obligaci\u00f3n legal de hacerlo, o si es necesario para procesar tu solicitud.<\/p><p><strong>Derechos: <\/strong>Puedes ejercer tus derechos de acceso, rectificaci\u00f3n, supresi\u00f3n, oposici\u00f3n, limitaci\u00f3n del tratamiento, portabilidad de datos.<\/p><p><strong>\u00bfQUI\u00c9N VA A TRATAR MIS DATOS?<\/strong><\/p><p>El responsable del tratamiento de tus datos es<\/p><p>Nombre de la empresa: &#8230;&#8230;&#8230;<\/p><p>NIF: &#8230;&#8230;&#8230;<\/p><p>Nombre comercial: &#8230;&#8230;&#8230;<\/p><p>Direcci\u00f3n: &#8230;&#8230;&#8230;<\/p><p>PEC (correo electr\u00f3nico certificado): &#8230;&#8230;&#8230;<\/p><p>Otros datos de contacto:<\/p><p>Correo electr\u00f3nico: &#8230;&#8230;&#8230;<\/p><p>N\u00famero de tel\u00e9fono &#8230;&#8230;&#8230;<\/p><p><strong>\u00bfCU\u00c1L ES LA FINALIDAD Y LA BASE JUR\u00cdDICA DEL TRATAMIENTO DE DATOS?<\/strong><\/p><p>En REAL ESTATE tratamos la informaci\u00f3n que nos facilitan las personas interesadas para gestionar sus solicitudes de informaci\u00f3n y los servicios que les vinculan a esta empresa, as\u00ed como para enviarles ofertas de productos y servicios.<\/p><p>La base legal para el tratamiento de tus datos es tu consentimiento, que puedes prestar aceptando la pol\u00edtica de privacidad de REAL ESTATE en nuestra p\u00e1gina web.<\/p><p>Recuerda que, cuando te pidamos que rellenes tus datos personales para darte acceso a alguna funcionalidad o servicio en nuestros formularios, marcaremos algunos campos como obligatorios, ya que son datos que necesitamos para poder prestarte el servicio o darte acceso a la funcionalidad en cuesti\u00f3n.<br \/>Por favor, ten en cuenta que si decides no facilitar estos datos, es posible que no puedas completar tu registro como usuario o que no puedas disfrutar de los servicios.<\/p><p>En el caso de solicitudes que nos lleguen a trav\u00e9s de medios distintos a nuestros formularios de contacto web, la base legal para el tratamiento de tus datos, en este caso, es el establecimiento de la relaci\u00f3n precontractual.<br \/>Es decir, trataremos tus datos para atender tus solicitudes de informaci\u00f3n y\/o servicios.<\/p><p>Los datos facilitados por los usuarios se utilizar\u00e1n para estudios estad\u00edsticos y an\u00e1lisis de perfiles con el fin de prestar un mejor servicio a trav\u00e9s de nuestro sitio web, para lo cual se utilizar\u00e1 la aplicaci\u00f3n Google Analytics.<\/p><p>Para obtener informaci\u00f3n adicional, consulta nuestra Pol\u00edtica de Cookies.<\/p><p><strong> \u00bfD\u00d3NDE SE ALMACENA MI INFORMACI\u00d3N?<\/strong><\/p><p>&#8230;&#8230;&#8230;<\/p><p><strong>\u00bfA QUI\u00c9N SE TRANSFERIR\u00c1N MIS DATOS?<\/strong><\/p><p>Para cumplir con las finalidades indicadas en esta Pol\u00edtica de Privacidad, es necesario que demos acceso a tus datos personales a las siguientes entidades que nos dan soporte en los servicios que te ofrecemos:<\/p><ul><li>Entidades financieras; para realizar el pago de los servicios contratados.<\/li><li>Proveedores de servicios tecnol\u00f3gicos; Alojamiento y mantenimiento web.<\/li><\/ul><p>Aparte de los indicados, no se transferir\u00e1 ning\u00fan dato a menos que exista una obligaci\u00f3n legal de hacerlo, o si es necesario para cumplir alg\u00fan requisito directamente asociado a tu solicitud.<\/p><p><strong>\u00bfCU\u00c1NTO TIEMPO CONSERVAR\u00c1N MIS DATOS?<\/strong><\/p><p>Los datos personales facilitados se conservar\u00e1n mientras dure tu relaci\u00f3n con esta empresa y mientras el interesado no solicite su supresi\u00f3n.<\/p><p><strong>\u00bfCU\u00c1LES SON MIS DERECHOS CUANDO ENV\u00cdO MIS DATOS? <\/strong><strong>\u00bfY D\u00d3NDE DEBO DIRIGIRME PARA EJERCER MIS DERECHOS?<\/strong><\/p><p>Cualquier persona tiene derecho a obtener confirmaci\u00f3n sobre si en REAL ESTATE estamos tratando datos personales que les conciernan, o no.<br \/>Cualquier persona interesada tiene derecho a acceder a sus datos personales, as\u00ed como a solicitar la rectificaci\u00f3n de los datos inexactos o su supresi\u00f3n cuando, entre otros motivos, los datos ya no sean necesarios para los fines que fueron recogidos.<br \/>En determinadas circunstancias, los interesados podr\u00e1n solicitar la limitaci\u00f3n del tratamiento de sus datos, en cuyo caso \u00fanicamente los conservaremos para el ejercicio o la defensa de reclamaciones judiciales.<\/p><p>En determinadas circunstancias y por motivos relacionados con tu situaci\u00f3n particular, podr\u00e1s oponerte al tratamiento de tus datos, y REAL ESTATE dejar\u00e1 de tratar dichos datos, salvo que existan motivos legales imperiosos, o para el ejercicio o defensa de posibles reclamaciones judiciales.<br \/>Para ejercer tus derechos, deber\u00e1s enviar una notificaci\u00f3n y una copia de tu DNI a:<\/p><p>&#8230;&#8230;&#8230;<\/p><p>El usuario puede revocar su consentimiento en cualquier momento escribiendo a la siguiente direcci\u00f3n: &#8230;&#8230;&#8230;<\/p><p>Adem\u00e1s, se te informa de que tienes derecho a presentar una reclamaci\u00f3n ante la autoridad de control italiana <a href=\"https:\/\/www.garanteprivacy.it\/home\" target=\"_blank\" rel=\"noopener\"><b>Garante per la Protezione dei Dati Personali<\/b><\/a>.<\/p>\t\t\t\t\t\t\t\t<\/div>\n\t\t\t\t<\/div>\n\t\t\t\t<\/div>\n\t\t\t\t<\/div>\n\t\t","protected":false},"excerpt":{"rendered":"<p>POL\u00cdTICA DE PRIVACIDAD De conformidad con la ley italiana Decreto Legislativo n.196\/2003 y con el art\u00edculo 13 del Reglamento UE 2016\/679 te facilitamos la siguiente informaci\u00f3n: INFORMACI\u00d3N B\u00c1SICA SOBRE LA PROTECCI\u00d3N DE DATOS Responsable: &#8230;&#8230;&#8230; Finalidad: Atender las solicitudes enviadas a trav\u00e9s del sitio web, gestionar el env\u00edo de informaci\u00f3n.Gestionar los servicios contratados a trav\u00e9s de nuestra tienda online. Legitimaci\u00f3n: Consentimiento de la parte interesada.Establecimiento de la relaci\u00f3n pre &#8211; contractual\/ contractual. Destinatarios: Estos datos no se transferir\u00e1n a terceros a menos que exista una obligaci\u00f3n legal de hacerlo, o si es necesario para procesar tu solicitud. Derechos: Puedes ejercer tus derechos de acceso, rectificaci\u00f3n, supresi\u00f3n, oposici\u00f3n, limitaci\u00f3n del tratamiento, portabilidad de datos. \u00bfQUI\u00c9N VA A TRATAR MIS DATOS? El responsable del tratamiento de tus datos es Nombre de la empresa: &#8230;&#8230;&#8230; NIF: &#8230;&#8230;&#8230; Nombre comercial: &#8230;&#8230;&#8230; Direcci\u00f3n: &#8230;&#8230;&#8230; PEC (correo electr\u00f3nico certificado): &#8230;&#8230;&#8230; Otros datos de contacto: Correo electr\u00f3nico: &#8230;&#8230;&#8230; N\u00famero de tel\u00e9fono &#8230;&#8230;&#8230; \u00bfCU\u00c1L ES LA FINALIDAD Y LA BASE JUR\u00cdDICA DEL TRATAMIENTO DE DATOS? En REAL ESTATE tratamos la informaci\u00f3n que nos facilitan las personas interesadas para gestionar sus solicitudes de informaci\u00f3n y los servicios que les vinculan a esta empresa, as\u00ed como para enviarles ofertas de productos y servicios. La base legal para el tratamiento de tus datos es tu consentimiento, que puedes prestar aceptando la pol\u00edtica de privacidad de REAL ESTATE en nuestra p\u00e1gina web. Recuerda que, cuando te pidamos que rellenes tus datos personales para darte acceso a alguna funcionalidad o servicio en nuestros formularios, marcaremos algunos campos como obligatorios, ya que son datos que necesitamos para poder prestarte el servicio o darte acceso a la funcionalidad en cuesti\u00f3n.Por favor, ten en cuenta que si decides no facilitar estos datos, es posible que no puedas completar tu registro como usuario o que no puedas disfrutar de los servicios. En el caso de solicitudes que nos lleguen a trav\u00e9s de medios distintos a nuestros formularios de contacto web, la base legal para el tratamiento de tus datos, en este caso, es el establecimiento de la relaci\u00f3n precontractual.Es decir, trataremos tus datos para atender tus solicitudes de informaci\u00f3n y\/o servicios. Los datos facilitados por los usuarios se utilizar\u00e1n para estudios estad\u00edsticos y an\u00e1lisis de perfiles con el fin de prestar un mejor servicio a trav\u00e9s de nuestro sitio web, para lo cual se utilizar\u00e1 la aplicaci\u00f3n Google Analytics. Para obtener informaci\u00f3n adicional, consulta nuestra Pol\u00edtica de Cookies. \u00bfD\u00d3NDE SE ALMACENA MI INFORMACI\u00d3N? &#8230;&#8230;&#8230; \u00bfA QUI\u00c9N SE TRANSFERIR\u00c1N MIS DATOS? Para cumplir con las finalidades indicadas en esta Pol\u00edtica de Privacidad, es necesario que demos acceso a tus datos personales a las siguientes entidades que nos dan soporte en los servicios que te ofrecemos: Entidades financieras; para realizar el pago de los servicios contratados. Proveedores de servicios tecnol\u00f3gicos; Alojamiento y mantenimiento web. Aparte de los indicados, no se transferir\u00e1 ning\u00fan dato a menos que exista una obligaci\u00f3n legal de hacerlo, o si es necesario para cumplir alg\u00fan requisito directamente asociado a tu solicitud. \u00bfCU\u00c1NTO TIEMPO CONSERVAR\u00c1N MIS DATOS? Los datos personales facilitados se conservar\u00e1n mientras dure tu relaci\u00f3n con esta empresa y mientras el interesado no solicite su supresi\u00f3n. \u00bfCU\u00c1LES SON MIS DERECHOS CUANDO ENV\u00cdO MIS DATOS? \u00bfY D\u00d3NDE DEBO DIRIGIRME PARA EJERCER MIS DERECHOS? Cualquier persona tiene derecho a obtener confirmaci\u00f3n sobre si en REAL ESTATE estamos tratando datos personales que les conciernan, o no.Cualquier persona interesada tiene derecho a acceder a sus datos personales, as\u00ed como a solicitar la rectificaci\u00f3n de los datos inexactos o su supresi\u00f3n cuando, entre otros motivos, los datos ya no sean necesarios para los fines que fueron recogidos.En determinadas circunstancias, los interesados podr\u00e1n solicitar la limitaci\u00f3n del tratamiento de sus datos, en cuyo caso \u00fanicamente los conservaremos para el ejercicio o la defensa de reclamaciones judiciales. En determinadas circunstancias y por motivos relacionados con tu situaci\u00f3n particular, podr\u00e1s oponerte al tratamiento de tus datos, y REAL ESTATE dejar\u00e1 de tratar dichos datos, salvo que existan motivos legales imperiosos, o para el ejercicio o defensa de posibles reclamaciones judiciales.Para ejercer tus derechos, deber\u00e1s enviar una notificaci\u00f3n y una copia de tu DNI a: &#8230;&#8230;&#8230; El usuario puede revocar su consentimiento en cualquier momento escribiendo a la siguiente direcci\u00f3n: &#8230;&#8230;&#8230; Adem\u00e1s, se te informa de que tienes derecho a presentar una reclamaci\u00f3n ante la autoridad de control italiana Garante per la Protezione dei Dati Personali.<\/p>\n","protected":false},"author":1,"featured_media":0,"parent":0,"menu_order":0,"comment_status":"closed","ping_status":"closed","template":"elementor_header_footer","meta":{"footnotes":""},"class_list":["post-19760","page","type-page","status-publish","hentry"],"_links":{"self":[{"href":"https:\/\/housesaleitaly.com\/es\/wp-json\/wp\/v2\/pages\/19760","targetHints":{"allow":["GET"]}}],"collection":[{"href":"https:\/\/housesaleitaly.com\/es\/wp-json\/wp\/v2\/pages"}],"about":[{"href":"https:\/\/housesaleitaly.com\/es\/wp-json\/wp\/v2\/types\/page"}],"author":[{"embeddable":true,"href":"https:\/\/housesaleitaly.com\/es\/wp-json\/wp\/v2\/users\/1"}],"replies":[{"embeddable":true,"href":"https:\/\/housesaleitaly.com\/es\/wp-json\/wp\/v2\/comments?post=19760"}],"version-history":[{"count":3,"href":"https:\/\/housesaleitaly.com\/es\/wp-json\/wp\/v2\/pages\/19760\/revisions"}],"predecessor-version":[{"id":27678,"href":"https:\/\/housesaleitaly.com\/es\/wp-json\/wp\/v2\/pages\/19760\/revisions\/27678"}],"wp:attachment":[{"href":"https:\/\/housesaleitaly.com\/es\/wp-json\/wp\/v2\/media?parent=19760"}],"curies":[{"name":"wp","href":"https:\/\/api.w.org\/{rel}","templated":true}]}}