{"id":19752,"date":"2024-07-30T17:34:04","date_gmt":"2024-07-30T15:34:04","guid":{"rendered":"http:\/\/housesaleitaly.com\/terminos-y-condiciones\/"},"modified":"2026-02-12T18:56:14","modified_gmt":"2026-02-12T17:56:14","slug":"terminos-y-condiciones","status":"publish","type":"page","link":"https:\/\/housesaleitaly.com\/es\/terminos-y-condiciones\/","title":{"rendered":"T\u00e9rminos y condiciones"},"content":{"rendered":"\t\t<div data-elementor-type=\"wp-page\" data-elementor-id=\"19752\" class=\"elementor elementor-19752 elementor-19089\">\n\t\t\t\t<div class=\"elementor-element elementor-element-50a1b99 e-con-full e-flex wpr-particle-no wpr-jarallax-no wpr-parallax-no wpr-sticky-section-no wpr-equal-height-no e-con e-parent\" data-id=\"50a1b99\" data-element_type=\"container\" data-e-type=\"container\">\n\t\t\t\t<div class=\"elementor-element elementor-element-6cdb380a elementor-widget elementor-widget-heading\" data-id=\"6cdb380a\" data-element_type=\"widget\" data-e-type=\"widget\" data-widget_type=\"heading.default\">\n\t\t\t\t<div class=\"elementor-widget-container\">\n\t\t\t\t\t<h2 class=\"elementor-heading-title elementor-size-default\">CONDICIONES GENERALES<\/h2>\t\t\t\t<\/div>\n\t\t\t\t<\/div>\n\t\t\t\t<div class=\"elementor-element elementor-element-694a3ba elementor-widget elementor-widget-text-editor\" data-id=\"694a3ba\" data-element_type=\"widget\" data-e-type=\"widget\" data-widget_type=\"text-editor.default\">\n\t\t\t\t<div class=\"elementor-widget-container\">\n\t\t\t\t\t\t\t\t\t<h3><strong>1. DATOS IDENTIFICATIVOS DE LA EMPRESA<\/strong><\/h3><p>De conformidad con la ley italiana Decreto Legislativo n.<br \/>196\/2003 y con el art\u00edculo 13 del Reglamento UE 2016\/679 se informa al usuario de que la titularidad de este sitio web pertenece a<\/p><ul><li>NOMBRE COMERCIAL: &#8230;&#8230;&#8230;.<\/li><li>NIF: &#8230;&#8230;&#8230;.<\/li><li>N\u00daMERO REA: &#8230;&#8230;&#8230;.<\/li><li>DIRECCI\u00d3N: &#8230;&#8230;&#8230;.<\/li><li>E-MAIL: &#8230;&#8230;&#8230;.<\/li><li>PEC (CORREO CERTIFICADO): &#8230;&#8230;&#8230;.<\/li><li>TEL\u00c9FONO: &#8230;&#8230;&#8230;.<\/li><\/ul><hr \/><p><strong>El sitio web www.housesaleitaly.com est\u00e1 alojado en: &#8230;&#8230;&#8230;.<\/strong><\/p><h3><strong>2. OBJETO<\/strong><\/h3><p>El presente Acuerdo tiene por objeto regular los <strong>T\u00e9rminos y Condiciones<\/strong> aplicables al servicio de reserva a trav\u00e9s del sitio web www.housesaleitaly.com (denominado tambi\u00e9n &#8220;Plataforma&#8221;), que pertenece a REAL ESTATE, agencia dedicada a la venta de viviendas en Italia.<\/p><h3><strong>3. USO AUTORIZADO DEL SITIO Y DE LOS CONTENIDOS<\/strong><\/h3><p>Est\u00e1s autorizado a acceder a los contenidos de este sitio web siempre que te comprometas estrictamente a un uso correcto de los mismos de acuerdo con estas condiciones, en especial de los derechos de propiedad intelectual e industrial otorgados por la ley que se recogen detalladamente en el apartado correspondiente de este articulado y para los que queda expresamente prohibida la utilizaci\u00f3n de los mismos de forma fraudulenta, con fines il\u00edcitos o comerciales, sin autorizaci\u00f3n expresa y por escrito de su titular.<br \/>REAL ESTATE se reserva el derecho a impedir, en cualquier momento y sin previo aviso, el acceso a su sitio web y a sus contenidos a los usuarios que incumplan estas condiciones.<br \/>REAL ESTATE se reserva el derecho a eliminar o suspender total o parcialmente la informaci\u00f3n contenida en www.housesaleitaly.com, a modificar la estructura y contenido de este sitio web sin previo aviso y a limitar o no permitir el acceso a dicha informaci\u00f3n.<br \/>REAL ESTATE se reserva el derecho a modificar, de acuerdo con la legislaci\u00f3n vigente, las presentes condiciones, la pol\u00edtica de privacidad y la pol\u00edtica de cookies de forma unilateral y sin previo aviso, con la \u00fanica obligaci\u00f3n de informar al usuario de las modificaciones realizadas a trav\u00e9s de nuestra p\u00e1gina web http:\/\/housesaleitaly.com.<\/p><h3><strong>4. PROPIEDAD INTELECTUAL, NORMAS Y PROHIBICIONES<\/strong><\/h3><p>REAL ESTATE se reserva todos los derechos de propiedad intelectual e industrial derivados de este sitio web, requiriendo autorizaci\u00f3n expresa y por escrito de REAL ESTATE para cualquier ejercicio y uso de los mismos.<br \/>Esta reserva de derechos alcanza tanto a los contenidos que puedan ser incluidos y distribuidos a trav\u00e9s de este sitio web bajo cualquier formato, como al c\u00f3digo, dise\u00f1o y estructura de navegaci\u00f3n del sitio web.<br \/>Salvo que se indique lo contrario, REAL ESTATE y\/o sus licenciantes son titulares de los derechos de propiedad intelectual sobre todo el material incluido en REAL ESTATE.<br \/>Todos los derechos de propiedad intelectual est\u00e1n reservados.<br \/>Puedes ver y\/o imprimir p\u00e1ginas de https:\/\/housesaleitaly.com para tu uso personal sujeto a las restricciones establecidas en estos t\u00e9rminos y condiciones. <strong>No debes hacerlo:<\/strong><\/p><ul><li>volver a publicar material de https:\/\/housesaleitaly.com;<\/li><li>vender, alquilar o sublicenciar material de https:\/\/housesaleitaly.com;<\/li><li>reproducir, duplicar o copiar material de https:\/\/housesaleitaly.com;<\/li><li>redistribuir contenidos de https:\/\/housesaleitaly.com (a menos que el contenido est\u00e9 espec\u00edficamente hecho para su redistribuci\u00f3n);<\/li><li>difundir contenidos delictivos, violentos, pornogr\u00e1ficos, racistas, xen\u00f3fobos, ofensivos, de apolog\u00eda del terrorismo o, en general, contrarios a la ley o al orden p\u00fablico;<\/li><li>Introducir virus inform\u00e1ticos en la red o realizar actuaciones susceptibles de alterar, estropear, interrumpir o generar errores o da\u00f1os en los documentos electr\u00f3nicos, datos o sistemas f\u00edsicos y l\u00f3gicos de REAL ESTATE o de terceras personas, as\u00ed como obstaculizar el acceso de otros Usuarios al sitio web y a sus servicios;<\/li><li>intentar acceder a \u00e1reas restringidas de los sistemas inform\u00e1ticos de REAL ESTATE o de terceros y, en su caso, extraer informaci\u00f3n;<\/li><li>Suplantar la identidad de otro Usuario, de las administraciones p\u00fablicas o de un tercero;<\/li><li>recabar datos con finalidad publicitaria y remitir publicidad de cualquier clase y comunicaciones con fines de venta u otras de naturaleza comercial sin que medie su previa solicitud o consentimiento.<\/li><\/ul><h3><strong>5. IFRAMES<\/strong><\/h3><p>Sin aprobaci\u00f3n previa y permiso expreso por escrito, no puedes crear marcos alrededor de nuestras p\u00e1ginas Web ni utilizar otras t\u00e9cnicas que alteren de alg\u00fan modo la presentaci\u00f3n visual o la apariencia de nuestro sitio Web.<\/p><h3><strong>6. VALIDEZ<\/strong><\/h3><p>En caso de que cualquier disposici\u00f3n o parte de la misma de este aviso se considere inv\u00e1lida, ese hecho no afectar\u00e1 a la validez del resto.<\/p>\t\t\t\t\t\t\t\t<\/div>\n\t\t\t\t<\/div>\n\t\t\t\t<\/div>\n\t\t\t\t<\/div>\n\t\t","protected":false},"excerpt":{"rendered":"<p>CONDICIONES GENERALES 1. DATOS IDENTIFICATIVOS DE LA EMPRESA De conformidad con la ley italiana Decreto Legislativo n.196\/2003 y con el art\u00edculo 13 del Reglamento UE 2016\/679 se informa al usuario de que la titularidad de este sitio web pertenece a NOMBRE COMERCIAL: &#8230;&#8230;&#8230;. NIF: &#8230;&#8230;&#8230;. N\u00daMERO REA: &#8230;&#8230;&#8230;. DIRECCI\u00d3N: &#8230;&#8230;&#8230;. E-MAIL: &#8230;&#8230;&#8230;. PEC (CORREO CERTIFICADO): &#8230;&#8230;&#8230;. TEL\u00c9FONO: &#8230;&#8230;&#8230;. El sitio web www.housesaleitaly.com est\u00e1 alojado en: &#8230;&#8230;&#8230;. 2. OBJETO El presente Acuerdo tiene por objeto regular los T\u00e9rminos y Condiciones aplicables al servicio de reserva a trav\u00e9s del sitio web www.housesaleitaly.com (denominado tambi\u00e9n &#8220;Plataforma&#8221;), que pertenece a REAL ESTATE, agencia dedicada a la venta de viviendas en Italia. 3. USO AUTORIZADO DEL SITIO Y DE LOS CONTENIDOS Est\u00e1s autorizado a acceder a los contenidos de este sitio web siempre que te comprometas estrictamente a un uso correcto de los mismos de acuerdo con estas condiciones, en especial de los derechos de propiedad intelectual e industrial otorgados por la ley que se recogen detalladamente en el apartado correspondiente de este articulado y para los que queda expresamente prohibida la utilizaci\u00f3n de los mismos de forma fraudulenta, con fines il\u00edcitos o comerciales, sin autorizaci\u00f3n expresa y por escrito de su titular.REAL ESTATE se reserva el derecho a impedir, en cualquier momento y sin previo aviso, el acceso a su sitio web y a sus contenidos a los usuarios que incumplan estas condiciones.REAL ESTATE se reserva el derecho a eliminar o suspender total o parcialmente la informaci\u00f3n contenida en www.housesaleitaly.com, a modificar la estructura y contenido de este sitio web sin previo aviso y a limitar o no permitir el acceso a dicha informaci\u00f3n.REAL ESTATE se reserva el derecho a modificar, de acuerdo con la legislaci\u00f3n vigente, las presentes condiciones, la pol\u00edtica de privacidad y la pol\u00edtica de cookies de forma unilateral y sin previo aviso, con la \u00fanica obligaci\u00f3n de informar al usuario de las modificaciones realizadas a trav\u00e9s de nuestra p\u00e1gina web http:\/\/housesaleitaly.com. 4. PROPIEDAD INTELECTUAL, NORMAS Y PROHIBICIONES REAL ESTATE se reserva todos los derechos de propiedad intelectual e industrial derivados de este sitio web, requiriendo autorizaci\u00f3n expresa y por escrito de REAL ESTATE para cualquier ejercicio y uso de los mismos.Esta reserva de derechos alcanza tanto a los contenidos que puedan ser incluidos y distribuidos a trav\u00e9s de este sitio web bajo cualquier formato, como al c\u00f3digo, dise\u00f1o y estructura de navegaci\u00f3n del sitio web.Salvo que se indique lo contrario, REAL ESTATE y\/o sus licenciantes son titulares de los derechos de propiedad intelectual sobre todo el material incluido en REAL ESTATE.Todos los derechos de propiedad intelectual est\u00e1n reservados.Puedes ver y\/o imprimir p\u00e1ginas de https:\/\/housesaleitaly.com para tu uso personal sujeto a las restricciones establecidas en estos t\u00e9rminos y condiciones. No debes hacerlo: volver a publicar material de https:\/\/housesaleitaly.com; vender, alquilar o sublicenciar material de https:\/\/housesaleitaly.com; reproducir, duplicar o copiar material de https:\/\/housesaleitaly.com; redistribuir contenidos de https:\/\/housesaleitaly.com (a menos que el contenido est\u00e9 espec\u00edficamente hecho para su redistribuci\u00f3n); difundir contenidos delictivos, violentos, pornogr\u00e1ficos, racistas, xen\u00f3fobos, ofensivos, de apolog\u00eda del terrorismo o, en general, contrarios a la ley o al orden p\u00fablico; Introducir virus inform\u00e1ticos en la red o realizar actuaciones susceptibles de alterar, estropear, interrumpir o generar errores o da\u00f1os en los documentos electr\u00f3nicos, datos o sistemas f\u00edsicos y l\u00f3gicos de REAL ESTATE o de terceras personas, as\u00ed como obstaculizar el acceso de otros Usuarios al sitio web y a sus servicios; intentar acceder a \u00e1reas restringidas de los sistemas inform\u00e1ticos de REAL ESTATE o de terceros y, en su caso, extraer informaci\u00f3n; Suplantar la identidad de otro Usuario, de las administraciones p\u00fablicas o de un tercero; recabar datos con finalidad publicitaria y remitir publicidad de cualquier clase y comunicaciones con fines de venta u otras de naturaleza comercial sin que medie su previa solicitud o consentimiento. 5. IFRAMES Sin aprobaci\u00f3n previa y permiso expreso por escrito, no puedes crear marcos alrededor de nuestras p\u00e1ginas Web ni utilizar otras t\u00e9cnicas que alteren de alg\u00fan modo la presentaci\u00f3n visual o la apariencia de nuestro sitio Web. 6. VALIDEZ En caso de que cualquier disposici\u00f3n o parte de la misma de este aviso se considere inv\u00e1lida, ese hecho no afectar\u00e1 a la validez del resto.<\/p>\n","protected":false},"author":1,"featured_media":0,"parent":0,"menu_order":0,"comment_status":"closed","ping_status":"closed","template":"elementor_header_footer","meta":{"footnotes":""},"class_list":["post-19752","page","type-page","status-publish","hentry"],"_links":{"self":[{"href":"https:\/\/housesaleitaly.com\/es\/wp-json\/wp\/v2\/pages\/19752","targetHints":{"allow":["GET"]}}],"collection":[{"href":"https:\/\/housesaleitaly.com\/es\/wp-json\/wp\/v2\/pages"}],"about":[{"href":"https:\/\/housesaleitaly.com\/es\/wp-json\/wp\/v2\/types\/page"}],"author":[{"embeddable":true,"href":"https:\/\/housesaleitaly.com\/es\/wp-json\/wp\/v2\/users\/1"}],"replies":[{"embeddable":true,"href":"https:\/\/housesaleitaly.com\/es\/wp-json\/wp\/v2\/comments?post=19752"}],"version-history":[{"count":3,"href":"https:\/\/housesaleitaly.com\/es\/wp-json\/wp\/v2\/pages\/19752\/revisions"}],"predecessor-version":[{"id":27675,"href":"https:\/\/housesaleitaly.com\/es\/wp-json\/wp\/v2\/pages\/19752\/revisions\/27675"}],"wp:attachment":[{"href":"https:\/\/housesaleitaly.com\/es\/wp-json\/wp\/v2\/media?parent=19752"}],"curies":[{"name":"wp","href":"https:\/\/api.w.org\/{rel}","templated":true}]}}