{"id":25869,"date":"2025-03-01T23:24:44","date_gmt":"2025-03-01T22:24:44","guid":{"rendered":"http:\/\/housesaleitaly.com\/?page_id=25869"},"modified":"2026-02-13T12:02:42","modified_gmt":"2026-02-13T11:02:42","slug":"immobilien-in-ligurien","status":"publish","type":"page","link":"https:\/\/housesaleitaly.com\/de\/immobilien-in-ligurien\/","title":{"rendered":"Immobilien in Ligurien"},"content":{"rendered":"\t\t<div data-elementor-type=\"wp-page\" data-elementor-id=\"25869\" class=\"elementor elementor-25869 elementor-25477\">\n\t\t\t\t<div class=\"elementor-element elementor-element-3df3e0d4 e-flex e-con-boxed wpr-particle-no wpr-jarallax-no wpr-parallax-no wpr-sticky-section-no wpr-equal-height-no e-con e-parent\" data-id=\"3df3e0d4\" data-element_type=\"container\" data-e-type=\"container\">\n\t\t\t\t\t<div class=\"e-con-inner\">\n\t\t\t\t<div class=\"elementor-element elementor-element-2abc9f0a elementor-widget elementor-widget-houzez_elementor_space\" data-id=\"2abc9f0a\" data-element_type=\"widget\" data-e-type=\"widget\" data-widget_type=\"houzez_elementor_space.default\">\n\t\t\t\t<div class=\"elementor-widget-container\">\n\t\t\t\t\t        <div class=\"houzez-spacer\">\n            <div class=\"houzez-spacer-inner\"><\/div>\n        <\/div>\n        \t\t\t\t<\/div>\n\t\t\t\t<\/div>\n\t\t\t\t<div class=\"elementor-element elementor-element-33bc1110 elementor-arrows-position-inside elementor-pagination-position-outside elementor-widget elementor-widget-image-carousel\" data-id=\"33bc1110\" data-element_type=\"widget\" data-e-type=\"widget\" data-settings=\"{&quot;slides_to_show&quot;:&quot;1&quot;,&quot;navigation&quot;:&quot;both&quot;,&quot;autoplay&quot;:&quot;yes&quot;,&quot;pause_on_hover&quot;:&quot;yes&quot;,&quot;pause_on_interaction&quot;:&quot;yes&quot;,&quot;autoplay_speed&quot;:5000,&quot;infinite&quot;:&quot;yes&quot;,&quot;effect&quot;:&quot;slide&quot;,&quot;speed&quot;:500}\" data-widget_type=\"image-carousel.default\">\n\t\t\t\t<div class=\"elementor-widget-container\">\n\t\t\t\t\t\t\t<div class=\"elementor-image-carousel-wrapper swiper\" role=\"region\" aria-roledescription=\"carousel\" aria-label=\"Bordighera\" dir=\"ltr\">\n\t\t\t<div class=\"elementor-image-carousel swiper-wrapper\" aria-live=\"off\">\n\t\t\t\t\t\t\t\t<div class=\"swiper-slide\" role=\"group\" aria-roledescription=\"slide\" aria-label=\"1 von 9\"><figure class=\"swiper-slide-inner\"><img decoding=\"async\" class=\"swiper-slide-image\" src=\"https:\/\/housesaleitaly.com\/wp-content\/uploads\/2026\/02\/IMG20250303134135-scaled.jpg\" alt=\"oplus_3145728\" \/><\/figure><\/div><div class=\"swiper-slide\" role=\"group\" aria-roledescription=\"slide\" aria-label=\"2 von 9\"><figure class=\"swiper-slide-inner\"><img decoding=\"async\" class=\"swiper-slide-image\" src=\"https:\/\/housesaleitaly.com\/wp-content\/uploads\/2026\/02\/IMG20250303140826-scaled.jpg\" alt=\"oplus_3145728\" \/><\/figure><\/div><div class=\"swiper-slide\" role=\"group\" aria-roledescription=\"slide\" aria-label=\"3 von 9\"><figure class=\"swiper-slide-inner\"><img decoding=\"async\" class=\"swiper-slide-image\" src=\"https:\/\/housesaleitaly.com\/wp-content\/uploads\/2026\/02\/IMG20250303135642-scaled.jpg\" alt=\"oplus_3145728\" \/><\/figure><\/div><div class=\"swiper-slide\" role=\"group\" aria-roledescription=\"slide\" aria-label=\"4 von 9\"><figure class=\"swiper-slide-inner\"><img decoding=\"async\" class=\"swiper-slide-image\" src=\"https:\/\/housesaleitaly.com\/wp-content\/uploads\/2026\/02\/IMG20250303135221-scaled.jpg\" alt=\"oplus_3145728\" \/><\/figure><\/div><div class=\"swiper-slide\" role=\"group\" aria-roledescription=\"slide\" aria-label=\"5 von 9\"><figure class=\"swiper-slide-inner\"><img decoding=\"async\" class=\"swiper-slide-image\" src=\"https:\/\/housesaleitaly.com\/wp-content\/uploads\/2026\/02\/IMG20250303134454-scaled.jpg\" alt=\"oplus_3145728\" \/><\/figure><\/div><div class=\"swiper-slide\" role=\"group\" aria-roledescription=\"slide\" aria-label=\"6 von 9\"><figure class=\"swiper-slide-inner\"><img decoding=\"async\" class=\"swiper-slide-image\" src=\"https:\/\/housesaleitaly.com\/wp-content\/uploads\/2026\/02\/IMG20250303134216-scaled.jpg\" alt=\"oplus_3145728\" \/><\/figure><\/div><div class=\"swiper-slide\" role=\"group\" aria-roledescription=\"slide\" aria-label=\"7 von 9\"><figure class=\"swiper-slide-inner\"><img decoding=\"async\" class=\"swiper-slide-image\" src=\"https:\/\/housesaleitaly.com\/wp-content\/uploads\/2026\/02\/IMG20250303133617-scaled.jpg\" alt=\"oplus_3145728\" \/><\/figure><\/div><div class=\"swiper-slide\" role=\"group\" aria-roledescription=\"slide\" aria-label=\"8 von 9\"><figure class=\"swiper-slide-inner\"><img decoding=\"async\" class=\"swiper-slide-image\" src=\"https:\/\/housesaleitaly.com\/wp-content\/uploads\/2026\/02\/IMG20250303140704-scaled.jpg\" alt=\"oplus_3145728\" \/><\/figure><\/div><div class=\"swiper-slide\" role=\"group\" aria-roledescription=\"slide\" aria-label=\"9 von 9\"><figure class=\"swiper-slide-inner\"><img decoding=\"async\" class=\"swiper-slide-image\" src=\"https:\/\/housesaleitaly.com\/wp-content\/uploads\/2026\/02\/IMG20250303131853-scaled.jpg\" alt=\"oplus_3145728\" \/><\/figure><\/div>\t\t\t<\/div>\n\t\t\t\t\t\t\t\t\t\t\t\t<div class=\"elementor-swiper-button elementor-swiper-button-prev\" role=\"button\" tabindex=\"0\">\n\t\t\t\t\t\t<svg aria-hidden=\"true\" class=\"e-font-icon-svg e-eicon-chevron-left\" viewBox=\"0 0 1000 1000\" xmlns=\"http:\/\/www.w3.org\/2000\/svg\"><path d=\"M646 125C629 125 613 133 604 142L308 442C296 454 292 471 292 487 292 504 296 521 308 533L604 854C617 867 629 875 646 875 663 875 679 871 692 858 704 846 713 829 713 812 713 796 708 779 692 767L438 487 692 225C700 217 708 204 708 187 708 171 704 154 692 142 675 129 663 125 646 125Z\"><\/path><\/svg>\t\t\t\t\t<\/div>\n\t\t\t\t\t<div class=\"elementor-swiper-button elementor-swiper-button-next\" role=\"button\" tabindex=\"0\">\n\t\t\t\t\t\t<svg aria-hidden=\"true\" class=\"e-font-icon-svg e-eicon-chevron-right\" viewBox=\"0 0 1000 1000\" xmlns=\"http:\/\/www.w3.org\/2000\/svg\"><path d=\"M696 533C708 521 713 504 713 487 713 471 708 454 696 446L400 146C388 133 375 125 354 125 338 125 325 129 313 142 300 154 292 171 292 187 292 204 296 221 308 233L563 492 304 771C292 783 288 800 288 817 288 833 296 850 308 863 321 871 338 875 354 875 371 875 388 867 400 854L696 533Z\"><\/path><\/svg>\t\t\t\t\t<\/div>\n\t\t\t\t\n\t\t\t\t\t\t\t\t\t<div class=\"swiper-pagination\"><\/div>\n\t\t\t\t\t\t\t\t\t<\/div>\n\t\t\t\t\t\t<\/div>\n\t\t\t\t<\/div>\n\t\t\t\t<div class=\"elementor-element elementor-element-365e6b63 elementor-widget elementor-widget-text-editor\" data-id=\"365e6b63\" data-element_type=\"widget\" data-e-type=\"widget\" data-widget_type=\"text-editor.default\">\n\t\t\t\t<div class=\"elementor-widget-container\">\n\t\t\t\t\t\t\t\t\t<p>Interessieren Sie sich f\u00fcr Immobilien in Ligurien? Wir freuen uns, Ihnen das Gebiet von Bordighera und seine wichtigsten Merkmale, die es einzigartig machen, vorstellen zu k\u00f6nnen.<\/p><p>Wir haben uns auf den Verkauf von hochwertigen <a href=\"https:\/\/housesaleitaly.com\/de\/unsere-immobilien\/\" target=\"_blank\" rel=\"noopener\">Immobilien<\/a> in Bordighera spezialisiert, einer charmanten Stadt an der ligurischen K\u00fcste nahe der franz\u00f6sischen Grenze. Diese Gegend ist wahrscheinlich die prestigetr\u00e4chtigste in der Provinz Imperia und eine der besten in Ligurien. Das liegt vor allem an seiner N\u00e4he zur ber\u00fchmten C\u00f4te d&#8217;Azur. Sie ist in nur 15 Minuten mit dem Auto zu erreichen. Bordighera ist ein idealer Ausgangspunkt, um sowohl die italienische als auch die franz\u00f6sische K\u00fcste zu erkunden. St\u00e4dte wie San Remo, Imperia, Menton, Monaco und Nizza sind von hier aus leicht zu erreichen.<\/p><p>Einer der Gr\u00fcnde, warum wir eine Investition in Immobilien in Ligurien in der Gegend von Bordighera empfehlen, ist der gute Zustand der Immobilien. Diese sind gr\u00f6\u00dftenteils gut gepflegt. Die Gegend ist ruhig und sicher und der internationale Flughafen von Nizza in Frankreich ist nur 45 Minuten entfernt. Dies macht es sehr bequem, Bordighera zu erreichen, da es jede Woche viele internationale Fl\u00fcge nach Nizza gibt.<\/p><h5>Bordighera ist aus mehreren Gr\u00fcnden etwas Besonderes:<\/h5><p>1. Mediterranes Klima: Bordighera genie\u00dft das ganze Jahr \u00fcber ein mildes und sonniges Klima mit warmen Sommern und milden Wintern, was es zu einem beliebten Ziel f\u00fcr Touristen macht, die eine entspannende Umgebung am Meer suchen.<\/p><p>2. Bordighera liegt am Ligurischen Meer und bietet sch\u00f6ne Str\u00e4nde, klares Wasser und einen herrlichen Blick auf die K\u00fcste. Der Lungomare Argentina, die l\u00e4ngste Strandpromenade der Riviera, l\u00e4dt zu sch\u00f6nen Spazierg\u00e4ngen entlang der K\u00fcste ein. Der Preis f\u00fcr Immobilien in Ligurien im Gebiet von Bordighera wird durch die hervorragende Lage der Stadt beeinflusst.<\/p><p>3. \u00dcppige Vegetation: Die Stadt ist bekannt f\u00fcr ihre reiche Vegetation, insbesondere Palmen, Olivenb\u00e4ume und nicht einheimische Pflanzen. In der Tat wird Bordighera oft als \u201eStadt der Palmen\u201c bezeichnet. Der nahe gelegene <a href=\"https:\/\/de.wikipedia.org\/wiki\/Botanischer_Garten_Hanbury\" target=\"_blank\" rel=\"noopener\">Botanische Garten Hanbury<\/a> beherbergt eine gro\u00dfe Sammlung von mediterranen und ausl\u00e4ndischen Pflanzen.<\/p><p>4. Historisches und k\u00fcnstlerisches Erbe: Bordighera hat eine reiche kulturelle und k\u00fcnstlerische Geschichte. Es war ein beliebtes Ziel f\u00fcr viele K\u00fcnstler, darunter Claude Monet, der mehrere Landschaften des Ortes malte. Man kann auch die Villa Garnier besichtigen, die ehemalige Residenz des franz\u00f6sischen Architekten Charles Garnier, der im 19. Jahrhundert zum Wachstum der Stadt beitrug. Dieser Umstand erh\u00f6ht das Interesse der Investoren an Immobilien in Ligurien in der Region Bordighera.<\/p><p>5. Charme der Altstadt: Das historische Zentrum, Bordighera Alta, ist eine charmante mittelalterliche Stadt, die auf einem H\u00fcgel liegt. Die engen, verwinkelten Gassen, antiken Geb\u00e4ude und malerischen Pl\u00e4tze geben einen Einblick in die Vergangenheit der Stadt.<\/p><p>6. Kulturelle Veranstaltungen: In Bordighera finden zahlreiche kulturelle Veranstaltungen statt, darunter Musikkonzerte, Kunstausstellungen und Feste. Die Sagra della Madonna della Neve zum Beispiel ist ein lokales religi\u00f6ses Fest, das jedes Jahr mit Prozessionen und lokalen Traditionen gefeiert wird.<\/p><h5>Diese Faktoren machen Bordighera zu einem einzigartigen und attraktiven Reiseziel f\u00fcr Besucher, die die Sch\u00f6nheit und Kultur der italienischen Riviera erleben m\u00f6chten.<\/h5><p>Immobilien in Ligurien sind Teil eines sehr lebendigen Sektors aufgrund der gro\u00dfen Anzahl von Touristen, die diese wunderbare Ecke Italiens jedes Jahr besuchen. Dar\u00fcber hinaus ziehen viele Menschen aus der ganzen Welt hierher, um das gute Mikroklima zu genie\u00dfen. Unter ihnen befinden sich viele Rentner und Liebhaber verschiedener Sportarten. In der Tat kann man in dieser Gegend sowohl Berg- als auch Meeressportarten betreiben. Von Bordighera aus erreicht man die n\u00e4chstgelegenen Skigebiete in nur 2 Stunden.<\/p><p>Der Markt bietet eine Reihe von Immobilienoptionen, darunter Luxusvillen, freistehende Wohnungen und Stadth\u00e4user. Die Immobilien sind oft mit Annehmlichkeiten wie privaten G\u00e4rten, Swimmingpools und der N\u00e4he zum Meer ausgestattet, um sowohl Saison- als auch Jahresbewohnern gerecht zu werden.<\/p><p>Im Februar 2025 lag der durchschnittliche Angebotspreis f\u00fcr Wohnimmobilien bei 4.115 Euro pro Quadratmeter, was einem Anstieg von 1,91 Prozent gegen\u00fcber dem Vorjahr entspricht. Die Preise schwankten in den letzten zwei Jahren, erreichten im Mai 2024 einen H\u00f6chststand von 4.204 EUR pro Quadratmeter und fielen im November 2023 auf 3.792 EUR.<\/p><h5>Auch in Bordighera variieren die Preise je nach Gebiet. Im Februar 2025 wurden in den Gebieten Arziglia und Madonna della Ruota Quadratmeterpreise von rund 5.242 Euro verlangt. Das Gebiet von Borghetto San Nicol\u00f2 war dagegen mit rund 1.617 Euro pro Quadratmeter g\u00fcnstiger zu haben.<\/h5><p>Trotz der allgemeinen wirtschaftlichen Entwicklung sind Immobilien in Ligurien nach wie vor eine gute Investition, denn der Markt bleibt solide. Die Nachfrage nach Immobilien wird durch die Attraktivit\u00e4t der Region als Reiseziel und die Stabilit\u00e4t des Mietmarktes gest\u00fctzt. Dies macht sie zu einer potenziell rentablen Investitionsm\u00f6glichkeit.<\/p><p>Es gibt verschiedene Arten von Immobilien in Ligurien, die von der Lage und den Annehmlichkeiten beeinflusst werden. Der Markt st\u00f6\u00dft weiterhin auf Interesse, was durch die konstante Nachfrage und das Investitionspotenzial unterst\u00fctzt wird.<\/p>\t\t\t\t\t\t\t\t<\/div>\n\t\t\t\t<\/div>\n\t\t\t\t<div class=\"elementor-element elementor-element-73a3684b elementor-widget elementor-widget-houzez_elementor_space\" data-id=\"73a3684b\" data-element_type=\"widget\" data-e-type=\"widget\" data-widget_type=\"houzez_elementor_space.default\">\n\t\t\t\t<div class=\"elementor-widget-container\">\n\t\t\t\t\t        <div class=\"houzez-spacer\">\n            <div class=\"houzez-spacer-inner\"><\/div>\n        <\/div>\n        \t\t\t\t<\/div>\n\t\t\t\t<\/div>\n\t\t\t\t\t<\/div>\n\t\t\t\t<\/div>\n\t\t\t\t<\/div>\n\t\t","protected":false},"excerpt":{"rendered":"<p>Interessieren Sie sich f\u00fcr Immobilien in Ligurien? Wir freuen uns, Ihnen das Gebiet von Bordighera und seine wichtigsten Merkmale, die es einzigartig machen, vorstellen zu k\u00f6nnen. Wir haben uns auf den Verkauf von hochwertigen Immobilien in Bordighera spezialisiert, einer charmanten Stadt an der ligurischen K\u00fcste nahe der franz\u00f6sischen Grenze. Diese Gegend ist wahrscheinlich die prestigetr\u00e4chtigste in der Provinz Imperia und eine der besten in Ligurien. Das liegt vor allem an seiner N\u00e4he zur ber\u00fchmten C\u00f4te d&#8217;Azur. Sie ist in nur 15 Minuten mit dem Auto zu erreichen. Bordighera ist ein idealer Ausgangspunkt, um sowohl die italienische als auch die franz\u00f6sische K\u00fcste zu erkunden. St\u00e4dte wie San Remo, Imperia, Menton, Monaco und Nizza sind von hier aus leicht zu erreichen. Einer der Gr\u00fcnde, warum wir eine Investition in Immobilien in Ligurien in der Gegend von Bordighera empfehlen, ist der gute Zustand der Immobilien. Diese sind gr\u00f6\u00dftenteils gut gepflegt. Die Gegend ist ruhig und sicher und der internationale Flughafen von Nizza in Frankreich ist nur 45 Minuten entfernt. Dies macht es sehr bequem, Bordighera zu erreichen, da es jede Woche viele internationale Fl\u00fcge nach Nizza gibt. Bordighera ist aus mehreren Gr\u00fcnden etwas Besonderes: 1. Mediterranes Klima: Bordighera genie\u00dft das ganze Jahr \u00fcber ein mildes und sonniges Klima mit warmen Sommern und milden Wintern, was es zu einem beliebten Ziel f\u00fcr Touristen macht, die eine entspannende Umgebung am Meer suchen. 2. Bordighera liegt am Ligurischen Meer und bietet sch\u00f6ne Str\u00e4nde, klares Wasser und einen herrlichen Blick auf die K\u00fcste. Der Lungomare Argentina, die l\u00e4ngste Strandpromenade der Riviera, l\u00e4dt zu sch\u00f6nen Spazierg\u00e4ngen entlang der K\u00fcste ein. Der Preis f\u00fcr Immobilien in Ligurien im Gebiet von Bordighera wird durch die hervorragende Lage der Stadt beeinflusst. 3. \u00dcppige Vegetation: Die Stadt ist bekannt f\u00fcr ihre reiche Vegetation, insbesondere Palmen, Olivenb\u00e4ume und nicht einheimische Pflanzen. In der Tat wird Bordighera oft als \u201eStadt der Palmen\u201c bezeichnet. Der nahe gelegene Botanische Garten Hanbury beherbergt eine gro\u00dfe Sammlung von mediterranen und ausl\u00e4ndischen Pflanzen. 4. Historisches und k\u00fcnstlerisches Erbe: Bordighera hat eine reiche kulturelle und k\u00fcnstlerische Geschichte. Es war ein beliebtes Ziel f\u00fcr viele K\u00fcnstler, darunter Claude Monet, der mehrere Landschaften des Ortes malte. Man kann auch die Villa Garnier besichtigen, die ehemalige Residenz des franz\u00f6sischen Architekten Charles Garnier, der im 19. Jahrhundert zum Wachstum der Stadt beitrug. Dieser Umstand erh\u00f6ht das Interesse der Investoren an Immobilien in Ligurien in der Region Bordighera. 5. Charme der Altstadt: Das historische Zentrum, Bordighera Alta, ist eine charmante mittelalterliche Stadt, die auf einem H\u00fcgel liegt. Die engen, verwinkelten Gassen, antiken Geb\u00e4ude und malerischen Pl\u00e4tze geben einen Einblick in die Vergangenheit der Stadt. 6. Kulturelle Veranstaltungen: In Bordighera finden zahlreiche kulturelle Veranstaltungen statt, darunter Musikkonzerte, Kunstausstellungen und Feste. Die Sagra della Madonna della Neve zum Beispiel ist ein lokales religi\u00f6ses Fest, das jedes Jahr mit Prozessionen und lokalen Traditionen gefeiert wird. Diese Faktoren machen Bordighera zu einem einzigartigen und attraktiven Reiseziel f\u00fcr Besucher, die die Sch\u00f6nheit und Kultur der italienischen Riviera erleben m\u00f6chten. Immobilien in Ligurien sind Teil eines sehr lebendigen Sektors aufgrund der gro\u00dfen Anzahl von Touristen, die diese wunderbare Ecke Italiens jedes Jahr besuchen. Dar\u00fcber hinaus ziehen viele Menschen aus der ganzen Welt hierher, um das gute Mikroklima zu genie\u00dfen. Unter ihnen befinden sich viele Rentner und Liebhaber verschiedener Sportarten. In der Tat kann man in dieser Gegend sowohl Berg- als auch Meeressportarten betreiben. Von Bordighera aus erreicht man die n\u00e4chstgelegenen Skigebiete in nur 2 Stunden. Der Markt bietet eine Reihe von Immobilienoptionen, darunter Luxusvillen, freistehende Wohnungen und Stadth\u00e4user. Die Immobilien sind oft mit Annehmlichkeiten wie privaten G\u00e4rten, Swimmingpools und der N\u00e4he zum Meer ausgestattet, um sowohl Saison- als auch Jahresbewohnern gerecht zu werden. Im Februar 2025 lag der durchschnittliche Angebotspreis f\u00fcr Wohnimmobilien bei 4.115 Euro pro Quadratmeter, was einem Anstieg von 1,91 Prozent gegen\u00fcber dem Vorjahr entspricht. Die Preise schwankten in den letzten zwei Jahren, erreichten im Mai 2024 einen H\u00f6chststand von 4.204 EUR pro Quadratmeter und fielen im November 2023 auf 3.792 EUR. Auch in Bordighera variieren die Preise je nach Gebiet. Im Februar 2025 wurden in den Gebieten Arziglia und Madonna della Ruota Quadratmeterpreise von rund 5.242 Euro verlangt. Das Gebiet von Borghetto San Nicol\u00f2 war dagegen mit rund 1.617 Euro pro Quadratmeter g\u00fcnstiger zu haben. Trotz der allgemeinen wirtschaftlichen Entwicklung sind Immobilien in Ligurien nach wie vor eine gute Investition, denn der Markt bleibt solide. Die Nachfrage nach Immobilien wird durch die Attraktivit\u00e4t der Region als Reiseziel und die Stabilit\u00e4t des Mietmarktes gest\u00fctzt. Dies macht sie zu einer potenziell rentablen Investitionsm\u00f6glichkeit. Es gibt verschiedene Arten von Immobilien in Ligurien, die von der Lage und den Annehmlichkeiten beeinflusst werden. Der Markt st\u00f6\u00dft weiterhin auf Interesse, was durch die konstante Nachfrage und das Investitionspotenzial unterst\u00fctzt wird.<\/p>\n","protected":false},"author":1,"featured_media":0,"parent":0,"menu_order":0,"comment_status":"closed","ping_status":"closed","template":"template\/template-homepage.php","meta":{"footnotes":""},"class_list":["post-25869","page","type-page","status-publish","hentry"],"_links":{"self":[{"href":"https:\/\/housesaleitaly.com\/de\/wp-json\/wp\/v2\/pages\/25869","targetHints":{"allow":["GET"]}}],"collection":[{"href":"https:\/\/housesaleitaly.com\/de\/wp-json\/wp\/v2\/pages"}],"about":[{"href":"https:\/\/housesaleitaly.com\/de\/wp-json\/wp\/v2\/types\/page"}],"author":[{"embeddable":true,"href":"https:\/\/housesaleitaly.com\/de\/wp-json\/wp\/v2\/users\/1"}],"replies":[{"embeddable":true,"href":"https:\/\/housesaleitaly.com\/de\/wp-json\/wp\/v2\/comments?post=25869"}],"version-history":[{"count":3,"href":"https:\/\/housesaleitaly.com\/de\/wp-json\/wp\/v2\/pages\/25869\/revisions"}],"predecessor-version":[{"id":27770,"href":"https:\/\/housesaleitaly.com\/de\/wp-json\/wp\/v2\/pages\/25869\/revisions\/27770"}],"wp:attachment":[{"href":"https:\/\/housesaleitaly.com\/de\/wp-json\/wp\/v2\/media?parent=25869"}],"curies":[{"name":"wp","href":"https:\/\/api.w.org\/{rel}","templated":true}]}}