{"id":19814,"date":"2024-08-06T15:59:44","date_gmt":"2024-08-06T13:59:44","guid":{"rendered":"http:\/\/housesaleitaly.com\/ligurien\/"},"modified":"2026-02-13T11:44:29","modified_gmt":"2026-02-13T10:44:29","slug":"ligurien","status":"publish","type":"page","link":"https:\/\/housesaleitaly.com\/de\/ligurien\/","title":{"rendered":"Ligurien"},"content":{"rendered":"\t\t<div data-elementor-type=\"wp-page\" data-elementor-id=\"19814\" class=\"elementor elementor-19814 elementor-19206\">\n\t\t\t\t\t\t<section class=\"elementor-section elementor-top-section elementor-element elementor-element-53a783cd elementor-section-height-min-height animated-slow elementor-section-boxed elementor-section-height-default elementor-section-items-middle wpr-particle-no wpr-jarallax-no wpr-parallax-no wpr-sticky-section-no wpr-equal-height-no elementor-invisible\" data-id=\"53a783cd\" data-element_type=\"section\" data-e-type=\"section\" data-settings=\"{&quot;background_background&quot;:&quot;classic&quot;,&quot;animation&quot;:&quot;fadeIn&quot;}\">\n\t\t\t\t\t\t\t<div class=\"elementor-background-overlay\"><\/div>\n\t\t\t\t\t\t\t<div class=\"elementor-container elementor-column-gap-default\">\n\t\t\t\t\t<div class=\"elementor-column elementor-col-100 elementor-top-column elementor-element elementor-element-447c1c92\" data-id=\"447c1c92\" data-element_type=\"column\" data-e-type=\"column\">\n\t\t\t<div class=\"elementor-widget-wrap elementor-element-populated\">\n\t\t\t\t\t\t<div class=\"elementor-element elementor-element-3a08b0b8 elementor-widget elementor-widget-heading\" data-id=\"3a08b0b8\" data-element_type=\"widget\" data-e-type=\"widget\" data-widget_type=\"heading.default\">\n\t\t\t\t<div class=\"elementor-widget-container\">\n\t\t\t\t\t<h1 class=\"elementor-heading-title elementor-size-default\">\u00dcBER LIGURIEN<\/h1>\t\t\t\t<\/div>\n\t\t\t\t<\/div>\n\t\t\t\t\t<\/div>\n\t\t<\/div>\n\t\t\t\t\t<\/div>\n\t\t<\/section>\n\t\t\t\t<section class=\"elementor-section elementor-top-section elementor-element elementor-element-64424d39 elementor-section-boxed elementor-section-height-default elementor-section-height-default wpr-particle-no wpr-jarallax-no wpr-parallax-no wpr-sticky-section-no wpr-equal-height-no\" data-id=\"64424d39\" data-element_type=\"section\" data-e-type=\"section\" data-settings=\"{&quot;background_background&quot;:&quot;classic&quot;}\">\n\t\t\t\t\t\t<div class=\"elementor-container elementor-column-gap-default\">\n\t\t\t\t\t<div class=\"elementor-column elementor-col-100 elementor-top-column elementor-element elementor-element-649c2363\" data-id=\"649c2363\" data-element_type=\"column\" data-e-type=\"column\">\n\t\t\t<div class=\"elementor-widget-wrap elementor-element-populated\">\n\t\t\t\t\t\t<div class=\"elementor-element elementor-element-6bb7b7a9 elementor-widget elementor-widget-text-editor\" data-id=\"6bb7b7a9\" data-element_type=\"widget\" data-e-type=\"widget\" data-widget_type=\"text-editor.default\">\n\t\t\t\t<div class=\"elementor-widget-container\">\n\t\t\t\t\t\t\t\t\t<p>Die Region Ligurien ist wirklich ein besonderer Ort. F\u00fcr diejenigen, die noch nie von ihr geh\u00f6rt haben, sie liegt in Norditalien. Sie erstreckt sich 280 Kilometer entlang der Nordwestk\u00fcste zwischen der Region Toskana und Frankreich.<\/p><p>Dieses Gebiet genie\u00dft ein besonders g\u00fcnstiges Mikroklima dank der Wirkung des Meeres, das die Temperaturen mildert. Obwohl es in Norditalien liegt, gibt es hier nie Nebel und die Temperatur f\u00e4llt normalerweise nicht unter 8 Grad Celsius. Au\u00dferdem ist es in Ligurien selbst in den k\u00e4ltesten Monaten nicht ungew\u00f6hnlich, dass es tags\u00fcber 20 Grad Celsius hat. Das macht es m\u00f6glich, auch im Januar oder Februar im T-Shirt herumzulaufen.<\/p><p>In der Tat hat die Provinz Imperia das beste Klima Italiens. Das berichten verschiedene Quellen, darunter der Wettervorhersagedienst <a href=\"https:\/\/www.ilmeteo.it\" target=\"_blank\" rel=\"noopener\">iLMeteo.it<\/a> und die historische Tageszeitung <a href=\"https:\/\/www.corriere.it\/cronache\/indice-climatico-italia\/index.shtml\" target=\"_blank\" rel=\"noopener\">Il corriere della sera<\/a>. Diese Behauptung beruht auf der Analyse von 380 Millionen Wetterdaten, die sich auf 108 italienische St\u00e4dte beziehen.<\/p><p>Die besonders g\u00fcnstigen klimatischen Bedingungen in diesem Teil Liguriens ziehen auch viele Rentner aus der ganzen Welt an, die sich wegen der hohen Lebensqualit\u00e4t hier niederlassen.<\/p><p>Dank dieses hervorragenden Klimas wachsen in Ligurien nicht-endemische exotische Pflanzen, die typisch f\u00fcr warme L\u00e4nder sind. Wir finden hier zum Beispiel Eukalyptus, Agave, Aloe, Yucca, Dracena Draco, Catctus Opuntia, Jacaranda und viele andere. Es ist kein Zufall, dass der englische Reisende Sir Thomas Hanbury hier einen der ber\u00fchmtesten Akklimatisierungsg\u00e4rten Europas angelegt hat. Er sammelte botanische Arten aus der ganzen Welt und pflanzte sie auf dem Gel\u00e4nde neben seiner Villa in Ventimiglia.<\/p><p>Der Tourismus in Ligurien hat eine lange Geschichte, die bis ins Jahr 1800 zur\u00fcckreicht. Fr\u00fcher kamen die Menschen in den Wintermonaten hierher, um der K\u00e4lte zu entkommen. Am Anfang waren es vor allem englische Touristen. Dann gab es nach dem Aufenthalt der Zarin Maria Alexandrowna in Sanremo auch einen Zustrom von Touristen aus Russland. Die russische Adelige, Ehefrau von Kaiser Alexander II., hatte den Winter zwischen 1874 und 1875 hier verbracht und sich in die Stadt verliebt!<\/p><p>Heutzutage besuchen Touristen aus der ganzen Welt Ligurien. Dies wird auch durch die N\u00e4he des internationalen Flughafens von Nizza an der sch\u00f6nen C\u00f4te d&#8217;Azur beg\u00fcnstigt, der nur eine Autostunde entfernt ist. Au\u00dferdem kommen Kreuzfahrtschiffe aus aller Welt in den H\u00e4fen von Genua, Savona und La Spezia an.<\/p><p>Die Region Ligurien ist ein einzigartiger Ort. Hier enden die Alpen nahe am Meer und schaffen atemberaubende Landschaften. Das ausgezeichnete Klima erm\u00f6glicht viele Aktivit\u00e4ten im Freien, vom Skifahren in den Alpen im Winter bis hin zu Wassersportarten wie Bootfahren oder Kajakfahren das ganze Jahr \u00fcber. Ganz zu schweigen vom Radfahren, dem K\u00f6nig der Sportarten in dieser Gegend, dank eines 29 km langen Radweges von Ospedaletti nach Imperia. Wer das Gl\u00fcck hat, in dieser Gegend zu leben, kann also das Meer und die Berge genie\u00dfen.<\/p><p>Dieses Gebiet blickt auf eine lange Geschichte zur\u00fcck, denn es wurde bereits von den alten <a href=\"https:\/\/de.wikipedia.org\/wiki\/Ligurer\" target=\"_blank\" rel=\"noopener\">Ligurern<\/a> bewohnt und sp\u00e4ter von den R\u00f6mern erobert. Die strategische Lage der Region machte sie zu einem Zentrum des Seehandels, insbesondere w\u00e4hrend der Zeit der mittelalterlichen <a href=\"https:\/\/de.wikipedia.org\/wiki\/Seerepubliken\" target=\"_blank\" rel=\"noopener\">Seerepubliken<\/a>, als sie mit Venedig und Amalfi in Bezug auf Seemacht und Einfluss konkurrierte.<\/p><p>In Ligurien finden das ganze Jahr \u00fcber zahlreiche Kulturfestivals statt, wie z. B. die Internationale Bootsmesse in Genua, das Festival der klassischen Musik in Portofino und die Festa della Madonna della Guardia in Genua. Diese Feste stellen die Kunst, die Musik und die Traditionen der Region in den Vordergrund.<\/p><p>Hier finden wir eine tief verwurzelte kulturelle und kulinarische Tradition. Genua war einst eine bedeutende Seerepublik, deren Geschichte sich in der Architektur und Kunst widerspiegelt. Die Region ist auch f\u00fcr ihre Beitr\u00e4ge zur italienischen K\u00fcche bekannt, insbesondere f\u00fcr die ber\u00fchmte Pesto-Sauce, die aus Basilikum, Knoblauch, Pinienkernen, Oliven\u00f6l und Parmesan hergestellt wird.<\/p><p>Die regionale K\u00fcche basiert auf frischen Meeresfr\u00fcchten, Oliven\u00f6l und lokalen Produkten. Neben Pesto ist die Region bekannt f\u00fcr Gerichte wie Focaccia (eine Art Fladenbrot), Trofie (eine Art Pasta, die oft mit Pesto serviert wird) und Sciacchetr\u00e0 (ein ber\u00fchmter Dessertwein aus Cinque Terre).<\/p><p>Zu den verschiedenen Spezialit\u00e4ten der Region geh\u00f6ren die Taggiasca-Oliven, kleine, dunkle Oliven, die wegen ihres reichen Geschmacks gesch\u00e4tzt werden. In der Region werden einige der besten Oliven\u00f6le Italiens hergestellt, und sie sind ein wichtiger Bestandteil der lokalen Wirtschaft und K\u00fcche.<\/p><p>Kurz gesagt, Ligurien bietet eine Mischung aus nat\u00fcrlicher Sch\u00f6nheit, reicher Geschichte und kulinarischen K\u00f6stlichkeiten, die es zu einer der faszinierendsten Regionen Italiens machen. Worauf warten Sie also noch? <a href=\"https:\/\/housesaleitaly.com\/de\/ueber-uns\/\" target=\"_blank\" rel=\"noopener\">Wir<\/a> laden Sie ein, die Region Ligurien so bald wie m\u00f6glich zu besuchen und sich selbst ein Urteil zu bilden!<\/p>\t\t\t\t\t\t\t\t<\/div>\n\t\t\t\t<\/div>\n\t\t\t\t\t<\/div>\n\t\t<\/div>\n\t\t\t\t\t<\/div>\n\t\t<\/section>\n\t\t\t\t<\/div>\n\t\t","protected":false},"excerpt":{"rendered":"<p>\u00dcBER LIGURIEN Die Region Ligurien ist wirklich ein besonderer Ort. F\u00fcr diejenigen, die noch nie von ihr geh\u00f6rt haben, sie liegt in Norditalien. Sie erstreckt sich 280 Kilometer entlang der Nordwestk\u00fcste zwischen der Region Toskana und Frankreich. Dieses Gebiet genie\u00dft ein besonders g\u00fcnstiges Mikroklima dank der Wirkung des Meeres, das die Temperaturen mildert. Obwohl es in Norditalien liegt, gibt es hier nie Nebel und die Temperatur f\u00e4llt normalerweise nicht unter 8 Grad Celsius. Au\u00dferdem ist es in Ligurien selbst in den k\u00e4ltesten Monaten nicht ungew\u00f6hnlich, dass es tags\u00fcber 20 Grad Celsius hat. Das macht es m\u00f6glich, auch im Januar oder Februar im T-Shirt herumzulaufen. In der Tat hat die Provinz Imperia das beste Klima Italiens. Das berichten verschiedene Quellen, darunter der Wettervorhersagedienst iLMeteo.it und die historische Tageszeitung Il corriere della sera. Diese Behauptung beruht auf der Analyse von 380 Millionen Wetterdaten, die sich auf 108 italienische St\u00e4dte beziehen. Die besonders g\u00fcnstigen klimatischen Bedingungen in diesem Teil Liguriens ziehen auch viele Rentner aus der ganzen Welt an, die sich wegen der hohen Lebensqualit\u00e4t hier niederlassen. Dank dieses hervorragenden Klimas wachsen in Ligurien nicht-endemische exotische Pflanzen, die typisch f\u00fcr warme L\u00e4nder sind. Wir finden hier zum Beispiel Eukalyptus, Agave, Aloe, Yucca, Dracena Draco, Catctus Opuntia, Jacaranda und viele andere. Es ist kein Zufall, dass der englische Reisende Sir Thomas Hanbury hier einen der ber\u00fchmtesten Akklimatisierungsg\u00e4rten Europas angelegt hat. Er sammelte botanische Arten aus der ganzen Welt und pflanzte sie auf dem Gel\u00e4nde neben seiner Villa in Ventimiglia. Der Tourismus in Ligurien hat eine lange Geschichte, die bis ins Jahr 1800 zur\u00fcckreicht. Fr\u00fcher kamen die Menschen in den Wintermonaten hierher, um der K\u00e4lte zu entkommen. Am Anfang waren es vor allem englische Touristen. Dann gab es nach dem Aufenthalt der Zarin Maria Alexandrowna in Sanremo auch einen Zustrom von Touristen aus Russland. Die russische Adelige, Ehefrau von Kaiser Alexander II., hatte den Winter zwischen 1874 und 1875 hier verbracht und sich in die Stadt verliebt! Heutzutage besuchen Touristen aus der ganzen Welt Ligurien. Dies wird auch durch die N\u00e4he des internationalen Flughafens von Nizza an der sch\u00f6nen C\u00f4te d&#8217;Azur beg\u00fcnstigt, der nur eine Autostunde entfernt ist. Au\u00dferdem kommen Kreuzfahrtschiffe aus aller Welt in den H\u00e4fen von Genua, Savona und La Spezia an. Die Region Ligurien ist ein einzigartiger Ort. Hier enden die Alpen nahe am Meer und schaffen atemberaubende Landschaften. Das ausgezeichnete Klima erm\u00f6glicht viele Aktivit\u00e4ten im Freien, vom Skifahren in den Alpen im Winter bis hin zu Wassersportarten wie Bootfahren oder Kajakfahren das ganze Jahr \u00fcber. Ganz zu schweigen vom Radfahren, dem K\u00f6nig der Sportarten in dieser Gegend, dank eines 29 km langen Radweges von Ospedaletti nach Imperia. Wer das Gl\u00fcck hat, in dieser Gegend zu leben, kann also das Meer und die Berge genie\u00dfen. Dieses Gebiet blickt auf eine lange Geschichte zur\u00fcck, denn es wurde bereits von den alten Ligurern bewohnt und sp\u00e4ter von den R\u00f6mern erobert. Die strategische Lage der Region machte sie zu einem Zentrum des Seehandels, insbesondere w\u00e4hrend der Zeit der mittelalterlichen Seerepubliken, als sie mit Venedig und Amalfi in Bezug auf Seemacht und Einfluss konkurrierte. In Ligurien finden das ganze Jahr \u00fcber zahlreiche Kulturfestivals statt, wie z. B. die Internationale Bootsmesse in Genua, das Festival der klassischen Musik in Portofino und die Festa della Madonna della Guardia in Genua. Diese Feste stellen die Kunst, die Musik und die Traditionen der Region in den Vordergrund. Hier finden wir eine tief verwurzelte kulturelle und kulinarische Tradition. Genua war einst eine bedeutende Seerepublik, deren Geschichte sich in der Architektur und Kunst widerspiegelt. Die Region ist auch f\u00fcr ihre Beitr\u00e4ge zur italienischen K\u00fcche bekannt, insbesondere f\u00fcr die ber\u00fchmte Pesto-Sauce, die aus Basilikum, Knoblauch, Pinienkernen, Oliven\u00f6l und Parmesan hergestellt wird. Die regionale K\u00fcche basiert auf frischen Meeresfr\u00fcchten, Oliven\u00f6l und lokalen Produkten. Neben Pesto ist die Region bekannt f\u00fcr Gerichte wie Focaccia (eine Art Fladenbrot), Trofie (eine Art Pasta, die oft mit Pesto serviert wird) und Sciacchetr\u00e0 (ein ber\u00fchmter Dessertwein aus Cinque Terre). Zu den verschiedenen Spezialit\u00e4ten der Region geh\u00f6ren die Taggiasca-Oliven, kleine, dunkle Oliven, die wegen ihres reichen Geschmacks gesch\u00e4tzt werden. In der Region werden einige der besten Oliven\u00f6le Italiens hergestellt, und sie sind ein wichtiger Bestandteil der lokalen Wirtschaft und K\u00fcche. Kurz gesagt, Ligurien bietet eine Mischung aus nat\u00fcrlicher Sch\u00f6nheit, reicher Geschichte und kulinarischen K\u00f6stlichkeiten, die es zu einer der faszinierendsten Regionen Italiens machen. Worauf warten Sie also noch? Wir laden Sie ein, die Region Ligurien so bald wie m\u00f6glich zu besuchen und sich selbst ein Urteil zu bilden!<\/p>\n","protected":false},"author":1,"featured_media":0,"parent":0,"menu_order":0,"comment_status":"closed","ping_status":"closed","template":"elementor_header_footer","meta":{"footnotes":""},"class_list":["post-19814","page","type-page","status-publish","hentry"],"_links":{"self":[{"href":"https:\/\/housesaleitaly.com\/de\/wp-json\/wp\/v2\/pages\/19814","targetHints":{"allow":["GET"]}}],"collection":[{"href":"https:\/\/housesaleitaly.com\/de\/wp-json\/wp\/v2\/pages"}],"about":[{"href":"https:\/\/housesaleitaly.com\/de\/wp-json\/wp\/v2\/types\/page"}],"author":[{"embeddable":true,"href":"https:\/\/housesaleitaly.com\/de\/wp-json\/wp\/v2\/users\/1"}],"replies":[{"embeddable":true,"href":"https:\/\/housesaleitaly.com\/de\/wp-json\/wp\/v2\/comments?post=19814"}],"version-history":[{"count":3,"href":"https:\/\/housesaleitaly.com\/de\/wp-json\/wp\/v2\/pages\/19814\/revisions"}],"predecessor-version":[{"id":27699,"href":"https:\/\/housesaleitaly.com\/de\/wp-json\/wp\/v2\/pages\/19814\/revisions\/27699"}],"wp:attachment":[{"href":"https:\/\/housesaleitaly.com\/de\/wp-json\/wp\/v2\/media?parent=19814"}],"curies":[{"name":"wp","href":"https:\/\/api.w.org\/{rel}","templated":true}]}}