{"id":19805,"date":"2020-02-24T22:15:15","date_gmt":"2020-02-24T21:15:15","guid":{"rendered":"http:\/\/housesaleitaly.com\/ueber-uns\/"},"modified":"2026-02-11T13:17:33","modified_gmt":"2026-02-11T12:17:33","slug":"ueber-uns","status":"publish","type":"page","link":"https:\/\/housesaleitaly.com\/de\/ueber-uns\/","title":{"rendered":"\u00dcber uns"},"content":{"rendered":"\t\t<div data-elementor-type=\"wp-page\" data-elementor-id=\"19805\" class=\"elementor elementor-19805 elementor-16650\">\n\t\t\t\t\t\t<section class=\"elementor-section elementor-top-section elementor-element elementor-element-5b81e21 elementor-section-height-min-height animated-slow elementor-section-boxed elementor-section-height-default elementor-section-items-middle wpr-particle-no wpr-jarallax-no wpr-parallax-no wpr-sticky-section-no wpr-equal-height-no elementor-invisible\" data-id=\"5b81e21\" data-element_type=\"section\" data-e-type=\"section\" data-settings=\"{&quot;background_background&quot;:&quot;classic&quot;,&quot;animation&quot;:&quot;fadeIn&quot;}\">\n\t\t\t\t\t\t\t<div class=\"elementor-background-overlay\"><\/div>\n\t\t\t\t\t\t\t<div class=\"elementor-container elementor-column-gap-default\">\n\t\t\t\t\t<div class=\"elementor-column elementor-col-100 elementor-top-column elementor-element elementor-element-ad367f8\" data-id=\"ad367f8\" data-element_type=\"column\" data-e-type=\"column\">\n\t\t\t<div class=\"elementor-widget-wrap elementor-element-populated\">\n\t\t\t\t\t\t<div class=\"elementor-element elementor-element-0e7939f elementor-widget elementor-widget-heading\" data-id=\"0e7939f\" data-element_type=\"widget\" data-e-type=\"widget\" data-widget_type=\"heading.default\">\n\t\t\t\t<div class=\"elementor-widget-container\">\n\t\t\t\t\t<h1 class=\"elementor-heading-title elementor-size-default\">\u00dcBER UNS<\/h1>\t\t\t\t<\/div>\n\t\t\t\t<\/div>\n\t\t\t\t\t<\/div>\n\t\t<\/div>\n\t\t\t\t\t<\/div>\n\t\t<\/section>\n\t\t\t\t<section class=\"elementor-section elementor-top-section elementor-element elementor-element-09038dc elementor-section-boxed elementor-section-height-default elementor-section-height-default wpr-particle-no wpr-jarallax-no wpr-parallax-no wpr-sticky-section-no wpr-equal-height-no\" data-id=\"09038dc\" data-element_type=\"section\" data-e-type=\"section\" data-settings=\"{&quot;background_background&quot;:&quot;classic&quot;}\">\n\t\t\t\t\t\t<div class=\"elementor-container elementor-column-gap-default\">\n\t\t\t\t\t<div class=\"elementor-column elementor-col-100 elementor-top-column elementor-element elementor-element-c8278ac\" data-id=\"c8278ac\" data-element_type=\"column\" data-e-type=\"column\">\n\t\t\t<div class=\"elementor-widget-wrap elementor-element-populated\">\n\t\t\t\t\t\t<div class=\"elementor-element elementor-element-3271868 elementor-widget elementor-widget-spacer\" data-id=\"3271868\" data-element_type=\"widget\" data-e-type=\"widget\" data-widget_type=\"spacer.default\">\n\t\t\t\t<div class=\"elementor-widget-container\">\n\t\t\t\t\t\t\t<div class=\"elementor-spacer\">\n\t\t\t<div class=\"elementor-spacer-inner\"><\/div>\n\t\t<\/div>\n\t\t\t\t\t\t<\/div>\n\t\t\t\t<\/div>\n\t\t\t\t<div class=\"elementor-element elementor-element-e7372b6 animated-slow elementor-invisible elementor-widget elementor-widget-houzez_elementor_section_title\" data-id=\"e7372b6\" data-element_type=\"widget\" data-e-type=\"widget\" data-settings=\"{&quot;_animation&quot;:&quot;fadeIn&quot;}\" data-widget_type=\"houzez_elementor_section_title.default\">\n\t\t\t\t<div class=\"elementor-widget-container\">\n\t\t\t\t\t            <div class=\"houzez_section_title_wrap section-title-module\">\n                                    <h2 class=\"houzez_section_title\">General Manager <\/h2>\n                \n                            <\/div>\n            \t\t\t\t<\/div>\n\t\t\t\t<\/div>\n\t\t\t\t<div class=\"elementor-element elementor-element-997c02a elementor-widget elementor-widget-image\" data-id=\"997c02a\" data-element_type=\"widget\" data-e-type=\"widget\" data-widget_type=\"image.default\">\n\t\t\t\t<div class=\"elementor-widget-container\">\n\t\t\t\t\t\t\t\t\t\t\t\t\t\t\t<img fetchpriority=\"high\" decoding=\"async\" width=\"1024\" height=\"591\" src=\"https:\/\/housesaleitaly.com\/wp-content\/uploads\/2026\/02\/us.jpg\" class=\"attachment-large size-large wp-image-27547\" alt=\"\" srcset=\"https:\/\/housesaleitaly.com\/wp-content\/uploads\/2026\/02\/us.jpg 1920w, https:\/\/housesaleitaly.com\/wp-content\/uploads\/2026\/02\/us-1536x886.jpg 1536w\" sizes=\"(max-width: 1024px) 100vw, 1024px\" \/>\t\t\t\t\t\t\t\t\t\t\t\t\t\t\t<\/div>\n\t\t\t\t<\/div>\n\t\t\t\t<div class=\"elementor-element elementor-element-69fe9b8 elementor-widget elementor-widget-text-editor\" data-id=\"69fe9b8\" data-element_type=\"widget\" data-e-type=\"widget\" data-widget_type=\"text-editor.default\">\n\t\t\t\t<div class=\"elementor-widget-container\">\n\t\t\t\t\t\t\t\t\t<p>Mein Name ist Mario Rossi und ich bin der Gesch\u00e4ftsf\u00fchrer dieser Immobilienagentur. Ich m\u00f6chte Ihre Vertrauensperson sein, wenn Sie ein Haus in Italien kaufen.<\/p><p>Ich bin vor allem in der Region Ligurien in der Provinz Imperia t\u00e4tig, die ich sehr gut kenne.<br \/>Ich arbeite mit anderen renommierten Agenturen in der Region zusammen und kann f\u00fcr Sie eine Immobilie suchen, die Ihren Bed\u00fcrfnissen entspricht.<\/p><p>Ich wurde 1983 in Italien geboren und habe in mehreren L\u00e4ndern gelebt, darunter in den Vereinigten Staaten, Australien, England, Deutschland und Spanien.<br \/>Ich spreche flie\u00dfend Englisch, Deutsch, Spanisch und nat\u00fcrlich meine Muttersprache Italienisch.<br \/>Ich verstehe Franz\u00f6sisch recht gut, da ich oft an der sch\u00f6nen C\u00f4te d&#8217;Azur bin.<\/p><p>Ich bin regelm\u00e4\u00dfig als Immobilienmakler in der Provinz Imperia zugelassen.<br \/>Z\u00f6gern Sie nicht, mich zu kontaktieren, ich helfe Ihnen gerne bei Ihrer Suche!<\/p><p>Direkter Kontakt:<\/p><p>&#8230;&#8230;..@housesaleitaly.com<\/p><p>+39 &#8230;.. &#8230;&#8230; &#8230;&#8230;<\/p>\t\t\t\t\t\t\t\t<\/div>\n\t\t\t\t<\/div>\n\t\t\t\t\t<\/div>\n\t\t<\/div>\n\t\t\t\t\t<\/div>\n\t\t<\/section>\n\t\t\t\t<\/div>\n\t\t","protected":false},"excerpt":{"rendered":"<p>\u00dcBER UNS General Manager Mein Name ist Mario Rossi und ich bin der Gesch\u00e4ftsf\u00fchrer dieser Immobilienagentur. Ich m\u00f6chte Ihre Vertrauensperson sein, wenn Sie ein Haus in Italien kaufen. Ich bin vor allem in der Region Ligurien in der Provinz Imperia t\u00e4tig, die ich sehr gut kenne.Ich arbeite mit anderen renommierten Agenturen in der Region zusammen und kann f\u00fcr Sie eine Immobilie suchen, die Ihren Bed\u00fcrfnissen entspricht. Ich wurde 1983 in Italien geboren und habe in mehreren L\u00e4ndern gelebt, darunter in den Vereinigten Staaten, Australien, England, Deutschland und Spanien.Ich spreche flie\u00dfend Englisch, Deutsch, Spanisch und nat\u00fcrlich meine Muttersprache Italienisch.Ich verstehe Franz\u00f6sisch recht gut, da ich oft an der sch\u00f6nen C\u00f4te d&#8217;Azur bin. Ich bin regelm\u00e4\u00dfig als Immobilienmakler in der Provinz Imperia zugelassen.Z\u00f6gern Sie nicht, mich zu kontaktieren, ich helfe Ihnen gerne bei Ihrer Suche! Direkter Kontakt: &#8230;&#8230;..@housesaleitaly.com +39 &#8230;.. &#8230;&#8230; &#8230;&#8230;<\/p>\n","protected":false},"author":1,"featured_media":0,"parent":0,"menu_order":0,"comment_status":"closed","ping_status":"closed","template":"template\/template-homepage.php","meta":{"footnotes":""},"class_list":["post-19805","page","type-page","status-publish","hentry"],"_links":{"self":[{"href":"https:\/\/housesaleitaly.com\/de\/wp-json\/wp\/v2\/pages\/19805","targetHints":{"allow":["GET"]}}],"collection":[{"href":"https:\/\/housesaleitaly.com\/de\/wp-json\/wp\/v2\/pages"}],"about":[{"href":"https:\/\/housesaleitaly.com\/de\/wp-json\/wp\/v2\/types\/page"}],"author":[{"embeddable":true,"href":"https:\/\/housesaleitaly.com\/de\/wp-json\/wp\/v2\/users\/1"}],"replies":[{"embeddable":true,"href":"https:\/\/housesaleitaly.com\/de\/wp-json\/wp\/v2\/comments?post=19805"}],"version-history":[{"count":3,"href":"https:\/\/housesaleitaly.com\/de\/wp-json\/wp\/v2\/pages\/19805\/revisions"}],"predecessor-version":[{"id":27558,"href":"https:\/\/housesaleitaly.com\/de\/wp-json\/wp\/v2\/pages\/19805\/revisions\/27558"}],"wp:attachment":[{"href":"https:\/\/housesaleitaly.com\/de\/wp-json\/wp\/v2\/media?parent=19805"}],"curies":[{"name":"wp","href":"https:\/\/api.w.org\/{rel}","templated":true}]}}