{"id":19780,"date":"2024-07-24T12:16:06","date_gmt":"2024-07-24T10:16:06","guid":{"rendered":"http:\/\/housesaleitaly.com\/impressum\/"},"modified":"2026-02-12T16:00:59","modified_gmt":"2026-02-12T15:00:59","slug":"impressum","status":"publish","type":"page","link":"https:\/\/housesaleitaly.com\/de\/impressum\/","title":{"rendered":"Impressum"},"content":{"rendered":"\t\t<div data-elementor-type=\"wp-page\" data-elementor-id=\"19780\" class=\"elementor elementor-19780 elementor-18967\">\n\t\t\t\t<div class=\"elementor-element elementor-element-b5b7497 e-con-full e-flex wpr-particle-no wpr-jarallax-no wpr-parallax-no wpr-sticky-section-no wpr-equal-height-no e-con e-parent\" data-id=\"b5b7497\" data-element_type=\"container\" data-e-type=\"container\">\n\t\t\t\t<div class=\"elementor-element elementor-element-557b42b elementor-widget elementor-widget-heading\" data-id=\"557b42b\" data-element_type=\"widget\" data-e-type=\"widget\" data-widget_type=\"heading.default\">\n\t\t\t\t<div class=\"elementor-widget-container\">\n\t\t\t\t\t<h2 class=\"elementor-heading-title elementor-size-default\">IMPRESSUM<\/h2>\t\t\t\t<\/div>\n\t\t\t\t<\/div>\n\t\t\t\t<div class=\"elementor-element elementor-element-89d09fc elementor-widget elementor-widget-text-editor\" data-id=\"89d09fc\" data-element_type=\"widget\" data-e-type=\"widget\" data-widget_type=\"text-editor.default\">\n\t\t\t\t<div class=\"elementor-widget-container\">\n\t\t\t\t\t\t\t\t\t<p><strong>ZWECK<\/strong><\/p><p>Diese rechtlichen Bedingungen werden von REAL ESTATE festgelegt, um die Kriterien und Bedingungen f\u00fcr die Nutzung der Webseite www.housesaleitaly.com zu bestimmen.<\/p><p><strong>Informationen zum Eigent\u00fcmer:<\/strong><\/p><p>In \u00dcbereinstimmung mit dem italienischen Gesetz Decreto Legislativo n.<br \/>196\/2003 und Artikel 13 der EU-Verordnung 2016\/679 stellen wir Ihnen die Informationen des Eigent\u00fcmers dieser Webseite zur Verf\u00fcgung.<\/p><p><strong>Identifizierung und Kontakt:<\/strong><\/p><p>Name des Unternehmens: &#8230;&#8230;&#8230;.<\/p><p>Mehrwertsteuer-Nummer: &#8230;&#8230;&#8230;.<\/p><p>Handelsname: &#8230;&#8230;&#8230;.<\/p><p>Adresse: &#8230;&#8230;&#8230;.<\/p><p>PEC (zertifizierte E-Mail): &#8230;&#8230;&#8230;.<\/p><p><strong>Weitere Kontaktinformationen:<\/strong><\/p><p>E-Mail: &#8230;&#8230;&#8230;.<\/p><p>Telefonische Nummer: &#8230;&#8230;&#8230;.<\/p><p>Durch das Surfen auf dieser Website erwerben die Browser den Zustand der Benutzer.<br \/>Die Benutzer akzeptieren die festgelegten Nutzungsbedingungen.<br \/>REAL ESTATE beh\u00e4lt sich das Recht vor, die Nutzungsbedingungen jederzeit zu \u00e4ndern und technische oder visuelle Verbesserungen vorzunehmen.<br \/>Wenn solche \u00c4nderungen die Privatsph\u00e4re der Nutzer betreffen, werden die Nutzer im Voraus \u00fcber das Inkrafttreten der \u00c4nderungen informiert.<\/p><p>In \u00dcbereinstimmung mit dem italienischen Gesetz Decreto Legislativo n.<br \/>196\/2003 und der EU-Verordnung 2016\/679 m\u00fcssen Sie alle Pflichtfelder ausf\u00fcllen, damit wir Ihre Anfragen beantworten k\u00f6nnen.<br \/>Die Daten werden nicht an Dritte weitergegeben, es sei denn, es besteht eine gesetzliche Verpflichtung dazu oder sie sind notwendig, um Ihre Anfrage zu erf\u00fcllen.<br \/>Wenn Ihre Daten ge\u00e4ndert oder modifiziert werden, m\u00fcssen Sie uns dies mitteilen.<br \/>Sie k\u00f6nnen Ihre Rechte auf Zugang, Berichtigung, L\u00f6schung, Einschr\u00e4nkung, Widerspruch und \u00dcbertragbarkeit aus\u00fcben, indem Sie an die unten stehende Adresse schreiben:<\/p><p>&#8230;&#8230;&#8230;.<\/p><p><strong>LINK-POLITIK<\/strong><\/p><p>Diese Website enth\u00e4lt Links zu Webseiten Dritter, um den Nutzern Zugang zu einer Vielzahl von sozialen Netzwerken und Internetplattformen zu erm\u00f6glichen.<br \/>REAL ESTATE ist nicht verantwortlich f\u00fcr die Inhalte, Angebote, Produkte oder Dienstleistungen, die diese Webseiten enthalten.<\/p><p><strong>ANWENDBARES RECHT<\/strong><\/p><p>Alle Angelegenheiten, die mit REAL ESTATE und den Nutzern in Verbindung stehen, unterliegen den geltenden nationalen Gesetzen, und alle Streitigkeiten werden vor dem Gericht von &#8230;&#8230;&#8230;. entschieden.<\/p>\t\t\t\t\t\t\t\t<\/div>\n\t\t\t\t<\/div>\n\t\t\t\t<\/div>\n\t\t\t\t<\/div>\n\t\t","protected":false},"excerpt":{"rendered":"<p>IMPRESSUM ZWECK Diese rechtlichen Bedingungen werden von REAL ESTATE festgelegt, um die Kriterien und Bedingungen f\u00fcr die Nutzung der Webseite www.housesaleitaly.com zu bestimmen. Informationen zum Eigent\u00fcmer: In \u00dcbereinstimmung mit dem italienischen Gesetz Decreto Legislativo n.196\/2003 und Artikel 13 der EU-Verordnung 2016\/679 stellen wir Ihnen die Informationen des Eigent\u00fcmers dieser Webseite zur Verf\u00fcgung. Identifizierung und Kontakt: Name des Unternehmens: &#8230;&#8230;&#8230;. Mehrwertsteuer-Nummer: &#8230;&#8230;&#8230;. Handelsname: &#8230;&#8230;&#8230;. Adresse: &#8230;&#8230;&#8230;. PEC (zertifizierte E-Mail): &#8230;&#8230;&#8230;. Weitere Kontaktinformationen: E-Mail: &#8230;&#8230;&#8230;. Telefonische Nummer: &#8230;&#8230;&#8230;. Durch das Surfen auf dieser Website erwerben die Browser den Zustand der Benutzer.Die Benutzer akzeptieren die festgelegten Nutzungsbedingungen.REAL ESTATE beh\u00e4lt sich das Recht vor, die Nutzungsbedingungen jederzeit zu \u00e4ndern und technische oder visuelle Verbesserungen vorzunehmen.Wenn solche \u00c4nderungen die Privatsph\u00e4re der Nutzer betreffen, werden die Nutzer im Voraus \u00fcber das Inkrafttreten der \u00c4nderungen informiert. In \u00dcbereinstimmung mit dem italienischen Gesetz Decreto Legislativo n.196\/2003 und der EU-Verordnung 2016\/679 m\u00fcssen Sie alle Pflichtfelder ausf\u00fcllen, damit wir Ihre Anfragen beantworten k\u00f6nnen.Die Daten werden nicht an Dritte weitergegeben, es sei denn, es besteht eine gesetzliche Verpflichtung dazu oder sie sind notwendig, um Ihre Anfrage zu erf\u00fcllen.Wenn Ihre Daten ge\u00e4ndert oder modifiziert werden, m\u00fcssen Sie uns dies mitteilen.Sie k\u00f6nnen Ihre Rechte auf Zugang, Berichtigung, L\u00f6schung, Einschr\u00e4nkung, Widerspruch und \u00dcbertragbarkeit aus\u00fcben, indem Sie an die unten stehende Adresse schreiben: &#8230;&#8230;&#8230;. LINK-POLITIK Diese Website enth\u00e4lt Links zu Webseiten Dritter, um den Nutzern Zugang zu einer Vielzahl von sozialen Netzwerken und Internetplattformen zu erm\u00f6glichen.REAL ESTATE ist nicht verantwortlich f\u00fcr die Inhalte, Angebote, Produkte oder Dienstleistungen, die diese Webseiten enthalten. ANWENDBARES RECHT Alle Angelegenheiten, die mit REAL ESTATE und den Nutzern in Verbindung stehen, unterliegen den geltenden nationalen Gesetzen, und alle Streitigkeiten werden vor dem Gericht von &#8230;&#8230;&#8230;. entschieden.<\/p>\n","protected":false},"author":1,"featured_media":0,"parent":0,"menu_order":0,"comment_status":"closed","ping_status":"closed","template":"elementor_header_footer","meta":{"footnotes":""},"class_list":["post-19780","page","type-page","status-publish","hentry"],"_links":{"self":[{"href":"https:\/\/housesaleitaly.com\/de\/wp-json\/wp\/v2\/pages\/19780","targetHints":{"allow":["GET"]}}],"collection":[{"href":"https:\/\/housesaleitaly.com\/de\/wp-json\/wp\/v2\/pages"}],"about":[{"href":"https:\/\/housesaleitaly.com\/de\/wp-json\/wp\/v2\/types\/page"}],"author":[{"embeddable":true,"href":"https:\/\/housesaleitaly.com\/de\/wp-json\/wp\/v2\/users\/1"}],"replies":[{"embeddable":true,"href":"https:\/\/housesaleitaly.com\/de\/wp-json\/wp\/v2\/comments?post=19780"}],"version-history":[{"count":3,"href":"https:\/\/housesaleitaly.com\/de\/wp-json\/wp\/v2\/pages\/19780\/revisions"}],"predecessor-version":[{"id":27659,"href":"https:\/\/housesaleitaly.com\/de\/wp-json\/wp\/v2\/pages\/19780\/revisions\/27659"}],"wp:attachment":[{"href":"https:\/\/housesaleitaly.com\/de\/wp-json\/wp\/v2\/media?parent=19780"}],"curies":[{"name":"wp","href":"https:\/\/api.w.org\/{rel}","templated":true}]}}