{"id":19762,"date":"2016-03-10T18:52:12","date_gmt":"2016-03-10T17:52:12","guid":{"rendered":"http:\/\/housesaleitaly.com\/datenschutzrichtlinie\/"},"modified":"2026-02-12T15:23:12","modified_gmt":"2026-02-12T14:23:12","slug":"datenschutzrichtlinie","status":"publish","type":"page","link":"https:\/\/housesaleitaly.com\/de\/datenschutzrichtlinie\/","title":{"rendered":"Datenschutzrichtlinie"},"content":{"rendered":"\t\t<div data-elementor-type=\"wp-page\" data-elementor-id=\"19762\" class=\"elementor elementor-19762 elementor-748\">\n\t\t\t\t<div class=\"elementor-element elementor-element-5396505b e-con-full e-flex wpr-particle-no wpr-jarallax-no wpr-parallax-no wpr-sticky-section-no wpr-equal-height-no e-con e-parent\" data-id=\"5396505b\" data-element_type=\"container\" data-e-type=\"container\">\n\t\t\t\t<div class=\"elementor-element elementor-element-df1c166 elementor-widget elementor-widget-heading\" data-id=\"df1c166\" data-element_type=\"widget\" data-e-type=\"widget\" data-widget_type=\"heading.default\">\n\t\t\t\t<div class=\"elementor-widget-container\">\n\t\t\t\t\t<h2 class=\"elementor-heading-title elementor-size-default\">DATENSCHUTZRICHTLINIE<\/h2>\t\t\t\t<\/div>\n\t\t\t\t<\/div>\n\t\t\t\t<div class=\"elementor-element elementor-element-1fceb30e elementor-widget elementor-widget-text-editor\" data-id=\"1fceb30e\" data-element_type=\"widget\" data-e-type=\"widget\" data-widget_type=\"text-editor.default\">\n\t\t\t\t<div class=\"elementor-widget-container\">\n\t\t\t\t\t\t\t\t\t<p>In \u00dcbereinstimmung mit dem italienischen Gesetz Decreto Legislativo n.<br \/>196\/2003 und Artikel 13 der EU-Verordnung 2016\/679 stellen wir Ihnen die folgenden Informationen zur Verf\u00fcgung:<\/p><p><strong>GRUNDLEGENDE INFORMATIONEN ZUM DATENSCHUTZ<\/strong><\/p><p><strong>Verantwortliche Partei: &#8230;&#8230;&#8230;.<\/strong><\/p><p><strong>Zweck: <\/strong>Beantwortung von Anfragen, die \u00fcber die Website gesendet werden, Verwaltung der \u00dcbermittlung von Informationen.<br \/>Verwaltung der \u00fcber unseren Online-Shop in Auftrag gegebenen Dienstleistungen.<\/p><p><strong>Legitimation: <\/strong>Zustimmung der interessierten Partei.<br \/>Zustandekommen des vorvertraglichen\/vertraglichen Verh\u00e4ltnisses.<\/p><p><strong>Empf\u00e4ngern: <\/strong>Diese Daten werden nicht an Dritte weitergegeben, es sei denn, es besteht eine gesetzliche Verpflichtung dazu oder sie sind notwendig, um Ihre Anfrage zu bearbeiten.<\/p><p><strong>Rechte: <\/strong>Sie k\u00f6nnen Ihre Rechte auf Auskunft, Berichtigung, L\u00f6schung, Widerspruch, Einschr\u00e4nkung der Verarbeitung und Daten\u00fcbertragbarkeit aus\u00fcben.<\/p><p><strong>WER WIRD MEINE DATEN BEHANDELN?<\/strong><\/p><p>Die f\u00fcr die Behandlung Ihrer Daten verantwortliche Stelle ist<\/p><p>Name des Unternehmens: &#8230;&#8230;&#8230;.<\/p><p>Mehrwertsteuer-Nummer: &#8230;&#8230;&#8230;.<\/p><p>Handelsname: &#8230;&#8230;&#8230;.<\/p><p>Adresse: &#8230;&#8230;&#8230;.<\/p><p>PEC (zertifizierte E-Mail): &#8230;&#8230;&#8230;.<\/p><p>Weitere Kontaktinformationen:<\/p><p>E-Mail: &#8230;&#8230;&#8230;.<\/p><p>Telefonische Nummer: &#8230;&#8230;&#8230;.<\/p><p><strong>WAS IST DER ZWECK UND DIE RECHTSGRUNDLAGE DER DATENVERARBEITUNG?<\/strong><\/p><p>REAL ESTATE verarbeitet die von den betroffenen Personen \u00fcbermittelten Daten, um ihre Anfragen nach Informationen und Dienstleistungen, die sie mit diesem Unternehmen verbinden, zu verwalten und um ihnen Produkt- und Dienstleistungsangebote zukommen zu lassen.<\/p><p>Die Rechtsgrundlage f\u00fcr die Verarbeitung Ihrer Daten ist Ihre Zustimmung, die Sie geben k\u00f6nnen, indem Sie die Datenschutzbestimmungen von REAL ESTATE auf unserer Webseite akzeptieren.<\/p><p>Denken Sie daran, dass wir, wenn wir Sie bitten, Ihre pers\u00f6nlichen Daten einzugeben, um Ihnen Zugang zu einer Funktion oder einem Dienst in unseren Formularen zu gew\u00e4hren, einige Felder als obligatorisch kennzeichnen, da es sich um Daten handelt, die wir ben\u00f6tigen, um den Dienst bereitstellen oder Ihnen Zugang zu der betreffenden Funktion gew\u00e4hren zu k\u00f6nnen.<br \/>Bitte denken Sie daran, dass Sie, wenn Sie sich entscheiden, diese Informationen nicht anzugeben, Ihre Registrierung als Benutzer nicht abschlie\u00dfen k\u00f6nnen oder die Dienste nicht nutzen k\u00f6nnen.<\/p><p>Im Falle von Anfragen, die uns auf anderem Wege als \u00fcber unsere Web-Kontaktformulare erreichen, ist die Rechtsgrundlage f\u00fcr die Behandlung Ihrer Daten in diesem Fall die Herstellung des vorvertraglichen Verh\u00e4ltnisses.<br \/>Das hei\u00dft, wir verwalten Ihre Daten, um Ihre Anfragen nach Informationen und\/oder Dienstleistungen zu erf\u00fcllen.<\/p><p>Die von den Nutzern zur Verf\u00fcgung gestellten Daten werden f\u00fcr statistische Studien und Profilanalysen verwendet, um einen besseren Service \u00fcber unsere Website zu bieten, wof\u00fcr die Anwendung Google Analytics verwendet wird.<\/p><p>Weitere Informationen finden Sie in unserer Cookie-Richtlinie.<\/p><p><strong> WO WERDEN MEINE DATEN GESPEICHERT?<\/strong><\/p><p>&#8230;&#8230;&#8230;.<\/p><p>Tel: &#8230;&#8230;&#8230;.<\/p><p><strong>AN WEN WERDEN MEINE DATEN WEITERGEGEBEN?<\/strong><\/p><p>Um die in dieser Datenschutzerkl\u00e4rung genannten Zwecke zu erf\u00fcllen, ist es erforderlich, dass wir den folgenden Stellen, die uns bei den von uns angebotenen Dienstleistungen unterst\u00fctzen, Zugang zu Ihren pers\u00f6nlichen Daten gew\u00e4hren:<\/p><ul><li>Finanzinstitute; um die Bezahlung der vertraglich vereinbarten Dienstleistungen vorzunehmen.<\/li><li>Technologiedienstleister; Hosting und Webpflege.<\/li><\/ul><p>Abgesehen von den angegebenen Daten werden keine Daten weitergegeben, es sei denn, es besteht eine gesetzliche Verpflichtung dazu, oder es ist notwendig, um Anforderungen zu erf\u00fcllen, die direkt mit Ihrer Anfrage verbunden sind.<\/p><p><strong>WIE LANGE WERDEN SIE MEINE DATEN AUFBEWAHREN?<\/strong><\/p><p>Die \u00fcbermittelten pers\u00f6nlichen Daten werden w\u00e4hrend der gesamten Dauer Ihrer Beziehung zu diesem Unternehmen gespeichert, und zwar so lange, wie der Betroffene nicht ihre L\u00f6schung verlangt.<\/p><p><strong>WELCHE RECHTE HABE ICH, WENN ICH MEINE DATEN EINREICHE? <\/strong><strong>UND WOHIN SOLL ICH GEHEN, UM MEINE RECHTE GELTEND ZU MACHEN?<\/strong><\/p><p>Jede Person hat das Recht, eine Best\u00e4tigung dar\u00fcber zu erhalten, ob wir die sie betreffenden personenbezogenen Daten bei REAL ESTATE verarbeiten oder nicht.<br \/>Jede interessierte Person hat das Recht, auf ihre pers\u00f6nlichen Daten zuzugreifen und die \u00c4nderung unrichtiger Daten oder deren L\u00f6schung zu verlangen, wenn diese Daten, neben anderen Gr\u00fcnden, f\u00fcr den Zweck, f\u00fcr den sie erhoben wurden, nicht mehr erforderlich sind.<br \/>Unter bestimmten Umst\u00e4nden k\u00f6nnen Interessierte eine Einschr\u00e4nkung der Verarbeitung ihrer Daten verlangen. In diesem Fall werden wir die Daten nur f\u00fcr die Aus\u00fcbung oder Verteidigung von Rechtsanspr\u00fcchen aufbewahren.<\/p><p>Unter bestimmten Umst\u00e4nden und aus Gr\u00fcnden, die mit Ihrer besonderen Situation zusammenh\u00e4ngen, k\u00f6nnen Sie der Verarbeitung Ihrer Daten widersprechen, woraufhin REAL ESTATE die Verarbeitung dieser Daten einstellt, es sei denn, es liegen zwingende rechtliche Gr\u00fcnde vor oder sie dienen der Aus\u00fcbung oder Verteidigung m\u00f6glicher Rechtsanspr\u00fcche.<br \/>Um Ihre Rechte auszu\u00fcben, m\u00fcssen Sie eine Mitteilung und eine Kopie Ihres Personalausweises an folgende Adresse schicken:<\/p><p>&#8230;&#8230;&#8230;.<\/p><p>Der Nutzer kann seine Zustimmung jederzeit widerrufen, indem er an die folgende Adresse schreibt: &#8230;&#8230;&#8230;.<\/p><p>Au\u00dferdem werden Sie hiermit dar\u00fcber informiert, dass Sie berechtigt sind, bei der italienischen Kontrollbeh\u00f6rde eine Beschwerde einzureichen <a href=\"https:\/\/www.garanteprivacy.it\/home\" target=\"_blank\" rel=\"noopener\"><b>Garante per la Protezione dei Dati Personali<\/b><\/a>.<\/p>\t\t\t\t\t\t\t\t<\/div>\n\t\t\t\t<\/div>\n\t\t\t\t<\/div>\n\t\t\t\t<\/div>\n\t\t","protected":false},"excerpt":{"rendered":"<p>DATENSCHUTZRICHTLINIE In \u00dcbereinstimmung mit dem italienischen Gesetz Decreto Legislativo n.196\/2003 und Artikel 13 der EU-Verordnung 2016\/679 stellen wir Ihnen die folgenden Informationen zur Verf\u00fcgung: GRUNDLEGENDE INFORMATIONEN ZUM DATENSCHUTZ Verantwortliche Partei: &#8230;&#8230;&#8230;. Zweck: Beantwortung von Anfragen, die \u00fcber die Website gesendet werden, Verwaltung der \u00dcbermittlung von Informationen.Verwaltung der \u00fcber unseren Online-Shop in Auftrag gegebenen Dienstleistungen. Legitimation: Zustimmung der interessierten Partei.Zustandekommen des vorvertraglichen\/vertraglichen Verh\u00e4ltnisses. Empf\u00e4ngern: Diese Daten werden nicht an Dritte weitergegeben, es sei denn, es besteht eine gesetzliche Verpflichtung dazu oder sie sind notwendig, um Ihre Anfrage zu bearbeiten. Rechte: Sie k\u00f6nnen Ihre Rechte auf Auskunft, Berichtigung, L\u00f6schung, Widerspruch, Einschr\u00e4nkung der Verarbeitung und Daten\u00fcbertragbarkeit aus\u00fcben. WER WIRD MEINE DATEN BEHANDELN? Die f\u00fcr die Behandlung Ihrer Daten verantwortliche Stelle ist Name des Unternehmens: &#8230;&#8230;&#8230;. Mehrwertsteuer-Nummer: &#8230;&#8230;&#8230;. Handelsname: &#8230;&#8230;&#8230;. Adresse: &#8230;&#8230;&#8230;. PEC (zertifizierte E-Mail): &#8230;&#8230;&#8230;. Weitere Kontaktinformationen: E-Mail: &#8230;&#8230;&#8230;. Telefonische Nummer: &#8230;&#8230;&#8230;. WAS IST DER ZWECK UND DIE RECHTSGRUNDLAGE DER DATENVERARBEITUNG? REAL ESTATE verarbeitet die von den betroffenen Personen \u00fcbermittelten Daten, um ihre Anfragen nach Informationen und Dienstleistungen, die sie mit diesem Unternehmen verbinden, zu verwalten und um ihnen Produkt- und Dienstleistungsangebote zukommen zu lassen. Die Rechtsgrundlage f\u00fcr die Verarbeitung Ihrer Daten ist Ihre Zustimmung, die Sie geben k\u00f6nnen, indem Sie die Datenschutzbestimmungen von REAL ESTATE auf unserer Webseite akzeptieren. Denken Sie daran, dass wir, wenn wir Sie bitten, Ihre pers\u00f6nlichen Daten einzugeben, um Ihnen Zugang zu einer Funktion oder einem Dienst in unseren Formularen zu gew\u00e4hren, einige Felder als obligatorisch kennzeichnen, da es sich um Daten handelt, die wir ben\u00f6tigen, um den Dienst bereitstellen oder Ihnen Zugang zu der betreffenden Funktion gew\u00e4hren zu k\u00f6nnen.Bitte denken Sie daran, dass Sie, wenn Sie sich entscheiden, diese Informationen nicht anzugeben, Ihre Registrierung als Benutzer nicht abschlie\u00dfen k\u00f6nnen oder die Dienste nicht nutzen k\u00f6nnen. Im Falle von Anfragen, die uns auf anderem Wege als \u00fcber unsere Web-Kontaktformulare erreichen, ist die Rechtsgrundlage f\u00fcr die Behandlung Ihrer Daten in diesem Fall die Herstellung des vorvertraglichen Verh\u00e4ltnisses.Das hei\u00dft, wir verwalten Ihre Daten, um Ihre Anfragen nach Informationen und\/oder Dienstleistungen zu erf\u00fcllen. Die von den Nutzern zur Verf\u00fcgung gestellten Daten werden f\u00fcr statistische Studien und Profilanalysen verwendet, um einen besseren Service \u00fcber unsere Website zu bieten, wof\u00fcr die Anwendung Google Analytics verwendet wird. Weitere Informationen finden Sie in unserer Cookie-Richtlinie. WO WERDEN MEINE DATEN GESPEICHERT? &#8230;&#8230;&#8230;. Tel: &#8230;&#8230;&#8230;. AN WEN WERDEN MEINE DATEN WEITERGEGEBEN? Um die in dieser Datenschutzerkl\u00e4rung genannten Zwecke zu erf\u00fcllen, ist es erforderlich, dass wir den folgenden Stellen, die uns bei den von uns angebotenen Dienstleistungen unterst\u00fctzen, Zugang zu Ihren pers\u00f6nlichen Daten gew\u00e4hren: Finanzinstitute; um die Bezahlung der vertraglich vereinbarten Dienstleistungen vorzunehmen. Technologiedienstleister; Hosting und Webpflege. Abgesehen von den angegebenen Daten werden keine Daten weitergegeben, es sei denn, es besteht eine gesetzliche Verpflichtung dazu, oder es ist notwendig, um Anforderungen zu erf\u00fcllen, die direkt mit Ihrer Anfrage verbunden sind. WIE LANGE WERDEN SIE MEINE DATEN AUFBEWAHREN? Die \u00fcbermittelten pers\u00f6nlichen Daten werden w\u00e4hrend der gesamten Dauer Ihrer Beziehung zu diesem Unternehmen gespeichert, und zwar so lange, wie der Betroffene nicht ihre L\u00f6schung verlangt. WELCHE RECHTE HABE ICH, WENN ICH MEINE DATEN EINREICHE? UND WOHIN SOLL ICH GEHEN, UM MEINE RECHTE GELTEND ZU MACHEN? Jede Person hat das Recht, eine Best\u00e4tigung dar\u00fcber zu erhalten, ob wir die sie betreffenden personenbezogenen Daten bei REAL ESTATE verarbeiten oder nicht.Jede interessierte Person hat das Recht, auf ihre pers\u00f6nlichen Daten zuzugreifen und die \u00c4nderung unrichtiger Daten oder deren L\u00f6schung zu verlangen, wenn diese Daten, neben anderen Gr\u00fcnden, f\u00fcr den Zweck, f\u00fcr den sie erhoben wurden, nicht mehr erforderlich sind.Unter bestimmten Umst\u00e4nden k\u00f6nnen Interessierte eine Einschr\u00e4nkung der Verarbeitung ihrer Daten verlangen. In diesem Fall werden wir die Daten nur f\u00fcr die Aus\u00fcbung oder Verteidigung von Rechtsanspr\u00fcchen aufbewahren. Unter bestimmten Umst\u00e4nden und aus Gr\u00fcnden, die mit Ihrer besonderen Situation zusammenh\u00e4ngen, k\u00f6nnen Sie der Verarbeitung Ihrer Daten widersprechen, woraufhin REAL ESTATE die Verarbeitung dieser Daten einstellt, es sei denn, es liegen zwingende rechtliche Gr\u00fcnde vor oder sie dienen der Aus\u00fcbung oder Verteidigung m\u00f6glicher Rechtsanspr\u00fcche.Um Ihre Rechte auszu\u00fcben, m\u00fcssen Sie eine Mitteilung und eine Kopie Ihres Personalausweises an folgende Adresse schicken: &#8230;&#8230;&#8230;. Der Nutzer kann seine Zustimmung jederzeit widerrufen, indem er an die folgende Adresse schreibt: &#8230;&#8230;&#8230;. Au\u00dferdem werden Sie hiermit dar\u00fcber informiert, dass Sie berechtigt sind, bei der italienischen Kontrollbeh\u00f6rde eine Beschwerde einzureichen Garante per la Protezione dei Dati Personali.<\/p>\n","protected":false},"author":1,"featured_media":0,"parent":0,"menu_order":0,"comment_status":"closed","ping_status":"closed","template":"elementor_header_footer","meta":{"footnotes":""},"class_list":["post-19762","page","type-page","status-publish","hentry"],"_links":{"self":[{"href":"https:\/\/housesaleitaly.com\/de\/wp-json\/wp\/v2\/pages\/19762","targetHints":{"allow":["GET"]}}],"collection":[{"href":"https:\/\/housesaleitaly.com\/de\/wp-json\/wp\/v2\/pages"}],"about":[{"href":"https:\/\/housesaleitaly.com\/de\/wp-json\/wp\/v2\/types\/page"}],"author":[{"embeddable":true,"href":"https:\/\/housesaleitaly.com\/de\/wp-json\/wp\/v2\/users\/1"}],"replies":[{"embeddable":true,"href":"https:\/\/housesaleitaly.com\/de\/wp-json\/wp\/v2\/comments?post=19762"}],"version-history":[{"count":3,"href":"https:\/\/housesaleitaly.com\/de\/wp-json\/wp\/v2\/pages\/19762\/revisions"}],"predecessor-version":[{"id":27652,"href":"https:\/\/housesaleitaly.com\/de\/wp-json\/wp\/v2\/pages\/19762\/revisions\/27652"}],"wp:attachment":[{"href":"https:\/\/housesaleitaly.com\/de\/wp-json\/wp\/v2\/media?parent=19762"}],"curies":[{"name":"wp","href":"https:\/\/api.w.org\/{rel}","templated":true}]}}