{"id":19754,"date":"2024-07-30T17:34:04","date_gmt":"2024-07-30T15:34:04","guid":{"rendered":"http:\/\/housesaleitaly.com\/geschaeftsbedingungen\/"},"modified":"2026-02-12T15:04:51","modified_gmt":"2026-02-12T14:04:51","slug":"geschaeftsbedingungen","status":"publish","type":"page","link":"https:\/\/housesaleitaly.com\/de\/geschaeftsbedingungen\/","title":{"rendered":"Gesch\u00e4ftsbedingungen"},"content":{"rendered":"\t\t<div data-elementor-type=\"wp-page\" data-elementor-id=\"19754\" class=\"elementor elementor-19754 elementor-19089\">\n\t\t\t\t<div class=\"elementor-element elementor-element-50a1b99 e-con-full e-flex wpr-particle-no wpr-jarallax-no wpr-parallax-no wpr-sticky-section-no wpr-equal-height-no e-con e-parent\" data-id=\"50a1b99\" data-element_type=\"container\" data-e-type=\"container\">\n\t\t\t\t<div class=\"elementor-element elementor-element-6cdb380a elementor-widget elementor-widget-heading\" data-id=\"6cdb380a\" data-element_type=\"widget\" data-e-type=\"widget\" data-widget_type=\"heading.default\">\n\t\t\t\t<div class=\"elementor-widget-container\">\n\t\t\t\t\t<h2 class=\"elementor-heading-title elementor-size-default\">GESCH\u00c4FTSBEDINGUNGEN<\/h2>\t\t\t\t<\/div>\n\t\t\t\t<\/div>\n\t\t\t\t<div class=\"elementor-element elementor-element-694a3ba elementor-widget elementor-widget-text-editor\" data-id=\"694a3ba\" data-element_type=\"widget\" data-e-type=\"widget\" data-widget_type=\"text-editor.default\">\n\t\t\t\t<div class=\"elementor-widget-container\">\n\t\t\t\t\t\t\t\t\t<h3><strong>1. ANGABEN ZUM UNTERNEHMEN<\/strong><\/h3><p>In \u00dcbereinstimmung mit dem italienischen Gesetz Decreto Legislativo n. 196\/2003 und Artikel 13 der EU-Verordnung 2016\/679 wird der Nutzer dar\u00fcber informiert, dass das Eigentum an dieser Website bei<\/p><ul><li>GESCH\u00c4FTSNAME: &#8230;&#8230;&#8230;.<\/li><li>MEHRWERTSTEUER-NUMMER: &#8230;&#8230;&#8230;.<\/li><li>REA-NUMMER: &#8230;&#8230;&#8230;.<\/li><li>ADRESSE: &#8230;&#8230;&#8230;.<\/li><li>E-MAIL: &#8230;&#8230;&#8230;.<\/li><li>PEC (ZERTIFIZIERTE E-MAIL): &#8230;&#8230;&#8230;.<\/li><li>TELEFON: &#8230;&#8230;&#8230;.<\/li><\/ul><hr \/><p><strong>Die Website www.housesaleitaly.com wird gehostet von: &#8230;&#8230;&#8230;.<\/strong><\/p><h3><strong>2. OBJEKT<\/strong><\/h3><p>Der Zweck dieser Vereinbarung ist die Regelung der <strong>Allgemeinen Gesch\u00e4ftsbedingungen<\/strong>, die f\u00fcr den Reservierungsservice \u00fcber die Website www.housesaleitaly.com (auch &#8220;Plattform&#8221; genannt) gelten, die zu REAL ESTATE geh\u00f6rt, einer Agentur, die sich dem Verkauf von H\u00e4usern in Italien widmet.<\/p><h3><strong>3. BERECHTIGTE NUTZUNG DER WEBSITE UND DES INHALTS<\/strong><\/h3><p>Sie sind berechtigt, auf die Inhalte dieser Website zuzugreifen, wenn Sie sich strikt zu einer korrekten Nutzung in \u00dcbereinstimmung mit diesen Bedingungen verpflichten, insbesondere zu den gesetzlich gew\u00e4hrten Rechten an geistigem und gewerblichem Eigentum, die im entsprechenden Abschnitt dieses Artikels detailliert aufgef\u00fchrt sind und deren Nutzung in betr\u00fcgerischer Form, zu illegalen oder kommerziellen Zwecken ohne ausdr\u00fcckliche schriftliche Genehmigung des Eigent\u00fcmers ausdr\u00fccklich verboten ist. REAL ESTATE beh\u00e4lt sich das Recht vor, Nutzern, die gegen diese Bedingungen versto\u00dfen, jederzeit und ohne Vorank\u00fcndigung den Zugang zu ihrer Website und deren Inhalten zu verweigern. REAL ESTATE beh\u00e4lt sich das Recht vor, die Informationen auf www.housesaleitaly.com ganz oder teilweise zu l\u00f6schen oder auszusetzen, die Struktur und den Inhalt dieser Website ohne vorherige Ank\u00fcndigung zu \u00e4ndern und den Zugang zu diesen Informationen einzuschr\u00e4nken oder nicht zuzulassen. REAL ESTATE beh\u00e4lt sich das Recht vor, in \u00dcbereinstimmung mit den geltenden Gesetzen diese Bedingungen, die Datenschutzpolitik und die Cookie-Politik einseitig und ohne vorherige Ank\u00fcndigung zu \u00e4ndern, mit der alleinigen Verpflichtung, den Nutzer \u00fcber unsere Website http:\/\/housesaleitaly.com \u00fcber die vorgenommenen \u00c4nderungen zu informieren.<\/p><h3><strong>4. GEISTIGES EIGENTUM, REGELN UND VERBOTE<\/strong><\/h3><p>REAL ESTATE beh\u00e4lt sich alle Rechte an geistigem und gewerblichem Eigentum vor, die sich aus dieser Website ergeben, und verlangt f\u00fcr jede Aus\u00fcbung und Nutzung eine ausdr\u00fcckliche schriftliche Genehmigung von REAL ESTATE. Dieser Rechtsvorbehalt gilt sowohl f\u00fcr die Inhalte, die \u00fcber diese Website in jedem Format aufgenommen und verbreitet werden k\u00f6nnen, als auch f\u00fcr den Code, das Design und die Navigationsstruktur der Website. Sofern nicht anders angegeben, sind REAL ESTATE und\/oder ihre Lizenzgeber Inhaber der geistigen Eigentumsrechte f\u00fcr das gesamte Material auf REAL ESTATE. Alle geistigen Eigentumsrechte sind vorbehalten. Sie k\u00f6nnen die Seiten von https:\/\/housesaleitaly.com f\u00fcr Ihren pers\u00f6nlichen Gebrauch ansehen und\/oder ausdrucken, vorbehaltlich der in diesen Bedingungen und Konditionen festgelegten Einschr\u00e4nkungen. <strong>Das d\u00fcrfen Sie nicht:<\/strong><\/p><ul><li>Material von https:\/\/housesaleitaly.com wiederver\u00f6ffentlichen;<\/li><li>Material von https:\/\/housesaleitaly.com verkaufen, vermieten oder unterlizenzieren;<\/li><li>Material von https:\/\/housesaleitaly.com zu reproduzieren, zu vervielf\u00e4ltigen oder zu kopieren;<\/li><li>Inhalte von https:\/\/housesaleitaly.com weiterzugeben (es sei denn, die Inhalte sind ausdr\u00fccklich zur Weitergabe bestimmt);<\/li><li>Inhalte zu verbreiten, die kriminell, gewaltt\u00e4tig, pornografisch, rassistisch, fremdenfeindlich, beleidigend, terroristisch oder allgemein gegen das Gesetz oder die \u00f6ffentliche Ordnung gerichtet sind;<\/li><li>Computerviren in das Netzwerk einzuschleusen oder Handlungen vorzunehmen, die die elektronischen Dokumente, Daten oder physischen und logischen Systeme von REAL ESTATE oder Dritten ver\u00e4ndern, verderben, unterbrechen oder Fehler oder Sch\u00e4den verursachen k\u00f6nnten, sowie den Zugang anderer Nutzer zur Website und ihren Diensten zu behindern;<\/li><li>versuchen, auf gesch\u00fctzte Bereiche der Computersysteme von REAL ESTATE oder Dritten zuzugreifen und gegebenenfalls Informationen zu extrahieren;<\/li><li>die Identit\u00e4t eines anderen Benutzers, einer \u00f6ffentlichen Verwaltung oder einer dritten Partei vorzut\u00e4uschen;<\/li><li>Daten f\u00fcr Werbezwecke zu sammeln und Werbung jeglicher Art und Mitteilungen f\u00fcr den Verkauf oder andere kommerzielle Zwecke ohne vorherige Anfrage oder Zustimmung zu versenden.<\/li><\/ul><h3><strong>5. IFRAMES<\/strong><\/h3><p>Ohne vorherige Genehmigung und ausdr\u00fcckliche schriftliche Zustimmung d\u00fcrfen Sie keine Frames um unsere Webseiten erstellen oder andere Techniken verwenden, die die visuelle Darstellung oder das Erscheinungsbild unserer Website in irgendeiner Weise ver\u00e4ndern.<\/p><h3><strong>6. G\u00dcLTIGKEIT<\/strong><\/h3><p>Sollte eine Bestimmung oder ein Teil einer Bestimmung dieser Bekanntmachung f\u00fcr ung\u00fcltig erkl\u00e4rt werden, so ber\u00fchrt dies nicht die G\u00fcltigkeit der \u00fcbrigen Bestimmungen.<\/p>\t\t\t\t\t\t\t\t<\/div>\n\t\t\t\t<\/div>\n\t\t\t\t<\/div>\n\t\t\t\t<\/div>\n\t\t","protected":false},"excerpt":{"rendered":"<p>GESCH\u00c4FTSBEDINGUNGEN 1. ANGABEN ZUM UNTERNEHMEN In \u00dcbereinstimmung mit dem italienischen Gesetz Decreto Legislativo n. 196\/2003 und Artikel 13 der EU-Verordnung 2016\/679 wird der Nutzer dar\u00fcber informiert, dass das Eigentum an dieser Website bei GESCH\u00c4FTSNAME: &#8230;&#8230;&#8230;. MEHRWERTSTEUER-NUMMER: &#8230;&#8230;&#8230;. REA-NUMMER: &#8230;&#8230;&#8230;. ADRESSE: &#8230;&#8230;&#8230;. E-MAIL: &#8230;&#8230;&#8230;. PEC (ZERTIFIZIERTE E-MAIL): &#8230;&#8230;&#8230;. TELEFON: &#8230;&#8230;&#8230;. Die Website www.housesaleitaly.com wird gehostet von: &#8230;&#8230;&#8230;. 2. OBJEKT Der Zweck dieser Vereinbarung ist die Regelung der Allgemeinen Gesch\u00e4ftsbedingungen, die f\u00fcr den Reservierungsservice \u00fcber die Website www.housesaleitaly.com (auch &#8220;Plattform&#8221; genannt) gelten, die zu REAL ESTATE geh\u00f6rt, einer Agentur, die sich dem Verkauf von H\u00e4usern in Italien widmet. 3. BERECHTIGTE NUTZUNG DER WEBSITE UND DES INHALTS Sie sind berechtigt, auf die Inhalte dieser Website zuzugreifen, wenn Sie sich strikt zu einer korrekten Nutzung in \u00dcbereinstimmung mit diesen Bedingungen verpflichten, insbesondere zu den gesetzlich gew\u00e4hrten Rechten an geistigem und gewerblichem Eigentum, die im entsprechenden Abschnitt dieses Artikels detailliert aufgef\u00fchrt sind und deren Nutzung in betr\u00fcgerischer Form, zu illegalen oder kommerziellen Zwecken ohne ausdr\u00fcckliche schriftliche Genehmigung des Eigent\u00fcmers ausdr\u00fccklich verboten ist. REAL ESTATE beh\u00e4lt sich das Recht vor, Nutzern, die gegen diese Bedingungen versto\u00dfen, jederzeit und ohne Vorank\u00fcndigung den Zugang zu ihrer Website und deren Inhalten zu verweigern. REAL ESTATE beh\u00e4lt sich das Recht vor, die Informationen auf www.housesaleitaly.com ganz oder teilweise zu l\u00f6schen oder auszusetzen, die Struktur und den Inhalt dieser Website ohne vorherige Ank\u00fcndigung zu \u00e4ndern und den Zugang zu diesen Informationen einzuschr\u00e4nken oder nicht zuzulassen. REAL ESTATE beh\u00e4lt sich das Recht vor, in \u00dcbereinstimmung mit den geltenden Gesetzen diese Bedingungen, die Datenschutzpolitik und die Cookie-Politik einseitig und ohne vorherige Ank\u00fcndigung zu \u00e4ndern, mit der alleinigen Verpflichtung, den Nutzer \u00fcber unsere Website http:\/\/housesaleitaly.com \u00fcber die vorgenommenen \u00c4nderungen zu informieren. 4. GEISTIGES EIGENTUM, REGELN UND VERBOTE REAL ESTATE beh\u00e4lt sich alle Rechte an geistigem und gewerblichem Eigentum vor, die sich aus dieser Website ergeben, und verlangt f\u00fcr jede Aus\u00fcbung und Nutzung eine ausdr\u00fcckliche schriftliche Genehmigung von REAL ESTATE. Dieser Rechtsvorbehalt gilt sowohl f\u00fcr die Inhalte, die \u00fcber diese Website in jedem Format aufgenommen und verbreitet werden k\u00f6nnen, als auch f\u00fcr den Code, das Design und die Navigationsstruktur der Website. Sofern nicht anders angegeben, sind REAL ESTATE und\/oder ihre Lizenzgeber Inhaber der geistigen Eigentumsrechte f\u00fcr das gesamte Material auf REAL ESTATE. Alle geistigen Eigentumsrechte sind vorbehalten. Sie k\u00f6nnen die Seiten von https:\/\/housesaleitaly.com f\u00fcr Ihren pers\u00f6nlichen Gebrauch ansehen und\/oder ausdrucken, vorbehaltlich der in diesen Bedingungen und Konditionen festgelegten Einschr\u00e4nkungen. Das d\u00fcrfen Sie nicht: Material von https:\/\/housesaleitaly.com wiederver\u00f6ffentlichen; Material von https:\/\/housesaleitaly.com verkaufen, vermieten oder unterlizenzieren; Material von https:\/\/housesaleitaly.com zu reproduzieren, zu vervielf\u00e4ltigen oder zu kopieren; Inhalte von https:\/\/housesaleitaly.com weiterzugeben (es sei denn, die Inhalte sind ausdr\u00fccklich zur Weitergabe bestimmt); Inhalte zu verbreiten, die kriminell, gewaltt\u00e4tig, pornografisch, rassistisch, fremdenfeindlich, beleidigend, terroristisch oder allgemein gegen das Gesetz oder die \u00f6ffentliche Ordnung gerichtet sind; Computerviren in das Netzwerk einzuschleusen oder Handlungen vorzunehmen, die die elektronischen Dokumente, Daten oder physischen und logischen Systeme von REAL ESTATE oder Dritten ver\u00e4ndern, verderben, unterbrechen oder Fehler oder Sch\u00e4den verursachen k\u00f6nnten, sowie den Zugang anderer Nutzer zur Website und ihren Diensten zu behindern; versuchen, auf gesch\u00fctzte Bereiche der Computersysteme von REAL ESTATE oder Dritten zuzugreifen und gegebenenfalls Informationen zu extrahieren; die Identit\u00e4t eines anderen Benutzers, einer \u00f6ffentlichen Verwaltung oder einer dritten Partei vorzut\u00e4uschen; Daten f\u00fcr Werbezwecke zu sammeln und Werbung jeglicher Art und Mitteilungen f\u00fcr den Verkauf oder andere kommerzielle Zwecke ohne vorherige Anfrage oder Zustimmung zu versenden. 5. IFRAMES Ohne vorherige Genehmigung und ausdr\u00fcckliche schriftliche Zustimmung d\u00fcrfen Sie keine Frames um unsere Webseiten erstellen oder andere Techniken verwenden, die die visuelle Darstellung oder das Erscheinungsbild unserer Website in irgendeiner Weise ver\u00e4ndern. 6. G\u00dcLTIGKEIT Sollte eine Bestimmung oder ein Teil einer Bestimmung dieser Bekanntmachung f\u00fcr ung\u00fcltig erkl\u00e4rt werden, so ber\u00fchrt dies nicht die G\u00fcltigkeit der \u00fcbrigen Bestimmungen.<\/p>\n","protected":false},"author":1,"featured_media":0,"parent":0,"menu_order":0,"comment_status":"closed","ping_status":"closed","template":"elementor_header_footer","meta":{"footnotes":""},"class_list":["post-19754","page","type-page","status-publish","hentry"],"_links":{"self":[{"href":"https:\/\/housesaleitaly.com\/de\/wp-json\/wp\/v2\/pages\/19754","targetHints":{"allow":["GET"]}}],"collection":[{"href":"https:\/\/housesaleitaly.com\/de\/wp-json\/wp\/v2\/pages"}],"about":[{"href":"https:\/\/housesaleitaly.com\/de\/wp-json\/wp\/v2\/types\/page"}],"author":[{"embeddable":true,"href":"https:\/\/housesaleitaly.com\/de\/wp-json\/wp\/v2\/users\/1"}],"replies":[{"embeddable":true,"href":"https:\/\/housesaleitaly.com\/de\/wp-json\/wp\/v2\/comments?post=19754"}],"version-history":[{"count":3,"href":"https:\/\/housesaleitaly.com\/de\/wp-json\/wp\/v2\/pages\/19754\/revisions"}],"predecessor-version":[{"id":27649,"href":"https:\/\/housesaleitaly.com\/de\/wp-json\/wp\/v2\/pages\/19754\/revisions\/27649"}],"wp:attachment":[{"href":"https:\/\/housesaleitaly.com\/de\/wp-json\/wp\/v2\/media?parent=19754"}],"curies":[{"name":"wp","href":"https:\/\/api.w.org\/{rel}","templated":true}]}}